{"id":177,"date":"2024-09-25T14:57:36","date_gmt":"2024-09-25T17:57:36","guid":{"rendered":"http:\/\/localhost\/_mktminuto\/ebix\/site\/?page_id=177"},"modified":"2025-09-30T11:20:55","modified_gmt":"2025-09-30T14:20:55","slug":"ebix-life-exchange","status":"publish","type":"page","link":"https:\/\/www.ebixlatinamerica.com.br\/en\/ebix-life-exchange\/","title":{"rendered":"","raw":""},"content":{"rendered":"<h3 class=\"title title--xs\">Enable the sale of Pension Plans and Individual Life Insurance 100% Online<\/h3>\n<p>One of the major challenges for insurers and distribution channels of pension plans and individual life insurance is to simplify and streamline the commercialization process of these products.<\/p>\n<p>With higher operating costs, inefficiency in the process, and the need to reduce commercialization expenses, contracting a product that requires the bureaucracy of signing a document by the client can make the sale unfeasible.<\/p>\n<p>In addition, distribution channels are being restructured to gain more scale, and the need for good management of this structure is becoming increasingly complex.<\/p>\n<p>The Ebix Life Exchange platform is the first solution in the Brazilian market that allows the fully electronic contracting of life insurance and individual pension plans, with portability requests.<\/p>\n<p>The platform is more than a technological tool; it is a revolution in how your company can capture and manage new business. In this way, we ensure agility for the distributor and security for the insurer.<\/p>\n","protected":false,"raw":"<h3 class=\"title title--xs\">Enable the sale of Pension Plans and Individual Life Insurance 100% Online<\/h3>\r\n<p>One of the major challenges for insurers and distribution channels of pension plans and individual life insurance is to simplify and streamline the commercialization process of these products.<\/p>\r\n<p>With higher operating costs, inefficiency in the process, and the need to reduce commercialization expenses, contracting a product that requires the bureaucracy of signing a document by the client can make the sale unfeasible.<\/p>\r\n<p>In addition, distribution channels are being restructured to gain more scale, and the need for good management of this structure is becoming increasingly complex.<\/p>\r\n<p>The Ebix Life Exchange platform is the first solution in the Brazilian market that allows the fully electronic contracting of life insurance and individual pension plans, with portability requests.<\/p>\r\n<p>The platform is more than a technological tool; it is a revolution in how your company can capture and manage new business. In this way, we ensure agility for the distributor and security for the insurer.<\/p>"},"excerpt":{"rendered":"","protected":false,"raw":""},"author":2,"featured_media":259,"parent":0,"menu_order":0,"comment_status":"closed","ping_status":"closed","template":"page-para-seguradoras.php","meta":{"_pt_post_content":"<!-- wp:heading {\"level\":3,\"className\":\"title title\\u002d\\u002dxs\"} -->\r\n<h3 class=\"wp-block-heading title title--xs\">Viabilize a venda de Planos de Previd\u00eancia e Seguros de Vida Individuais 100% Online<\/h3>\r\n<!-- \/wp:heading -->\r\n\r\n<!-- wp:paragraph -->\r\n<p>Um dos grandes desafios das seguradoras e canais de distribui\u00e7\u00e3o de planos de previd\u00eancia e seguro de vida individuais \u00e9 simplificar racionalizar o processo de comercializa\u00e7\u00e3o destes produtos.<\/p>\r\n<!-- \/wp:paragraph -->\r\n\r\n<!-- wp:paragraph -->\r\n<p>Com custos operacionais mais altos, inefici\u00eancia no processo e necessidade de redu\u00e7\u00e3o de despesas de comercializa\u00e7\u00e3o, contratar um produto que exige a burocracia de assinatura de um documento pelo cliente, pode inviabilizar a venda.<\/p>\r\n<!-- \/wp:paragraph -->\r\n\r\n<!-- wp:paragraph -->\r\n<p>Al\u00e9m disso, os canais de distribui\u00e7\u00e3o est\u00e3o se reestruturando para ganhar mais escala e a necessidade de uma boa gest\u00e3o dessa estrutura se torna cada vez mais complexa.<\/p>\r\n<!-- \/wp:paragraph -->\r\n\r\n<!-- wp:paragraph -->\r\n<p>A plataforma Ebix Life Exchange \u00e9 a primeira solu\u00e7\u00e3o no mercado brasileiro que permite a contrata\u00e7\u00e3o totalmente eletr\u00f4nica de seguros de vida e planos de previd\u00eancia individuais, com pedidos de portabilidade.<\/p>\r\n<!-- \/wp:paragraph -->\r\n\r\n<!-- wp:paragraph -->\r\n<p>A plataforma \u00e9 mais do que uma ferramenta tecnol\u00f3gica; \u00e9 uma revolu\u00e7\u00e3o na forma como sua empresa pode capturar e gerenciar novos neg\u00f3cios, dessa forma, garantimos agilidade ao distribuidor e seguran\u00e7a para a seguradora.<\/p>\r\n<!-- \/wp:paragraph -->","_pt_post_name":"ebix-life-exchange","_pt_post_excerpt":"","_pt_post_title":"Ebix Life Exchange","_es_post_content":"<!-- wp:heading {\"level\":3} -->\r\n<h3 class=\"wp-block-heading\">Viabilice la venta de Planes de Pensiones y Seguros de Vida Individuales 100% Online<\/h3>\r\n<!-- \/wp:heading -->\r\n\r\n<!-- wp:paragraph -->\r\n<p>Uno de los grandes desaf\u00edos para las aseguradoras y los canales de distribuci\u00f3n de planes de pensiones y seguros de vida individuales es simplificar y racionalizar el proceso de comercializaci\u00f3n de estos productos.<\/p>\r\n<!-- \/wp:paragraph -->\r\n\r\n<!-- wp:paragraph -->\r\n<p>Con altos costos operativos, ineficiencia en el proceso y la necesidad de reducir gastos de comercializaci\u00f3n, contratar un producto que requiere la firma burocr\u00e1tica de un documento por parte del cliente puede hacer inviable la venta.<\/p>\r\n<!-- \/wp:paragraph -->\r\n\r\n<!-- wp:paragraph -->\r\n<p>Adem\u00e1s, los canales de distribuci\u00f3n se est\u00e1n reestructurando para ganar m\u00e1s escala, lo que hace que la gesti\u00f3n de esta estructura sea cada vez m\u00e1s compleja.<\/p>\r\n<!-- \/wp:paragraph -->\r\n\r\n<!-- wp:paragraph -->\r\n<p>La plataforma Ebix Life Exchange es la primera soluci\u00f3n en el mercado brasile\u00f1o que permite la contrataci\u00f3n totalmente electr\u00f3nica de seguros de vida y planes de pensiones individuales, incluyendo solicitudes de portabilidad.<\/p>\r\n<!-- \/wp:paragraph -->\r\n\r\n<!-- wp:paragraph -->\r\n<p>La plataforma es m\u00e1s que una herramienta tecnol\u00f3gica; es una revoluci\u00f3n en la forma en que su empresa puede captar y gestionar nuevos negocios, garantizando agilidad para el distribuidor y seguridad para la aseguradora.<\/p>\r\n<!-- \/wp:paragraph -->","_es_post_name":"ebix-life-exchange","_es_post_excerpt":"","_es_post_title":"","_en_post_content":"<h3 class=\"title title--xs\">Enable the sale of Pension Plans and Individual Life Insurance 100% Online<\/h3>\r\n<p>One of the major challenges for insurers and distribution channels of pension plans and individual life insurance is to simplify and streamline the commercialization process of these products.<\/p>\r\n<p>With higher operating costs, inefficiency in the process, and the need to reduce commercialization expenses, contracting a product that requires the bureaucracy of signing a document by the client can make the sale unfeasible.<\/p>\r\n<p>In addition, distribution channels are being restructured to gain more scale, and the need for good management of this structure is becoming increasingly complex.<\/p>\r\n<p>The Ebix Life Exchange platform is the first solution in the Brazilian market that allows the fully electronic contracting of life insurance and individual pension plans, with portability requests.<\/p>\r\n<p>The platform is more than a technological tool; it is a revolution in how your company can capture and manage new business. In this way, we ensure agility for the distributor and security for the insurer.<\/p>","_en_post_name":"ebix-life-exchange","_en_post_excerpt":"","_en_post_title":"","edit_language":"en","footnotes":""},"class_list":["post-177","page","type-page","status-publish","has-post-thumbnail","hentry"],"acf":[],"yoast_head":"<!-- This site is optimized with the Yoast SEO plugin v26.1.1 - https:\/\/yoast.com\/wordpress\/plugins\/seo\/ -->\n<title>Ebix Life Exchange - EBIX Latin America<\/title>\n<meta name=\"robots\" content=\"index, follow, max-snippet:-1, max-image-preview:large, max-video-preview:-1\" \/>\n<link rel=\"canonical\" href=\"https:\/\/www.ebixlatinamerica.com.br\/ebix-life-exchange\/\" \/>\n<meta property=\"og:locale\" content=\"en_US\" \/>\n<meta property=\"og:type\" content=\"article\" \/>\n<meta property=\"og:title\" content=\"Ebix Life Exchange - EBIX Latin America\" \/>\n<meta property=\"og:description\" content=\"Viabilize a venda de Planos de Previd\u00eancia e Seguros de Vida Individuais 100% Online Um dos grandes desafios das seguradoras e canais de distribui\u00e7\u00e3o de planos de previd\u00eancia e seguro de vida individuais \u00e9 simplificar racionalizar o processo de comercializa\u00e7\u00e3o destes produtos. Com custos operacionais mais altos, inefici\u00eancia no processo e necessidade de redu\u00e7\u00e3o de &hellip; Continued\" \/>\n<meta property=\"og:url\" content=\"https:\/\/www.ebixlatinamerica.com.br\/ebix-life-exchange\/\" \/>\n<meta property=\"og:site_name\" content=\"EBIX Latin America\" \/>\n<meta property=\"article:modified_time\" content=\"2025-09-30T14:20:55+00:00\" \/>\n<meta property=\"og:image\" content=\"https:\/\/www.ebixlatinamerica.com.br\/wp-content\/uploads\/2024\/09\/ebix-exchange-art.png\" \/>\n\t<meta property=\"og:image:width\" content=\"467\" \/>\n\t<meta property=\"og:image:height\" content=\"602\" \/>\n\t<meta property=\"og:image:type\" content=\"image\/png\" \/>\n<meta name=\"twitter:card\" content=\"summary_large_image\" \/>\n<meta name=\"twitter:site\" content=\"@EbixLatam\" \/>\n<meta name=\"twitter:label1\" content=\"Est. reading time\" \/>\n\t<meta name=\"twitter:data1\" content=\"2 minutes\" \/>\n<script type=\"application\/ld+json\" class=\"yoast-schema-graph\">{\"@context\":\"https:\/\/schema.org\",\"@graph\":[{\"@type\":\"WebPage\",\"@id\":\"https:\/\/www.ebixlatinamerica.com.br\/ebix-life-exchange\/\",\"url\":\"https:\/\/www.ebixlatinamerica.com.br\/ebix-life-exchange\/\",\"name\":\"Ebix Life Exchange - EBIX Latin America\",\"isPartOf\":{\"@id\":\"https:\/\/www.ebixlatinamerica.com.br\/#website\"},\"primaryImageOfPage\":{\"@id\":\"https:\/\/www.ebixlatinamerica.com.br\/ebix-life-exchange\/#primaryimage\"},\"image\":{\"@id\":\"https:\/\/www.ebixlatinamerica.com.br\/ebix-life-exchange\/#primaryimage\"},\"thumbnailUrl\":\"https:\/\/www.ebixlatinamerica.com.br\/wp-content\/uploads\/2024\/09\/ebix-exchange-art.png\",\"datePublished\":\"2024-09-25T17:57:36+00:00\",\"dateModified\":\"2025-09-30T14:20:55+00:00\",\"breadcrumb\":{\"@id\":\"https:\/\/www.ebixlatinamerica.com.br\/ebix-life-exchange\/#breadcrumb\"},\"inLanguage\":\"en\",\"potentialAction\":[{\"@type\":\"ReadAction\",\"target\":[\"https:\/\/www.ebixlatinamerica.com.br\/ebix-life-exchange\/\"]}]},{\"@type\":\"ImageObject\",\"inLanguage\":\"en\",\"@id\":\"https:\/\/www.ebixlatinamerica.com.br\/ebix-life-exchange\/#primaryimage\",\"url\":\"https:\/\/www.ebixlatinamerica.com.br\/wp-content\/uploads\/2024\/09\/ebix-exchange-art.png\",\"contentUrl\":\"https:\/\/www.ebixlatinamerica.com.br\/wp-content\/uploads\/2024\/09\/ebix-exchange-art.png\",\"width\":467,\"height\":602},{\"@type\":\"BreadcrumbList\",\"@id\":\"https:\/\/www.ebixlatinamerica.com.br\/ebix-life-exchange\/#breadcrumb\",\"itemListElement\":[{\"@type\":\"ListItem\",\"position\":1,\"name\":\"In\u00edcio\",\"item\":\"https:\/\/www.ebixlatinamerica.com.br\/\"},{\"@type\":\"ListItem\",\"position\":2,\"name\":\"Ebix Life Exchange\"}]},{\"@type\":\"WebSite\",\"@id\":\"https:\/\/www.ebixlatinamerica.com.br\/#website\",\"url\":\"https:\/\/www.ebixlatinamerica.com.br\/\",\"name\":\"EBIX Latin America\",\"description\":\"L\u00edder mundial em preodutos e servi\u00e7os de TI para Seguros\",\"publisher\":{\"@id\":\"https:\/\/www.ebixlatinamerica.com.br\/#organization\"},\"alternateName\":\"EBIX\",\"potentialAction\":[{\"@type\":\"SearchAction\",\"target\":{\"@type\":\"EntryPoint\",\"urlTemplate\":\"https:\/\/www.ebixlatinamerica.com.br\/?s={search_term_string}\"},\"query-input\":{\"@type\":\"PropertyValueSpecification\",\"valueRequired\":true,\"valueName\":\"search_term_string\"}}],\"inLanguage\":\"en\"},{\"@type\":\"Organization\",\"@id\":\"https:\/\/www.ebixlatinamerica.com.br\/#organization\",\"name\":\"EBIX Latin America\",\"alternateName\":\"EBIX\",\"url\":\"https:\/\/www.ebixlatinamerica.com.br\/\",\"logo\":{\"@type\":\"ImageObject\",\"inLanguage\":\"en\",\"@id\":\"https:\/\/www.ebixlatinamerica.com.br\/#\/schema\/logo\/image\/\",\"url\":\"https:\/\/www.engagemarketing.com.br\/homologacao\/ebix\/wp-content\/uploads\/2024\/09\/seo-696.jpg\",\"contentUrl\":\"https:\/\/www.engagemarketing.com.br\/homologacao\/ebix\/wp-content\/uploads\/2024\/09\/seo-696.jpg\",\"width\":696,\"height\":696,\"caption\":\"EBIX Latin America\"},\"image\":{\"@id\":\"https:\/\/www.ebixlatinamerica.com.br\/#\/schema\/logo\/image\/\"},\"sameAs\":[\"https:\/\/x.com\/EbixLatam\",\"http:\/\/instagram.com\/EbixLata\",\"https:\/\/www.linkedin.com\/company\/ebix-latin-america\/\"]}]}<\/script>\n<!-- \/ Yoast SEO plugin. -->","yoast_head_json":{"title":"Ebix Life Exchange - EBIX Latin America","robots":{"index":"index","follow":"follow","max-snippet":"max-snippet:-1","max-image-preview":"max-image-preview:large","max-video-preview":"max-video-preview:-1"},"canonical":"https:\/\/www.ebixlatinamerica.com.br\/ebix-life-exchange\/","og_locale":"en_US","og_type":"article","og_title":"Ebix Life Exchange - EBIX Latin America","og_description":"Viabilize a venda de Planos de Previd\u00eancia e Seguros de Vida Individuais 100% Online Um dos grandes desafios das seguradoras e canais de distribui\u00e7\u00e3o de planos de previd\u00eancia e seguro de vida individuais \u00e9 simplificar racionalizar o processo de comercializa\u00e7\u00e3o destes produtos. Com custos operacionais mais altos, inefici\u00eancia no processo e necessidade de redu\u00e7\u00e3o de &hellip; Continued","og_url":"https:\/\/www.ebixlatinamerica.com.br\/ebix-life-exchange\/","og_site_name":"EBIX Latin America","article_modified_time":"2025-09-30T14:20:55+00:00","og_image":[{"width":467,"height":602,"url":"https:\/\/www.ebixlatinamerica.com.br\/wp-content\/uploads\/2024\/09\/ebix-exchange-art.png","type":"image\/png"}],"twitter_card":"summary_large_image","twitter_site":"@EbixLatam","twitter_misc":{"Est. reading time":"2 minutes"},"schema":{"@context":"https:\/\/schema.org","@graph":[{"@type":"WebPage","@id":"https:\/\/www.ebixlatinamerica.com.br\/ebix-life-exchange\/","url":"https:\/\/www.ebixlatinamerica.com.br\/ebix-life-exchange\/","name":"Ebix Life Exchange - EBIX Latin America","isPartOf":{"@id":"https:\/\/www.ebixlatinamerica.com.br\/#website"},"primaryImageOfPage":{"@id":"https:\/\/www.ebixlatinamerica.com.br\/ebix-life-exchange\/#primaryimage"},"image":{"@id":"https:\/\/www.ebixlatinamerica.com.br\/ebix-life-exchange\/#primaryimage"},"thumbnailUrl":"https:\/\/www.ebixlatinamerica.com.br\/wp-content\/uploads\/2024\/09\/ebix-exchange-art.png","datePublished":"2024-09-25T17:57:36+00:00","dateModified":"2025-09-30T14:20:55+00:00","breadcrumb":{"@id":"https:\/\/www.ebixlatinamerica.com.br\/ebix-life-exchange\/#breadcrumb"},"inLanguage":"en","potentialAction":[{"@type":"ReadAction","target":["https:\/\/www.ebixlatinamerica.com.br\/ebix-life-exchange\/"]}]},{"@type":"ImageObject","inLanguage":"en","@id":"https:\/\/www.ebixlatinamerica.com.br\/ebix-life-exchange\/#primaryimage","url":"https:\/\/www.ebixlatinamerica.com.br\/wp-content\/uploads\/2024\/09\/ebix-exchange-art.png","contentUrl":"https:\/\/www.ebixlatinamerica.com.br\/wp-content\/uploads\/2024\/09\/ebix-exchange-art.png","width":467,"height":602},{"@type":"BreadcrumbList","@id":"https:\/\/www.ebixlatinamerica.com.br\/ebix-life-exchange\/#breadcrumb","itemListElement":[{"@type":"ListItem","position":1,"name":"In\u00edcio","item":"https:\/\/www.ebixlatinamerica.com.br\/"},{"@type":"ListItem","position":2,"name":"Ebix Life Exchange"}]},{"@type":"WebSite","@id":"https:\/\/www.ebixlatinamerica.com.br\/#website","url":"https:\/\/www.ebixlatinamerica.com.br\/","name":"EBIX Latin America","description":"L\u00edder mundial em preodutos e servi\u00e7os de TI para Seguros","publisher":{"@id":"https:\/\/www.ebixlatinamerica.com.br\/#organization"},"alternateName":"EBIX","potentialAction":[{"@type":"SearchAction","target":{"@type":"EntryPoint","urlTemplate":"https:\/\/www.ebixlatinamerica.com.br\/?s={search_term_string}"},"query-input":{"@type":"PropertyValueSpecification","valueRequired":true,"valueName":"search_term_string"}}],"inLanguage":"en"},{"@type":"Organization","@id":"https:\/\/www.ebixlatinamerica.com.br\/#organization","name":"EBIX Latin America","alternateName":"EBIX","url":"https:\/\/www.ebixlatinamerica.com.br\/","logo":{"@type":"ImageObject","inLanguage":"en","@id":"https:\/\/www.ebixlatinamerica.com.br\/#\/schema\/logo\/image\/","url":"https:\/\/www.engagemarketing.com.br\/homologacao\/ebix\/wp-content\/uploads\/2024\/09\/seo-696.jpg","contentUrl":"https:\/\/www.engagemarketing.com.br\/homologacao\/ebix\/wp-content\/uploads\/2024\/09\/seo-696.jpg","width":696,"height":696,"caption":"EBIX Latin America"},"image":{"@id":"https:\/\/www.ebixlatinamerica.com.br\/#\/schema\/logo\/image\/"},"sameAs":["https:\/\/x.com\/EbixLatam","http:\/\/instagram.com\/EbixLata","https:\/\/www.linkedin.com\/company\/ebix-latin-america\/"]}]}},"_links":{"self":[{"href":"https:\/\/www.ebixlatinamerica.com.br\/en\/wp-json\/wp\/v2\/pages\/177","targetHints":{"allow":["GET"]}}],"collection":[{"href":"https:\/\/www.ebixlatinamerica.com.br\/en\/wp-json\/wp\/v2\/pages"}],"about":[{"href":"https:\/\/www.ebixlatinamerica.com.br\/en\/wp-json\/wp\/v2\/types\/page"}],"author":[{"embeddable":true,"href":"https:\/\/www.ebixlatinamerica.com.br\/en\/wp-json\/wp\/v2\/users\/2"}],"replies":[{"embeddable":true,"href":"https:\/\/www.ebixlatinamerica.com.br\/en\/wp-json\/wp\/v2\/comments?post=177"}],"version-history":[{"count":32,"href":"https:\/\/www.ebixlatinamerica.com.br\/en\/wp-json\/wp\/v2\/pages\/177\/revisions"}],"predecessor-version":[{"id":914,"href":"https:\/\/www.ebixlatinamerica.com.br\/en\/wp-json\/wp\/v2\/pages\/177\/revisions\/914"}],"wp:featuredmedia":[{"embeddable":true,"href":"https:\/\/www.ebixlatinamerica.com.br\/en\/wp-json\/wp\/v2\/media\/259"}],"wp:attachment":[{"href":"https:\/\/www.ebixlatinamerica.com.br\/en\/wp-json\/wp\/v2\/media?parent=177"}],"curies":[{"name":"wp","href":"https:\/\/api.w.org\/{rel}","templated":true}]}}