{"id":880,"date":"2025-09-16T14:42:06","date_gmt":"2025-09-16T17:42:06","guid":{"rendered":"https:\/\/engagemarketing.com.br\/homologacao\/ebix_v2\/?page_id=880"},"modified":"2025-10-01T09:23:28","modified_gmt":"2025-10-01T12:23:28","slug":"broker-portal","status":"publish","type":"page","link":"https:\/\/www.ebixlatinamerica.com.br\/en\/broker-portal\/","title":{"rendered":"Broker Portal","raw":"Broker Portal"},"content":{"rendered":"<p>A portal designed with a strategic management focus for Insurance Brokers and Agencies, bringing full centralization and consolidation of their clients\u2019 and users\u2019 portfolios.<\/p>\n<p>We have launched a portal with the flexibility to connect to a wide variety of operational and sales systems used by Brokers and Insurers, enabling them to monitor production performance and accelerate sales \u2014 all in a single environment.<\/p>\n","protected":false,"raw":"A portal designed with a strategic management focus for Insurance Brokers and Agencies, bringing full centralization and consolidation of their clients\u2019 and users\u2019 portfolios.\r\n\r\nWe have launched a portal with the flexibility to connect to a wide variety of operational and sales systems used by Brokers and Insurers, enabling them to monitor production performance and accelerate sales \u2014 all in a single environment."},"excerpt":{"rendered":"","protected":false,"raw":""},"author":2,"featured_media":951,"parent":0,"menu_order":0,"comment_status":"closed","ping_status":"closed","template":"page-para-seguradoras.php","meta":{"_pt_post_content":"Portal com foco na gest\u00e3o estrat\u00e9gica para Corretoras ou Assessorias de Seguros, trazendo toda a centraliza\u00e7\u00e3o e consolida\u00e7\u00e3o da carteira de seus clientes e usu\u00e1rios.\r\n\r\nLan\u00e7amos um portal com flexibilidade para se conectar com os mais diversos sistemas operacionais e de vendas das Corretoras e Seguradoras, para que possam em um \u00fanico ambiente acompanhar a evolu\u00e7\u00e3o da sua produ\u00e7\u00e3o e acelerar suas vendas.","_pt_post_name":"portal-de-corretores","_pt_post_excerpt":"","_pt_post_title":"Portal de Corretores","_es_post_content":"Un portal dise\u00f1ado con un enfoque en la gesti\u00f3n estrat\u00e9gica para Corredores y Asesor\u00edas de Seguros, que permite la centralizaci\u00f3n y consolidaci\u00f3n total de las carteras de clientes y usuarios.\r\n\r\nHemos lanzado un portal con la flexibilidad para conectarse a una amplia variedad de sistemas operativos y de ventas utilizados por Corredores y Aseguradoras, lo que les permite monitorear el desempe\u00f1o de la producci\u00f3n y acelerar las ventas, todo en un \u00fanico entorno.","_es_post_name":"portal-de-corredores","_es_post_excerpt":"","_es_post_title":"Portal de Corredores","_en_post_content":"A portal designed with a strategic management focus for Insurance Brokers and Agencies, bringing full centralization and consolidation of their clients\u2019 and users\u2019 portfolios.\r\n\r\nWe have launched a portal with the flexibility to connect to a wide variety of operational and sales systems used by Brokers and Insurers, enabling them to monitor production performance and accelerate sales \u2014 all in a single environment.","_en_post_name":"broker-portal","_en_post_excerpt":"","_en_post_title":"Broker Portal","edit_language":"en","footnotes":""},"class_list":["post-880","page","type-page","status-publish","has-post-thumbnail","hentry"],"acf":[],"yoast_head":"<!-- This site is optimized with the Yoast SEO plugin v27.3 - https:\/\/yoast.com\/product\/yoast-seo-wordpress\/ -->\n<title>Portal de Corretores - EBIX Latin America<\/title>\n<meta name=\"robots\" content=\"index, follow, max-snippet:-1, max-image-preview:large, max-video-preview:-1\" \/>\n<link rel=\"canonical\" href=\"https:\/\/www.ebixlatinamerica.com.br\/portal-de-corretores\/\" \/>\n<meta property=\"og:locale\" content=\"en_US\" \/>\n<meta property=\"og:type\" content=\"article\" \/>\n<meta property=\"og:title\" content=\"Portal de Corretores - EBIX Latin America\" \/>\n<meta property=\"og:description\" content=\"A portal designed with a strategic management focus for Insurance Brokers and Agencies, bringing full centralization and consolidation of their clients\u2019 and users\u2019 portfolios. We have launched a portal with the flexibility to connect to a wide variety of operational and sales systems used by Brokers and Insurers, enabling them to monitor production performance and &hellip; Continued\" \/>\n<meta property=\"og:url\" content=\"https:\/\/www.ebixlatinamerica.com.br\/portal-de-corretores\/\" \/>\n<meta property=\"og:site_name\" content=\"EBIX Latin America\" \/>\n<meta property=\"article:modified_time\" content=\"2025-10-01T12:23:28+00:00\" \/>\n<meta property=\"og:image\" content=\"https:\/\/www.ebixlatinamerica.com.br\/wp-content\/uploads\/2025\/10\/portal-corretores-cover-xs.png\" \/>\n\t<meta property=\"og:image:width\" content=\"467\" \/>\n\t<meta property=\"og:image:height\" content=\"433\" \/>\n\t<meta property=\"og:image:type\" content=\"image\/png\" \/>\n<meta name=\"twitter:card\" content=\"summary_large_image\" \/>\n<meta name=\"twitter:site\" content=\"@EbixLatam\" \/>\n<meta name=\"twitter:label1\" content=\"Est. reading time\" \/>\n\t<meta name=\"twitter:data1\" content=\"1 minute\" \/>\n<script type=\"application\/ld+json\" class=\"yoast-schema-graph\">{\"@context\":\"https:\\\/\\\/schema.org\",\"@graph\":[{\"@type\":\"WebPage\",\"@id\":\"https:\\\/\\\/www.ebixlatinamerica.com.br\\\/portal-de-corretores\\\/\",\"url\":\"https:\\\/\\\/www.ebixlatinamerica.com.br\\\/portal-de-corretores\\\/\",\"name\":\"Portal de Corretores - EBIX Latin America\",\"isPartOf\":{\"@id\":\"https:\\\/\\\/www.ebixlatinamerica.com.br\\\/#website\"},\"primaryImageOfPage\":{\"@id\":\"https:\\\/\\\/www.ebixlatinamerica.com.br\\\/portal-de-corretores\\\/#primaryimage\"},\"image\":{\"@id\":\"https:\\\/\\\/www.ebixlatinamerica.com.br\\\/portal-de-corretores\\\/#primaryimage\"},\"thumbnailUrl\":\"https:\\\/\\\/www.ebixlatinamerica.com.br\\\/wp-content\\\/uploads\\\/2025\\\/10\\\/portal-corretores-cover-xs.png\",\"datePublished\":\"2025-09-16T17:42:06+00:00\",\"dateModified\":\"2025-10-01T12:23:28+00:00\",\"breadcrumb\":{\"@id\":\"https:\\\/\\\/www.ebixlatinamerica.com.br\\\/portal-de-corretores\\\/#breadcrumb\"},\"inLanguage\":\"en\",\"potentialAction\":[{\"@type\":\"ReadAction\",\"target\":[\"https:\\\/\\\/www.ebixlatinamerica.com.br\\\/portal-de-corretores\\\/\"]}]},{\"@type\":\"ImageObject\",\"inLanguage\":\"en\",\"@id\":\"https:\\\/\\\/www.ebixlatinamerica.com.br\\\/portal-de-corretores\\\/#primaryimage\",\"url\":\"https:\\\/\\\/www.ebixlatinamerica.com.br\\\/wp-content\\\/uploads\\\/2025\\\/10\\\/portal-corretores-cover-xs.png\",\"contentUrl\":\"https:\\\/\\\/www.ebixlatinamerica.com.br\\\/wp-content\\\/uploads\\\/2025\\\/10\\\/portal-corretores-cover-xs.png\",\"width\":467,\"height\":433},{\"@type\":\"BreadcrumbList\",\"@id\":\"https:\\\/\\\/www.ebixlatinamerica.com.br\\\/portal-de-corretores\\\/#breadcrumb\",\"itemListElement\":[{\"@type\":\"ListItem\",\"position\":1,\"name\":\"In\u00edcio\",\"item\":\"https:\\\/\\\/www.ebixlatinamerica.com.br\\\/\"},{\"@type\":\"ListItem\",\"position\":2,\"name\":\"Portal de Corretores\"}]},{\"@type\":\"WebSite\",\"@id\":\"https:\\\/\\\/www.ebixlatinamerica.com.br\\\/#website\",\"url\":\"https:\\\/\\\/www.ebixlatinamerica.com.br\\\/\",\"name\":\"EBIX Latin America\",\"description\":\"L\u00edder mundial em preodutos e servi\u00e7os de TI para Seguros\",\"publisher\":{\"@id\":\"https:\\\/\\\/www.ebixlatinamerica.com.br\\\/#organization\"},\"alternateName\":\"EBIX\",\"potentialAction\":[{\"@type\":\"SearchAction\",\"target\":{\"@type\":\"EntryPoint\",\"urlTemplate\":\"https:\\\/\\\/www.ebixlatinamerica.com.br\\\/?s={search_term_string}\"},\"query-input\":{\"@type\":\"PropertyValueSpecification\",\"valueRequired\":true,\"valueName\":\"search_term_string\"}}],\"inLanguage\":\"en\"},{\"@type\":\"Organization\",\"@id\":\"https:\\\/\\\/www.ebixlatinamerica.com.br\\\/#organization\",\"name\":\"EBIX Latin America\",\"alternateName\":\"EBIX\",\"url\":\"https:\\\/\\\/www.ebixlatinamerica.com.br\\\/\",\"logo\":{\"@type\":\"ImageObject\",\"inLanguage\":\"en\",\"@id\":\"https:\\\/\\\/www.ebixlatinamerica.com.br\\\/#\\\/schema\\\/logo\\\/image\\\/\",\"url\":\"https:\\\/\\\/www.engagemarketing.com.br\\\/homologacao\\\/ebix\\\/wp-content\\\/uploads\\\/2024\\\/09\\\/seo-696.jpg\",\"contentUrl\":\"https:\\\/\\\/www.engagemarketing.com.br\\\/homologacao\\\/ebix\\\/wp-content\\\/uploads\\\/2024\\\/09\\\/seo-696.jpg\",\"width\":696,\"height\":696,\"caption\":\"EBIX Latin America\"},\"image\":{\"@id\":\"https:\\\/\\\/www.ebixlatinamerica.com.br\\\/#\\\/schema\\\/logo\\\/image\\\/\"},\"sameAs\":[\"https:\\\/\\\/x.com\\\/EbixLatam\",\"http:\\\/\\\/instagram.com\\\/EbixLata\",\"https:\\\/\\\/www.linkedin.com\\\/company\\\/ebix-latin-america\\\/\"]}]}<\/script>\n<!-- \/ Yoast SEO plugin. -->","yoast_head_json":{"title":"Portal de Corretores - EBIX Latin America","robots":{"index":"index","follow":"follow","max-snippet":"max-snippet:-1","max-image-preview":"max-image-preview:large","max-video-preview":"max-video-preview:-1"},"canonical":"https:\/\/www.ebixlatinamerica.com.br\/portal-de-corretores\/","og_locale":"en_US","og_type":"article","og_title":"Portal de Corretores - EBIX Latin America","og_description":"A portal designed with a strategic management focus for Insurance Brokers and Agencies, bringing full centralization and consolidation of their clients\u2019 and users\u2019 portfolios. We have launched a portal with the flexibility to connect to a wide variety of operational and sales systems used by Brokers and Insurers, enabling them to monitor production performance and &hellip; Continued","og_url":"https:\/\/www.ebixlatinamerica.com.br\/portal-de-corretores\/","og_site_name":"EBIX Latin America","article_modified_time":"2025-10-01T12:23:28+00:00","og_image":[{"width":467,"height":433,"url":"https:\/\/www.ebixlatinamerica.com.br\/wp-content\/uploads\/2025\/10\/portal-corretores-cover-xs.png","type":"image\/png"}],"twitter_card":"summary_large_image","twitter_site":"@EbixLatam","twitter_misc":{"Est. reading time":"1 minute"},"schema":{"@context":"https:\/\/schema.org","@graph":[{"@type":"WebPage","@id":"https:\/\/www.ebixlatinamerica.com.br\/portal-de-corretores\/","url":"https:\/\/www.ebixlatinamerica.com.br\/portal-de-corretores\/","name":"Portal de Corretores - EBIX Latin America","isPartOf":{"@id":"https:\/\/www.ebixlatinamerica.com.br\/#website"},"primaryImageOfPage":{"@id":"https:\/\/www.ebixlatinamerica.com.br\/portal-de-corretores\/#primaryimage"},"image":{"@id":"https:\/\/www.ebixlatinamerica.com.br\/portal-de-corretores\/#primaryimage"},"thumbnailUrl":"https:\/\/www.ebixlatinamerica.com.br\/wp-content\/uploads\/2025\/10\/portal-corretores-cover-xs.png","datePublished":"2025-09-16T17:42:06+00:00","dateModified":"2025-10-01T12:23:28+00:00","breadcrumb":{"@id":"https:\/\/www.ebixlatinamerica.com.br\/portal-de-corretores\/#breadcrumb"},"inLanguage":"en","potentialAction":[{"@type":"ReadAction","target":["https:\/\/www.ebixlatinamerica.com.br\/portal-de-corretores\/"]}]},{"@type":"ImageObject","inLanguage":"en","@id":"https:\/\/www.ebixlatinamerica.com.br\/portal-de-corretores\/#primaryimage","url":"https:\/\/www.ebixlatinamerica.com.br\/wp-content\/uploads\/2025\/10\/portal-corretores-cover-xs.png","contentUrl":"https:\/\/www.ebixlatinamerica.com.br\/wp-content\/uploads\/2025\/10\/portal-corretores-cover-xs.png","width":467,"height":433},{"@type":"BreadcrumbList","@id":"https:\/\/www.ebixlatinamerica.com.br\/portal-de-corretores\/#breadcrumb","itemListElement":[{"@type":"ListItem","position":1,"name":"In\u00edcio","item":"https:\/\/www.ebixlatinamerica.com.br\/"},{"@type":"ListItem","position":2,"name":"Portal de Corretores"}]},{"@type":"WebSite","@id":"https:\/\/www.ebixlatinamerica.com.br\/#website","url":"https:\/\/www.ebixlatinamerica.com.br\/","name":"EBIX Latin America","description":"L\u00edder mundial em preodutos e servi\u00e7os de TI para Seguros","publisher":{"@id":"https:\/\/www.ebixlatinamerica.com.br\/#organization"},"alternateName":"EBIX","potentialAction":[{"@type":"SearchAction","target":{"@type":"EntryPoint","urlTemplate":"https:\/\/www.ebixlatinamerica.com.br\/?s={search_term_string}"},"query-input":{"@type":"PropertyValueSpecification","valueRequired":true,"valueName":"search_term_string"}}],"inLanguage":"en"},{"@type":"Organization","@id":"https:\/\/www.ebixlatinamerica.com.br\/#organization","name":"EBIX Latin America","alternateName":"EBIX","url":"https:\/\/www.ebixlatinamerica.com.br\/","logo":{"@type":"ImageObject","inLanguage":"en","@id":"https:\/\/www.ebixlatinamerica.com.br\/#\/schema\/logo\/image\/","url":"https:\/\/www.engagemarketing.com.br\/homologacao\/ebix\/wp-content\/uploads\/2024\/09\/seo-696.jpg","contentUrl":"https:\/\/www.engagemarketing.com.br\/homologacao\/ebix\/wp-content\/uploads\/2024\/09\/seo-696.jpg","width":696,"height":696,"caption":"EBIX Latin America"},"image":{"@id":"https:\/\/www.ebixlatinamerica.com.br\/#\/schema\/logo\/image\/"},"sameAs":["https:\/\/x.com\/EbixLatam","http:\/\/instagram.com\/EbixLata","https:\/\/www.linkedin.com\/company\/ebix-latin-america\/"]}]}},"_links":{"self":[{"href":"https:\/\/www.ebixlatinamerica.com.br\/en\/wp-json\/wp\/v2\/pages\/880","targetHints":{"allow":["GET"]}}],"collection":[{"href":"https:\/\/www.ebixlatinamerica.com.br\/en\/wp-json\/wp\/v2\/pages"}],"about":[{"href":"https:\/\/www.ebixlatinamerica.com.br\/en\/wp-json\/wp\/v2\/types\/page"}],"author":[{"embeddable":true,"href":"https:\/\/www.ebixlatinamerica.com.br\/en\/wp-json\/wp\/v2\/users\/2"}],"replies":[{"embeddable":true,"href":"https:\/\/www.ebixlatinamerica.com.br\/en\/wp-json\/wp\/v2\/comments?post=880"}],"version-history":[{"count":13,"href":"https:\/\/www.ebixlatinamerica.com.br\/en\/wp-json\/wp\/v2\/pages\/880\/revisions"}],"predecessor-version":[{"id":950,"href":"https:\/\/www.ebixlatinamerica.com.br\/en\/wp-json\/wp\/v2\/pages\/880\/revisions\/950"}],"wp:featuredmedia":[{"embeddable":true,"href":"https:\/\/www.ebixlatinamerica.com.br\/en\/wp-json\/wp\/v2\/media\/951"}],"wp:attachment":[{"href":"https:\/\/www.ebixlatinamerica.com.br\/en\/wp-json\/wp\/v2\/media?parent=880"}],"curies":[{"name":"wp","href":"https:\/\/api.w.org\/{rel}","templated":true}]}}