{"id":13,"date":"2018-04-16T08:50:09","date_gmt":"2018-04-16T11:50:09","guid":{"rendered":"http:\/\/localhost\/base\/sitenovo\/?page_id=13"},"modified":"2025-09-30T10:11:54","modified_gmt":"2025-09-30T13:11:54","slug":"conoce-a-ebix","status":"publish","type":"page","link":"https:\/\/www.ebixlatinamerica.com.br\/es\/conoce-a-ebix\/","title":{"rendered":"Conoce a Ebix","raw":"Conoce a Ebix"},"content":{"rendered":"\r\n<p>Ebix es la Insurtech l\u00edder en tecnolog\u00eda para el mercado asegurador, ofreciendo el stack m\u00e1s completo de soluciones listas y comprobadas para todas las \u00e1reas de negocio de la industria global de seguros.<\/p>\r\n<p>Con sede en Atlanta, Ebix Inc. cuenta con oficinas en Estados Unidos, Australia, Brasil, Canad\u00e1, India, Nueva Zelanda, Singapur e Inglaterra, adem\u00e1s de m\u00e1s de 14 mil clientes en 52 pa\u00edses alrededor del mundo.<\/p>\r\n<p>Con cerca de 400 colaboradores y oficinas en S\u00e3o Paulo y R\u00edo de Janeiro, Ebix Latin America atiende a toda Am\u00e9rica Latina y es la empresa m\u00e1s grande con enfoque exclusivo en TI para seguros en Brasil.<\/p>\r\n<p>Estamos marcando la diferencia en el mercado. \u00bfQuieres ser parte de este movimiento con nosotros?<\/p>\r\n<p>\u00a1Conoce Ebix Latin America!<\/p>\r\n","protected":false,"raw":"<!-- wp:paragraph -->\r\n<p>Ebix es la Insurtech l\u00edder en tecnolog\u00eda para el mercado asegurador, ofreciendo el stack m\u00e1s completo de soluciones listas y comprobadas para todas las \u00e1reas de negocio de la industria global de seguros.<\/p>\r\n<p>Con sede en Atlanta, Ebix Inc. cuenta con oficinas en Estados Unidos, Australia, Brasil, Canad\u00e1, India, Nueva Zelanda, Singapur e Inglaterra, adem\u00e1s de m\u00e1s de 14 mil clientes en 52 pa\u00edses alrededor del mundo.<\/p>\r\n<p>Con cerca de 400 colaboradores y oficinas en S\u00e3o Paulo y R\u00edo de Janeiro, Ebix Latin America atiende a toda Am\u00e9rica Latina y es la empresa m\u00e1s grande con enfoque exclusivo en TI para seguros en Brasil.<\/p>\r\n<p>Estamos marcando la diferencia en el mercado. \u00bfQuieres ser parte de este movimiento con nosotros?<\/p>\r\n<p>\u00a1Conoce Ebix Latin America!<\/p>\r\n<!-- \/wp:paragraph -->"},"excerpt":{"rendered":"","protected":false,"raw":""},"author":2,"featured_media":0,"parent":0,"menu_order":0,"comment_status":"closed","ping_status":"closed","template":"page-conheca-a-ebix.php","meta":{"_pt_post_content":"<!-- wp:paragraph -->\r\n<p>A Ebix \u00e9 a Insurtech l\u00edder em tecnologia para mercado de Seguros, oferecendo o maior stack de solu\u00e7\u00f5es prontas e comprovadas para todas as \u00e1reas de neg\u00f3cio da ind\u00fastria global de Seguros.<br \/><br \/>Com sede em Atlanta, a Ebix Inc. tem escrit\u00f3rios espalhados pelos Estados Unidos, Austr\u00e1lia, Brasil, Canad\u00e1, \u00cdndia, Nova Zel\u00e2ndia, Cingapura e Inglaterra, al\u00e9m de mais de 14 mil clientes em 52 pa\u00edses ao redor do mundo.<br \/><br \/>Com cerca de 400 colaboradores e escrit\u00f3rios em S\u00e3o Paulo e Rio de Janeiro, a Ebix Latin America atende toda a Am\u00e9rica Latina e \u00e9 a maior empresa com foco exclusivo em TI para Seguros do Brasil.<br \/><br \/>Estamos fazendo a diferen\u00e7a no mercado. Quer fazer parte desse movimento conosco? Venha conhecer a Ebix Latin America!<\/p>\r\n<!-- \/wp:paragraph -->","_pt_post_name":"conheca-a-ebix","_pt_post_excerpt":"","_pt_post_title":"Conhe\u00e7a a Ebix","_es_post_content":"<!-- wp:paragraph -->\r\n<p>Ebix es la Insurtech l\u00edder en tecnolog\u00eda para el mercado asegurador, ofreciendo el stack m\u00e1s completo de soluciones listas y comprobadas para todas las \u00e1reas de negocio de la industria global de seguros.<\/p>\r\n<p>Con sede en Atlanta, Ebix Inc. cuenta con oficinas en Estados Unidos, Australia, Brasil, Canad\u00e1, India, Nueva Zelanda, Singapur e Inglaterra, adem\u00e1s de m\u00e1s de 14 mil clientes en 52 pa\u00edses alrededor del mundo.<\/p>\r\n<p>Con cerca de 400 colaboradores y oficinas en S\u00e3o Paulo y R\u00edo de Janeiro, Ebix Latin America atiende a toda Am\u00e9rica Latina y es la empresa m\u00e1s grande con enfoque exclusivo en TI para seguros en Brasil.<\/p>\r\n<p>Estamos marcando la diferencia en el mercado. \u00bfQuieres ser parte de este movimiento con nosotros?<\/p>\r\n<p>\u00a1Conoce Ebix Latin America!<\/p>\r\n<!-- \/wp:paragraph -->","_es_post_name":"conoce-a-ebix","_es_post_excerpt":"","_es_post_title":"Conoce a Ebix","_en_post_content":"<p>Ebix is a leading Insurtech in technology for the insurance market, offering the most comprehensive stack of proven solutions for every business area within the global insurance industry.<\/p>\r\n<p>Headquartered in Atlanta, Ebix Inc. operates offices across the United States, Australia, Brazil, Canada, India, New Zealand, Singapore, and the United Kingdom, serving over 14,000 clients in 52 countries worldwide.<\/p>\r\n<p>With around 400 employees and offices in S\u00e3o Paulo and Rio de Janeiro, Ebix Latin America serves the entire Latin American region and stands as the largest company in Brazil dedicated exclusively to insurance technology.<\/p>\r\n<p>We are making a difference in the market. Want to be part of this movement? Come and discover Ebix Latin America.<\/p>","_en_post_name":"about-ebix","_en_post_excerpt":"","_en_post_title":"About Ebix","edit_language":"es","footnotes":""},"class_list":["post-13","page","type-page","status-publish","hentry"],"acf":[],"yoast_head":"<!-- This site is optimized with the Yoast SEO plugin v27.3 - https:\/\/yoast.com\/product\/yoast-seo-wordpress\/ -->\n<title>Insurtech global especializada em seguros<\/title>\n<meta name=\"description\" content=\"A Ebix Latin America \u00e9 uma Insurtech global especializada em seguros e no desenvolvimento de solu\u00e7\u00f5es tecnol\u00f3gicas inovadoras\" \/>\n<meta name=\"robots\" content=\"index, follow, max-snippet:-1, max-image-preview:large, max-video-preview:-1\" \/>\n<link rel=\"canonical\" href=\"https:\/\/www.ebixlatinamerica.com.br\/conheca-a-ebix\/\" \/>\n<meta property=\"og:locale\" content=\"es_ES\" \/>\n<meta property=\"og:type\" content=\"article\" \/>\n<meta property=\"og:title\" content=\"Insurtech global especializada em seguros\" \/>\n<meta property=\"og:description\" content=\"A Ebix Latin America \u00e9 uma Insurtech global especializada em seguros e no desenvolvimento de solu\u00e7\u00f5es tecnol\u00f3gicas inovadoras\" \/>\n<meta property=\"og:url\" content=\"https:\/\/www.ebixlatinamerica.com.br\/conheca-a-ebix\/\" \/>\n<meta property=\"og:site_name\" content=\"EBIX Latin America\" \/>\n<meta property=\"article:modified_time\" content=\"2025-09-30T13:11:54+00:00\" \/>\n<meta property=\"og:image\" content=\"https:\/\/www.ebixlatinamerica.com.br\/wp-content\/uploads\/2024\/09\/seo-1200.jpg\" \/>\n\t<meta property=\"og:image:width\" content=\"1200\" \/>\n\t<meta property=\"og:image:height\" content=\"675\" \/>\n\t<meta property=\"og:image:type\" content=\"image\/jpeg\" \/>\n<meta name=\"twitter:card\" content=\"summary_large_image\" \/>\n<meta name=\"twitter:site\" content=\"@EbixLatam\" \/>\n<meta name=\"twitter:label1\" content=\"Tiempo de lectura\" \/>\n\t<meta name=\"twitter:data1\" content=\"1 minute\" \/>\n<script type=\"application\/ld+json\" class=\"yoast-schema-graph\">{\"@context\":\"https:\\\/\\\/schema.org\",\"@graph\":[{\"@type\":\"WebPage\",\"@id\":\"https:\\\/\\\/www.ebixlatinamerica.com.br\\\/conheca-a-ebix\\\/\",\"url\":\"https:\\\/\\\/www.ebixlatinamerica.com.br\\\/conheca-a-ebix\\\/\",\"name\":\"Insurtech global especializada em seguros\",\"isPartOf\":{\"@id\":\"https:\\\/\\\/www.ebixlatinamerica.com.br\\\/#website\"},\"datePublished\":\"2018-04-16T11:50:09+00:00\",\"dateModified\":\"2025-09-30T13:11:54+00:00\",\"description\":\"A Ebix Latin America \u00e9 uma Insurtech global especializada em seguros e no desenvolvimento de solu\u00e7\u00f5es tecnol\u00f3gicas inovadoras\",\"breadcrumb\":{\"@id\":\"https:\\\/\\\/www.ebixlatinamerica.com.br\\\/conheca-a-ebix\\\/#breadcrumb\"},\"inLanguage\":\"es-ES\",\"potentialAction\":[{\"@type\":\"ReadAction\",\"target\":[\"https:\\\/\\\/www.ebixlatinamerica.com.br\\\/conheca-a-ebix\\\/\"]}]},{\"@type\":\"BreadcrumbList\",\"@id\":\"https:\\\/\\\/www.ebixlatinamerica.com.br\\\/conheca-a-ebix\\\/#breadcrumb\",\"itemListElement\":[{\"@type\":\"ListItem\",\"position\":1,\"name\":\"In\u00edcio\",\"item\":\"https:\\\/\\\/www.ebixlatinamerica.com.br\\\/\"},{\"@type\":\"ListItem\",\"position\":2,\"name\":\"Conhe\u00e7a a Ebix\"}]},{\"@type\":\"WebSite\",\"@id\":\"https:\\\/\\\/www.ebixlatinamerica.com.br\\\/#website\",\"url\":\"https:\\\/\\\/www.ebixlatinamerica.com.br\\\/\",\"name\":\"EBIX Latin America\",\"description\":\"L\u00edder mundial em preodutos e servi\u00e7os de TI para Seguros\",\"publisher\":{\"@id\":\"https:\\\/\\\/www.ebixlatinamerica.com.br\\\/#organization\"},\"alternateName\":\"EBIX\",\"potentialAction\":[{\"@type\":\"SearchAction\",\"target\":{\"@type\":\"EntryPoint\",\"urlTemplate\":\"https:\\\/\\\/www.ebixlatinamerica.com.br\\\/?s={search_term_string}\"},\"query-input\":{\"@type\":\"PropertyValueSpecification\",\"valueRequired\":true,\"valueName\":\"search_term_string\"}}],\"inLanguage\":\"es-ES\"},{\"@type\":\"Organization\",\"@id\":\"https:\\\/\\\/www.ebixlatinamerica.com.br\\\/#organization\",\"name\":\"EBIX Latin America\",\"alternateName\":\"EBIX\",\"url\":\"https:\\\/\\\/www.ebixlatinamerica.com.br\\\/\",\"logo\":{\"@type\":\"ImageObject\",\"inLanguage\":\"es-ES\",\"@id\":\"https:\\\/\\\/www.ebixlatinamerica.com.br\\\/#\\\/schema\\\/logo\\\/image\\\/\",\"url\":\"https:\\\/\\\/www.engagemarketing.com.br\\\/homologacao\\\/ebix\\\/wp-content\\\/uploads\\\/2024\\\/09\\\/seo-696.jpg\",\"contentUrl\":\"https:\\\/\\\/www.engagemarketing.com.br\\\/homologacao\\\/ebix\\\/wp-content\\\/uploads\\\/2024\\\/09\\\/seo-696.jpg\",\"width\":696,\"height\":696,\"caption\":\"EBIX Latin America\"},\"image\":{\"@id\":\"https:\\\/\\\/www.ebixlatinamerica.com.br\\\/#\\\/schema\\\/logo\\\/image\\\/\"},\"sameAs\":[\"https:\\\/\\\/x.com\\\/EbixLatam\",\"http:\\\/\\\/instagram.com\\\/EbixLata\",\"https:\\\/\\\/www.linkedin.com\\\/company\\\/ebix-latin-america\\\/\"]}]}<\/script>\n<!-- \/ Yoast SEO plugin. -->","yoast_head_json":{"title":"Insurtech global especializada em seguros","description":"A Ebix Latin America \u00e9 uma Insurtech global especializada em seguros e no desenvolvimento de solu\u00e7\u00f5es tecnol\u00f3gicas inovadoras","robots":{"index":"index","follow":"follow","max-snippet":"max-snippet:-1","max-image-preview":"max-image-preview:large","max-video-preview":"max-video-preview:-1"},"canonical":"https:\/\/www.ebixlatinamerica.com.br\/conheca-a-ebix\/","og_locale":"es_ES","og_type":"article","og_title":"Insurtech global especializada em seguros","og_description":"A Ebix Latin America \u00e9 uma Insurtech global especializada em seguros e no desenvolvimento de solu\u00e7\u00f5es tecnol\u00f3gicas inovadoras","og_url":"https:\/\/www.ebixlatinamerica.com.br\/conheca-a-ebix\/","og_site_name":"EBIX Latin America","article_modified_time":"2025-09-30T13:11:54+00:00","og_image":[{"width":1200,"height":675,"url":"https:\/\/www.ebixlatinamerica.com.br\/wp-content\/uploads\/2024\/09\/seo-1200.jpg","type":"image\/jpeg"}],"twitter_card":"summary_large_image","twitter_site":"@EbixLatam","twitter_misc":{"Tiempo de lectura":"1 minute"},"schema":{"@context":"https:\/\/schema.org","@graph":[{"@type":"WebPage","@id":"https:\/\/www.ebixlatinamerica.com.br\/conheca-a-ebix\/","url":"https:\/\/www.ebixlatinamerica.com.br\/conheca-a-ebix\/","name":"Insurtech global especializada em seguros","isPartOf":{"@id":"https:\/\/www.ebixlatinamerica.com.br\/#website"},"datePublished":"2018-04-16T11:50:09+00:00","dateModified":"2025-09-30T13:11:54+00:00","description":"A Ebix Latin America \u00e9 uma Insurtech global especializada em seguros e no desenvolvimento de solu\u00e7\u00f5es tecnol\u00f3gicas inovadoras","breadcrumb":{"@id":"https:\/\/www.ebixlatinamerica.com.br\/conheca-a-ebix\/#breadcrumb"},"inLanguage":"es-ES","potentialAction":[{"@type":"ReadAction","target":["https:\/\/www.ebixlatinamerica.com.br\/conheca-a-ebix\/"]}]},{"@type":"BreadcrumbList","@id":"https:\/\/www.ebixlatinamerica.com.br\/conheca-a-ebix\/#breadcrumb","itemListElement":[{"@type":"ListItem","position":1,"name":"In\u00edcio","item":"https:\/\/www.ebixlatinamerica.com.br\/"},{"@type":"ListItem","position":2,"name":"Conhe\u00e7a a Ebix"}]},{"@type":"WebSite","@id":"https:\/\/www.ebixlatinamerica.com.br\/#website","url":"https:\/\/www.ebixlatinamerica.com.br\/","name":"EBIX Latin America","description":"L\u00edder mundial em preodutos e servi\u00e7os de TI para Seguros","publisher":{"@id":"https:\/\/www.ebixlatinamerica.com.br\/#organization"},"alternateName":"EBIX","potentialAction":[{"@type":"SearchAction","target":{"@type":"EntryPoint","urlTemplate":"https:\/\/www.ebixlatinamerica.com.br\/?s={search_term_string}"},"query-input":{"@type":"PropertyValueSpecification","valueRequired":true,"valueName":"search_term_string"}}],"inLanguage":"es-ES"},{"@type":"Organization","@id":"https:\/\/www.ebixlatinamerica.com.br\/#organization","name":"EBIX Latin America","alternateName":"EBIX","url":"https:\/\/www.ebixlatinamerica.com.br\/","logo":{"@type":"ImageObject","inLanguage":"es-ES","@id":"https:\/\/www.ebixlatinamerica.com.br\/#\/schema\/logo\/image\/","url":"https:\/\/www.engagemarketing.com.br\/homologacao\/ebix\/wp-content\/uploads\/2024\/09\/seo-696.jpg","contentUrl":"https:\/\/www.engagemarketing.com.br\/homologacao\/ebix\/wp-content\/uploads\/2024\/09\/seo-696.jpg","width":696,"height":696,"caption":"EBIX Latin America"},"image":{"@id":"https:\/\/www.ebixlatinamerica.com.br\/#\/schema\/logo\/image\/"},"sameAs":["https:\/\/x.com\/EbixLatam","http:\/\/instagram.com\/EbixLata","https:\/\/www.linkedin.com\/company\/ebix-latin-america\/"]}]}},"_links":{"self":[{"href":"https:\/\/www.ebixlatinamerica.com.br\/es\/wp-json\/wp\/v2\/pages\/13","targetHints":{"allow":["GET"]}}],"collection":[{"href":"https:\/\/www.ebixlatinamerica.com.br\/es\/wp-json\/wp\/v2\/pages"}],"about":[{"href":"https:\/\/www.ebixlatinamerica.com.br\/es\/wp-json\/wp\/v2\/types\/page"}],"author":[{"embeddable":true,"href":"https:\/\/www.ebixlatinamerica.com.br\/es\/wp-json\/wp\/v2\/users\/2"}],"replies":[{"embeddable":true,"href":"https:\/\/www.ebixlatinamerica.com.br\/es\/wp-json\/wp\/v2\/comments?post=13"}],"version-history":[{"count":13,"href":"https:\/\/www.ebixlatinamerica.com.br\/es\/wp-json\/wp\/v2\/pages\/13\/revisions"}],"predecessor-version":[{"id":910,"href":"https:\/\/www.ebixlatinamerica.com.br\/es\/wp-json\/wp\/v2\/pages\/13\/revisions\/910"}],"wp:attachment":[{"href":"https:\/\/www.ebixlatinamerica.com.br\/es\/wp-json\/wp\/v2\/media?parent=13"}],"curies":[{"name":"wp","href":"https:\/\/api.w.org\/{rel}","templated":true}]}}