{"id":15,"date":"2018-04-16T08:53:15","date_gmt":"2018-04-16T11:53:15","guid":{"rendered":"http:\/\/localhost\/base\/sitenovo\/?page_id=15"},"modified":"2025-09-30T10:43:54","modified_gmt":"2025-09-30T13:43:54","slug":"","status":"publish","type":"page","link":"https:\/\/www.ebixlatinamerica.com.br\/es\/contato\/","title":{"rendered":"Contacto","raw":"Contacto"},"content":{"rendered":"\n<p>En Ebix Latinoam\u00e9rica siempre estamos listos para escucharte. Ya sea que necesite responder preguntas, compartir comentarios o discutir nuevas oportunidades, nuestro equipo est\u00e1 disponible para brindarle el apoyo que necesita. Complete el siguiente formulario y nos comunicaremos con usted lo antes posible.<\/p>\n","protected":false,"raw":"<!-- wp:paragraph -->\n<p>En Ebix Latinoam\u00e9rica siempre estamos listos para escucharte. Ya sea que necesite responder preguntas, compartir comentarios o discutir nuevas oportunidades, nuestro equipo est\u00e1 disponible para brindarle el apoyo que necesita. Complete el siguiente formulario y nos comunicaremos con usted lo antes posible.<\/p>\n<!-- \/wp:paragraph -->"},"excerpt":{"rendered":"","protected":false,"raw":""},"author":2,"featured_media":0,"parent":0,"menu_order":0,"comment_status":"closed","ping_status":"closed","template":"page-fale-conosco.php","meta":{"_pt_post_content":"<!-- wp:paragraph -->\n<p>Na Ebix Latin America, estamos sempre prontos para ouvir voc\u00ea. Seja para esclarecer d\u00favidas, compartilhar feedback ou discutir novas oportunidades, nossa equipe est\u00e1 \u00e0 disposi\u00e7\u00e3o para fornecer o suporte que voc\u00ea precisa. Preencha o formul\u00e1rio abaixo e entraremos em contato o mais breve poss\u00edvel.<\/p>\n<!-- \/wp:paragraph -->","_pt_post_name":"contato","_pt_post_excerpt":"","_pt_post_title":"Contato","_es_post_content":"<!-- wp:paragraph -->\n<p>En Ebix Latinoam\u00e9rica siempre estamos listos para escucharte. Ya sea que necesite responder preguntas, compartir comentarios o discutir nuevas oportunidades, nuestro equipo est\u00e1 disponible para brindarle el apoyo que necesita. Complete el siguiente formulario y nos comunicaremos con usted lo antes posible.<\/p>\n<!-- \/wp:paragraph -->","_es_post_name":"","_es_post_excerpt":"","_es_post_title":"Contacto","_en_post_content":"<p>At Ebix Latin America, we are always ready to hear from you. Whether to clarify questions, share feedback, or discuss new opportunities, our team is available to provide the support you need. Please fill out the form below and we will get in touch with you as soon as possible.<\/p>","_en_post_name":"contact","_en_post_excerpt":"","_en_post_title":"Contact","edit_language":"es","footnotes":""},"class_list":["post-15","page","type-page","status-publish","hentry"],"acf":[],"yoast_head":"<!-- This site is optimized with the Yoast SEO plugin v27.3 - https:\/\/yoast.com\/product\/yoast-seo-wordpress\/ -->\n<title>Contato - EBIX Latin America<\/title>\n<meta name=\"robots\" content=\"index, follow, max-snippet:-1, max-image-preview:large, max-video-preview:-1\" \/>\n<link rel=\"canonical\" href=\"https:\/\/www.ebixlatinamerica.com.br\/contato\/\" \/>\n<meta property=\"og:locale\" content=\"es_ES\" \/>\n<meta property=\"og:type\" content=\"article\" \/>\n<meta property=\"og:title\" content=\"Contato - EBIX Latin America\" \/>\n<meta property=\"og:description\" content=\"Na Ebix Latin America, estamos sempre prontos para ouvir voc\u00ea. Seja para esclarecer d\u00favidas, compartilhar feedback ou discutir novas oportunidades, nossa equipe est\u00e1 \u00e0 disposi\u00e7\u00e3o para fornecer o suporte que voc\u00ea precisa. Preencha o formul\u00e1rio abaixo e entraremos em contato o mais breve poss\u00edvel.\" \/>\n<meta property=\"og:url\" content=\"https:\/\/www.ebixlatinamerica.com.br\/contato\/\" \/>\n<meta property=\"og:site_name\" content=\"EBIX Latin America\" \/>\n<meta property=\"article:modified_time\" content=\"2025-09-30T13:43:54+00:00\" \/>\n<meta property=\"og:image\" content=\"https:\/\/www.ebixlatinamerica.com.br\/wp-content\/uploads\/2024\/09\/seo-1200.jpg\" \/>\n\t<meta property=\"og:image:width\" content=\"1200\" \/>\n\t<meta property=\"og:image:height\" content=\"675\" \/>\n\t<meta property=\"og:image:type\" content=\"image\/jpeg\" \/>\n<meta name=\"twitter:card\" content=\"summary_large_image\" \/>\n<meta name=\"twitter:site\" content=\"@EbixLatam\" \/>\n<meta name=\"twitter:label1\" content=\"Tiempo de lectura\" \/>\n\t<meta name=\"twitter:data1\" content=\"1 minute\" \/>\n<script type=\"application\/ld+json\" class=\"yoast-schema-graph\">{\"@context\":\"https:\\\/\\\/schema.org\",\"@graph\":[{\"@type\":\"WebPage\",\"@id\":\"https:\\\/\\\/www.ebixlatinamerica.com.br\\\/contato\\\/\",\"url\":\"https:\\\/\\\/www.ebixlatinamerica.com.br\\\/contato\\\/\",\"name\":\"Contato - EBIX Latin America\",\"isPartOf\":{\"@id\":\"https:\\\/\\\/www.ebixlatinamerica.com.br\\\/#website\"},\"datePublished\":\"2018-04-16T11:53:15+00:00\",\"dateModified\":\"2025-09-30T13:43:54+00:00\",\"breadcrumb\":{\"@id\":\"https:\\\/\\\/www.ebixlatinamerica.com.br\\\/contato\\\/#breadcrumb\"},\"inLanguage\":\"es-ES\",\"potentialAction\":[{\"@type\":\"ReadAction\",\"target\":[\"https:\\\/\\\/www.ebixlatinamerica.com.br\\\/contato\\\/\"]}]},{\"@type\":\"BreadcrumbList\",\"@id\":\"https:\\\/\\\/www.ebixlatinamerica.com.br\\\/contato\\\/#breadcrumb\",\"itemListElement\":[{\"@type\":\"ListItem\",\"position\":1,\"name\":\"In\u00edcio\",\"item\":\"https:\\\/\\\/www.ebixlatinamerica.com.br\\\/\"},{\"@type\":\"ListItem\",\"position\":2,\"name\":\"Contato\"}]},{\"@type\":\"WebSite\",\"@id\":\"https:\\\/\\\/www.ebixlatinamerica.com.br\\\/#website\",\"url\":\"https:\\\/\\\/www.ebixlatinamerica.com.br\\\/\",\"name\":\"EBIX Latin America\",\"description\":\"L\u00edder mundial em preodutos e servi\u00e7os de TI para Seguros\",\"publisher\":{\"@id\":\"https:\\\/\\\/www.ebixlatinamerica.com.br\\\/#organization\"},\"alternateName\":\"EBIX\",\"potentialAction\":[{\"@type\":\"SearchAction\",\"target\":{\"@type\":\"EntryPoint\",\"urlTemplate\":\"https:\\\/\\\/www.ebixlatinamerica.com.br\\\/?s={search_term_string}\"},\"query-input\":{\"@type\":\"PropertyValueSpecification\",\"valueRequired\":true,\"valueName\":\"search_term_string\"}}],\"inLanguage\":\"es-ES\"},{\"@type\":\"Organization\",\"@id\":\"https:\\\/\\\/www.ebixlatinamerica.com.br\\\/#organization\",\"name\":\"EBIX Latin America\",\"alternateName\":\"EBIX\",\"url\":\"https:\\\/\\\/www.ebixlatinamerica.com.br\\\/\",\"logo\":{\"@type\":\"ImageObject\",\"inLanguage\":\"es-ES\",\"@id\":\"https:\\\/\\\/www.ebixlatinamerica.com.br\\\/#\\\/schema\\\/logo\\\/image\\\/\",\"url\":\"https:\\\/\\\/www.engagemarketing.com.br\\\/homologacao\\\/ebix\\\/wp-content\\\/uploads\\\/2024\\\/09\\\/seo-696.jpg\",\"contentUrl\":\"https:\\\/\\\/www.engagemarketing.com.br\\\/homologacao\\\/ebix\\\/wp-content\\\/uploads\\\/2024\\\/09\\\/seo-696.jpg\",\"width\":696,\"height\":696,\"caption\":\"EBIX Latin America\"},\"image\":{\"@id\":\"https:\\\/\\\/www.ebixlatinamerica.com.br\\\/#\\\/schema\\\/logo\\\/image\\\/\"},\"sameAs\":[\"https:\\\/\\\/x.com\\\/EbixLatam\",\"http:\\\/\\\/instagram.com\\\/EbixLata\",\"https:\\\/\\\/www.linkedin.com\\\/company\\\/ebix-latin-america\\\/\"]}]}<\/script>\n<!-- \/ Yoast SEO plugin. -->","yoast_head_json":{"title":"Contato - EBIX Latin America","robots":{"index":"index","follow":"follow","max-snippet":"max-snippet:-1","max-image-preview":"max-image-preview:large","max-video-preview":"max-video-preview:-1"},"canonical":"https:\/\/www.ebixlatinamerica.com.br\/contato\/","og_locale":"es_ES","og_type":"article","og_title":"Contato - EBIX Latin America","og_description":"Na Ebix Latin America, estamos sempre prontos para ouvir voc\u00ea. Seja para esclarecer d\u00favidas, compartilhar feedback ou discutir novas oportunidades, nossa equipe est\u00e1 \u00e0 disposi\u00e7\u00e3o para fornecer o suporte que voc\u00ea precisa. Preencha o formul\u00e1rio abaixo e entraremos em contato o mais breve poss\u00edvel.","og_url":"https:\/\/www.ebixlatinamerica.com.br\/contato\/","og_site_name":"EBIX Latin America","article_modified_time":"2025-09-30T13:43:54+00:00","og_image":[{"width":1200,"height":675,"url":"https:\/\/www.ebixlatinamerica.com.br\/wp-content\/uploads\/2024\/09\/seo-1200.jpg","type":"image\/jpeg"}],"twitter_card":"summary_large_image","twitter_site":"@EbixLatam","twitter_misc":{"Tiempo de lectura":"1 minute"},"schema":{"@context":"https:\/\/schema.org","@graph":[{"@type":"WebPage","@id":"https:\/\/www.ebixlatinamerica.com.br\/contato\/","url":"https:\/\/www.ebixlatinamerica.com.br\/contato\/","name":"Contato - EBIX Latin America","isPartOf":{"@id":"https:\/\/www.ebixlatinamerica.com.br\/#website"},"datePublished":"2018-04-16T11:53:15+00:00","dateModified":"2025-09-30T13:43:54+00:00","breadcrumb":{"@id":"https:\/\/www.ebixlatinamerica.com.br\/contato\/#breadcrumb"},"inLanguage":"es-ES","potentialAction":[{"@type":"ReadAction","target":["https:\/\/www.ebixlatinamerica.com.br\/contato\/"]}]},{"@type":"BreadcrumbList","@id":"https:\/\/www.ebixlatinamerica.com.br\/contato\/#breadcrumb","itemListElement":[{"@type":"ListItem","position":1,"name":"In\u00edcio","item":"https:\/\/www.ebixlatinamerica.com.br\/"},{"@type":"ListItem","position":2,"name":"Contato"}]},{"@type":"WebSite","@id":"https:\/\/www.ebixlatinamerica.com.br\/#website","url":"https:\/\/www.ebixlatinamerica.com.br\/","name":"EBIX Latin America","description":"L\u00edder mundial em preodutos e servi\u00e7os de TI para Seguros","publisher":{"@id":"https:\/\/www.ebixlatinamerica.com.br\/#organization"},"alternateName":"EBIX","potentialAction":[{"@type":"SearchAction","target":{"@type":"EntryPoint","urlTemplate":"https:\/\/www.ebixlatinamerica.com.br\/?s={search_term_string}"},"query-input":{"@type":"PropertyValueSpecification","valueRequired":true,"valueName":"search_term_string"}}],"inLanguage":"es-ES"},{"@type":"Organization","@id":"https:\/\/www.ebixlatinamerica.com.br\/#organization","name":"EBIX Latin America","alternateName":"EBIX","url":"https:\/\/www.ebixlatinamerica.com.br\/","logo":{"@type":"ImageObject","inLanguage":"es-ES","@id":"https:\/\/www.ebixlatinamerica.com.br\/#\/schema\/logo\/image\/","url":"https:\/\/www.engagemarketing.com.br\/homologacao\/ebix\/wp-content\/uploads\/2024\/09\/seo-696.jpg","contentUrl":"https:\/\/www.engagemarketing.com.br\/homologacao\/ebix\/wp-content\/uploads\/2024\/09\/seo-696.jpg","width":696,"height":696,"caption":"EBIX Latin America"},"image":{"@id":"https:\/\/www.ebixlatinamerica.com.br\/#\/schema\/logo\/image\/"},"sameAs":["https:\/\/x.com\/EbixLatam","http:\/\/instagram.com\/EbixLata","https:\/\/www.linkedin.com\/company\/ebix-latin-america\/"]}]}},"_links":{"self":[{"href":"https:\/\/www.ebixlatinamerica.com.br\/es\/wp-json\/wp\/v2\/pages\/15","targetHints":{"allow":["GET"]}}],"collection":[{"href":"https:\/\/www.ebixlatinamerica.com.br\/es\/wp-json\/wp\/v2\/pages"}],"about":[{"href":"https:\/\/www.ebixlatinamerica.com.br\/es\/wp-json\/wp\/v2\/types\/page"}],"author":[{"embeddable":true,"href":"https:\/\/www.ebixlatinamerica.com.br\/es\/wp-json\/wp\/v2\/users\/2"}],"replies":[{"embeddable":true,"href":"https:\/\/www.ebixlatinamerica.com.br\/es\/wp-json\/wp\/v2\/comments?post=15"}],"version-history":[{"count":6,"href":"https:\/\/www.ebixlatinamerica.com.br\/es\/wp-json\/wp\/v2\/pages\/15\/revisions"}],"predecessor-version":[{"id":535,"href":"https:\/\/www.ebixlatinamerica.com.br\/es\/wp-json\/wp\/v2\/pages\/15\/revisions\/535"}],"wp:attachment":[{"href":"https:\/\/www.ebixlatinamerica.com.br\/es\/wp-json\/wp\/v2\/media?parent=15"}],"curies":[{"name":"wp","href":"https:\/\/api.w.org\/{rel}","templated":true}]}}