{"id":20,"date":"2018-04-16T09:10:58","date_gmt":"2018-04-16T12:10:58","guid":{"rendered":"http:\/\/localhost\/base\/sitenovo\/home\/"},"modified":"2025-09-30T09:52:13","modified_gmt":"2025-09-30T12:52:13","slug":"home","status":"publish","type":"page","link":"https:\/\/www.ebixlatinamerica.com.br\/es\/","title":{"rendered":"","raw":""},"content":{"rendered":"<p><strong>Ebix<\/strong> es la Insurtech l\u00edder mundial con enfoque exclusivo en el sector asegurador, ofreciendo el stack m\u00e1s completo de soluciones listas y comprobadas para todas las \u00e1reas de negocio de la <strong>industria global de seguros.<\/strong><\/p>\n<p>Contamos con un amplio conocimiento en productos, canales de distribuci\u00f3n, procesos y otros aspectos clave de este mercado.<\/p>\n<p><strong>Estamos marcando la diferencia en el sector. \u00a1Ven a ser parte de este movimiento con nosotros!<\/strong><\/p>\n<p><strong>\u00a1Conoce Ebix Latin America!<\/strong><\/p>\n","protected":false,"raw":"<p><strong>Ebix<\/strong> es la Insurtech l\u00edder mundial con enfoque exclusivo en el sector asegurador, ofreciendo el stack m\u00e1s completo de soluciones listas y comprobadas para todas las \u00e1reas de negocio de la <strong>industria global de seguros.<\/strong><\/p>\r\n<p>Contamos con un amplio conocimiento en productos, canales de distribuci\u00f3n, procesos y otros aspectos clave de este mercado.<\/p>\r\n<p><strong>Estamos marcando la diferencia en el sector. \u00a1Ven a ser parte de este movimiento con nosotros!<\/strong><\/p>\r\n<p><strong>\u00a1Conoce Ebix Latin America!<\/strong><\/p>"},"excerpt":{"rendered":"","protected":false,"raw":""},"author":2,"featured_media":0,"parent":0,"menu_order":-1,"comment_status":"closed","ping_status":"closed","template":"page-home.php","meta":{"_pt_post_content":"<!-- wp:paragraph -->\r\n<p>A <strong>Ebix <\/strong>\u00e9 a Insurtech l\u00edder mundial com foco exclusivo para seguros, oferecendo o maior <em>stack <\/em>de solu\u00e7\u00f5es prontas e comprovadas para todas as \u00e1reas de neg\u00f3cio da <strong>ind\u00fastria global de Seguros.<\/strong><\/p>\r\n<!-- \/wp:paragraph -->\r\n\r\n<!-- wp:paragraph -->\r\n<p>Com amplo conhecimento em produtos, canais de distribui\u00e7\u00e3o, processos e outros aspectos deste mercado.<\/p>\r\n<!-- \/wp:paragraph -->\r\n\r\n<!-- wp:paragraph -->\r\n<p><strong>Estamos fazendo a diferen\u00e7a no setor. Venha fazer parte desse movimento conosco!<\/strong><\/p>\r\n<!-- \/wp:paragraph -->\r\n\r\n<!-- wp:paragraph -->\r\n<p><strong>Venha conhecer a Ebix Latin America!<\/strong><\/p>\r\n<!-- \/wp:paragraph -->","_pt_post_name":"https-www-ebixlatinamerica-com-br","_pt_post_excerpt":"","_pt_post_title":"Home","_es_post_content":"<p><strong>Ebix<\/strong> es la Insurtech l\u00edder mundial con enfoque exclusivo en el sector asegurador, ofreciendo el stack m\u00e1s completo de soluciones listas y comprobadas para todas las \u00e1reas de negocio de la <strong>industria global de seguros.<\/strong><\/p>\r\n<p>Contamos con un amplio conocimiento en productos, canales de distribuci\u00f3n, procesos y otros aspectos clave de este mercado.<\/p>\r\n<p><strong>Estamos marcando la diferencia en el sector. \u00a1Ven a ser parte de este movimiento con nosotros!<\/strong><\/p>\r\n<p><strong>\u00a1Conoce Ebix Latin America!<\/strong><\/p>","_es_post_name":"home","_es_post_excerpt":"","_es_post_title":"","_en_post_content":"<p><strong>Ebix<\/strong> is the world\u2019s leading Insurtech with an exclusive focus on insurance, offering the largest stack of ready and proven solutions for all business areas of the <strong>global Insurance industry<\/strong>.<\/p>\r\n<p>With extensive knowledge in products, distribution channels, processes, and other aspects of this market.<\/p>\r\n<p><strong>We are making a difference in the sector. Join this movement with us!<\/strong><\/p>\r\n<p><strong>Come and get to know Ebix Latin America!<\/strong><\/p>","_en_post_name":"https-www-ebixlatinamerica-com-br","_en_post_excerpt":"","_en_post_title":"","edit_language":"es","footnotes":""},"class_list":["post-20","page","type-page","status-publish","hentry"],"acf":[],"yoast_head":"<!-- This site is optimized with the Yoast SEO plugin v27.3 - https:\/\/yoast.com\/product\/yoast-seo-wordpress\/ -->\n<title>Insurtech global especializada em seguros<\/title>\n<meta name=\"description\" content=\"A Ebix Latin America \u00e9 uma Insurtech global especializada em seguros e no desenvolvimento de solu\u00e7\u00f5es tecnol\u00f3gicas inovadoras\" \/>\n<meta name=\"robots\" content=\"index, follow, max-snippet:-1, max-image-preview:large, max-video-preview:-1\" \/>\n<link rel=\"canonical\" href=\"https:\/\/www.ebixlatinamerica.com.br\/\" \/>\n<meta property=\"og:locale\" content=\"es_ES\" \/>\n<meta property=\"og:type\" content=\"article\" \/>\n<meta property=\"og:title\" content=\"Insurtech global especializada em seguros\" \/>\n<meta property=\"og:description\" content=\"A Ebix Latin America \u00e9 uma Insurtech global especializada em seguros e no desenvolvimento de solu\u00e7\u00f5es tecnol\u00f3gicas inovadoras\" \/>\n<meta property=\"og:url\" content=\"https:\/\/www.ebixlatinamerica.com.br\/\" \/>\n<meta property=\"og:site_name\" content=\"EBIX Latin America\" \/>\n<meta property=\"article:modified_time\" content=\"2025-09-30T12:52:13+00:00\" \/>\n<meta property=\"og:image\" content=\"https:\/\/www.ebixlatinamerica.com.br\/wp-content\/uploads\/2024\/09\/seo-1200.jpg\" \/>\n\t<meta property=\"og:image:width\" content=\"1200\" \/>\n\t<meta property=\"og:image:height\" content=\"675\" \/>\n\t<meta property=\"og:image:type\" content=\"image\/jpeg\" \/>\n<meta name=\"twitter:card\" content=\"summary_large_image\" \/>\n<meta name=\"twitter:site\" content=\"@EbixLatam\" \/>\n<meta name=\"twitter:label1\" content=\"Tiempo de lectura\" \/>\n\t<meta name=\"twitter:data1\" content=\"1 minute\" \/>\n<script type=\"application\/ld+json\" class=\"yoast-schema-graph\">{\"@context\":\"https:\\\/\\\/schema.org\",\"@graph\":[{\"@type\":\"WebPage\",\"@id\":\"https:\\\/\\\/www.ebixlatinamerica.com.br\\\/\",\"url\":\"https:\\\/\\\/www.ebixlatinamerica.com.br\\\/\",\"name\":\"Insurtech global especializada em seguros\",\"isPartOf\":{\"@id\":\"https:\\\/\\\/www.ebixlatinamerica.com.br\\\/#website\"},\"datePublished\":\"2018-04-16T12:10:58+00:00\",\"dateModified\":\"2025-09-30T12:52:13+00:00\",\"description\":\"A Ebix Latin America \u00e9 uma Insurtech global especializada em seguros e no desenvolvimento de solu\u00e7\u00f5es tecnol\u00f3gicas inovadoras\",\"breadcrumb\":{\"@id\":\"https:\\\/\\\/www.ebixlatinamerica.com.br\\\/#breadcrumb\"},\"inLanguage\":\"es-ES\",\"potentialAction\":[{\"@type\":\"ReadAction\",\"target\":[\"https:\\\/\\\/www.ebixlatinamerica.com.br\\\/\"]}]},{\"@type\":\"BreadcrumbList\",\"@id\":\"https:\\\/\\\/www.ebixlatinamerica.com.br\\\/#breadcrumb\",\"itemListElement\":[{\"@type\":\"ListItem\",\"position\":1,\"name\":\"In\u00edcio\",\"item\":\"https:\\\/\\\/www.ebixlatinamerica.com.br\\\/\"},{\"@type\":\"ListItem\",\"position\":2,\"name\":\"Home\"}]},{\"@type\":\"WebSite\",\"@id\":\"https:\\\/\\\/www.ebixlatinamerica.com.br\\\/#website\",\"url\":\"https:\\\/\\\/www.ebixlatinamerica.com.br\\\/\",\"name\":\"EBIX Latin America\",\"description\":\"L\u00edder mundial em preodutos e servi\u00e7os de TI para Seguros\",\"publisher\":{\"@id\":\"https:\\\/\\\/www.ebixlatinamerica.com.br\\\/#organization\"},\"alternateName\":\"EBIX\",\"potentialAction\":[{\"@type\":\"SearchAction\",\"target\":{\"@type\":\"EntryPoint\",\"urlTemplate\":\"https:\\\/\\\/www.ebixlatinamerica.com.br\\\/?s={search_term_string}\"},\"query-input\":{\"@type\":\"PropertyValueSpecification\",\"valueRequired\":true,\"valueName\":\"search_term_string\"}}],\"inLanguage\":\"es-ES\"},{\"@type\":\"Organization\",\"@id\":\"https:\\\/\\\/www.ebixlatinamerica.com.br\\\/#organization\",\"name\":\"EBIX Latin America\",\"alternateName\":\"EBIX\",\"url\":\"https:\\\/\\\/www.ebixlatinamerica.com.br\\\/\",\"logo\":{\"@type\":\"ImageObject\",\"inLanguage\":\"es-ES\",\"@id\":\"https:\\\/\\\/www.ebixlatinamerica.com.br\\\/#\\\/schema\\\/logo\\\/image\\\/\",\"url\":\"https:\\\/\\\/www.engagemarketing.com.br\\\/homologacao\\\/ebix\\\/wp-content\\\/uploads\\\/2024\\\/09\\\/seo-696.jpg\",\"contentUrl\":\"https:\\\/\\\/www.engagemarketing.com.br\\\/homologacao\\\/ebix\\\/wp-content\\\/uploads\\\/2024\\\/09\\\/seo-696.jpg\",\"width\":696,\"height\":696,\"caption\":\"EBIX Latin America\"},\"image\":{\"@id\":\"https:\\\/\\\/www.ebixlatinamerica.com.br\\\/#\\\/schema\\\/logo\\\/image\\\/\"},\"sameAs\":[\"https:\\\/\\\/x.com\\\/EbixLatam\",\"http:\\\/\\\/instagram.com\\\/EbixLata\",\"https:\\\/\\\/www.linkedin.com\\\/company\\\/ebix-latin-america\\\/\"]}]}<\/script>\n<!-- \/ Yoast SEO plugin. -->","yoast_head_json":{"title":"Insurtech global especializada em seguros","description":"A Ebix Latin America \u00e9 uma Insurtech global especializada em seguros e no desenvolvimento de solu\u00e7\u00f5es tecnol\u00f3gicas inovadoras","robots":{"index":"index","follow":"follow","max-snippet":"max-snippet:-1","max-image-preview":"max-image-preview:large","max-video-preview":"max-video-preview:-1"},"canonical":"https:\/\/www.ebixlatinamerica.com.br\/","og_locale":"es_ES","og_type":"article","og_title":"Insurtech global especializada em seguros","og_description":"A Ebix Latin America \u00e9 uma Insurtech global especializada em seguros e no desenvolvimento de solu\u00e7\u00f5es tecnol\u00f3gicas inovadoras","og_url":"https:\/\/www.ebixlatinamerica.com.br\/","og_site_name":"EBIX Latin America","article_modified_time":"2025-09-30T12:52:13+00:00","og_image":[{"width":1200,"height":675,"url":"https:\/\/www.ebixlatinamerica.com.br\/wp-content\/uploads\/2024\/09\/seo-1200.jpg","type":"image\/jpeg"}],"twitter_card":"summary_large_image","twitter_site":"@EbixLatam","twitter_misc":{"Tiempo de lectura":"1 minute"},"schema":{"@context":"https:\/\/schema.org","@graph":[{"@type":"WebPage","@id":"https:\/\/www.ebixlatinamerica.com.br\/","url":"https:\/\/www.ebixlatinamerica.com.br\/","name":"Insurtech global especializada em seguros","isPartOf":{"@id":"https:\/\/www.ebixlatinamerica.com.br\/#website"},"datePublished":"2018-04-16T12:10:58+00:00","dateModified":"2025-09-30T12:52:13+00:00","description":"A Ebix Latin America \u00e9 uma Insurtech global especializada em seguros e no desenvolvimento de solu\u00e7\u00f5es tecnol\u00f3gicas inovadoras","breadcrumb":{"@id":"https:\/\/www.ebixlatinamerica.com.br\/#breadcrumb"},"inLanguage":"es-ES","potentialAction":[{"@type":"ReadAction","target":["https:\/\/www.ebixlatinamerica.com.br\/"]}]},{"@type":"BreadcrumbList","@id":"https:\/\/www.ebixlatinamerica.com.br\/#breadcrumb","itemListElement":[{"@type":"ListItem","position":1,"name":"In\u00edcio","item":"https:\/\/www.ebixlatinamerica.com.br\/"},{"@type":"ListItem","position":2,"name":"Home"}]},{"@type":"WebSite","@id":"https:\/\/www.ebixlatinamerica.com.br\/#website","url":"https:\/\/www.ebixlatinamerica.com.br\/","name":"EBIX Latin America","description":"L\u00edder mundial em preodutos e servi\u00e7os de TI para Seguros","publisher":{"@id":"https:\/\/www.ebixlatinamerica.com.br\/#organization"},"alternateName":"EBIX","potentialAction":[{"@type":"SearchAction","target":{"@type":"EntryPoint","urlTemplate":"https:\/\/www.ebixlatinamerica.com.br\/?s={search_term_string}"},"query-input":{"@type":"PropertyValueSpecification","valueRequired":true,"valueName":"search_term_string"}}],"inLanguage":"es-ES"},{"@type":"Organization","@id":"https:\/\/www.ebixlatinamerica.com.br\/#organization","name":"EBIX Latin America","alternateName":"EBIX","url":"https:\/\/www.ebixlatinamerica.com.br\/","logo":{"@type":"ImageObject","inLanguage":"es-ES","@id":"https:\/\/www.ebixlatinamerica.com.br\/#\/schema\/logo\/image\/","url":"https:\/\/www.engagemarketing.com.br\/homologacao\/ebix\/wp-content\/uploads\/2024\/09\/seo-696.jpg","contentUrl":"https:\/\/www.engagemarketing.com.br\/homologacao\/ebix\/wp-content\/uploads\/2024\/09\/seo-696.jpg","width":696,"height":696,"caption":"EBIX Latin America"},"image":{"@id":"https:\/\/www.ebixlatinamerica.com.br\/#\/schema\/logo\/image\/"},"sameAs":["https:\/\/x.com\/EbixLatam","http:\/\/instagram.com\/EbixLata","https:\/\/www.linkedin.com\/company\/ebix-latin-america\/"]}]}},"_links":{"self":[{"href":"https:\/\/www.ebixlatinamerica.com.br\/es\/wp-json\/wp\/v2\/pages\/20","targetHints":{"allow":["GET"]}}],"collection":[{"href":"https:\/\/www.ebixlatinamerica.com.br\/es\/wp-json\/wp\/v2\/pages"}],"about":[{"href":"https:\/\/www.ebixlatinamerica.com.br\/es\/wp-json\/wp\/v2\/types\/page"}],"author":[{"embeddable":true,"href":"https:\/\/www.ebixlatinamerica.com.br\/es\/wp-json\/wp\/v2\/users\/2"}],"replies":[{"embeddable":true,"href":"https:\/\/www.ebixlatinamerica.com.br\/es\/wp-json\/wp\/v2\/comments?post=20"}],"version-history":[{"count":14,"href":"https:\/\/www.ebixlatinamerica.com.br\/es\/wp-json\/wp\/v2\/pages\/20\/revisions"}],"predecessor-version":[{"id":742,"href":"https:\/\/www.ebixlatinamerica.com.br\/es\/wp-json\/wp\/v2\/pages\/20\/revisions\/742"}],"wp:attachment":[{"href":"https:\/\/www.ebixlatinamerica.com.br\/es\/wp-json\/wp\/v2\/media?parent=20"}],"curies":[{"name":"wp","href":"https:\/\/api.w.org\/{rel}","templated":true}]}}