{"id":236,"date":"2024-09-26T11:20:54","date_gmt":"2024-09-26T14:20:54","guid":{"rendered":"http:\/\/localhost\/_mktminuto\/ebix\/site\/?page_id=236"},"modified":"2025-09-30T11:24:54","modified_gmt":"2025-09-30T14:24:54","slug":"plataforma-digital-de-nuevos-negocios-para-seguro-de-vida-en-grupo","status":"publish","type":"page","link":"https:\/\/www.ebixlatinamerica.com.br\/es\/plataforma-digital-de-nuevos-negocios-para-seguro-de-vida-en-grupo\/","title":{"rendered":"Plataforma digital de nuevos negocios para seguro de vida en grupo","raw":"Plataforma digital de nuevos negocios para seguro de vida en grupo"},"content":{"rendered":"<p>Transforme hoy la gesti\u00f3n de seguros de vida en grupo y prep\u00e1rese para un futuro prometedor.<\/p>\n<p>La Plataforma Digital de Nuevos Negocios para Seguro de Vida en Grupo de Ebix representa un avance significativo en la industria de seguros, proporcionando una soluci\u00f3n completa e integrada que responde a las exigencias del mercado moderno.<\/p>\n<p>Con esta herramienta, Ebix reafirma su compromiso con la innovaci\u00f3n y la excelencia, posicion\u00e1ndose como el socio ideal para aseguradoras que buscan optimizar sus operaciones y ofrecer el mejor servicio a sus socios comerciales.<\/p>\n<p>La plataforma es \u00fanica en el mercado, descentralizando el proceso de contrataci\u00f3n, implementaci\u00f3n y facturaci\u00f3n de contratos de seguros de vida en grupo. A trav\u00e9s de la automatizaci\u00f3n, la soluci\u00f3n garantiza flexibilidad, agilidad y seguridad en todos los procesos y actores involucrados, como corredores, clientes, sucursales, departamentos comerciales y \u00e1reas t\u00e9cnicas de la aseguradora.<\/p>\n","protected":false,"raw":"<p>Transforme hoy la gesti\u00f3n de seguros de vida en grupo y prep\u00e1rese para un futuro prometedor.<\/p>\r\n<p>La Plataforma Digital de Nuevos Negocios para Seguro de Vida en Grupo de Ebix representa un avance significativo en la industria de seguros, proporcionando una soluci\u00f3n completa e integrada que responde a las exigencias del mercado moderno.<\/p>\r\n<p>Con esta herramienta, Ebix reafirma su compromiso con la innovaci\u00f3n y la excelencia, posicion\u00e1ndose como el socio ideal para aseguradoras que buscan optimizar sus operaciones y ofrecer el mejor servicio a sus socios comerciales.<\/p>\r\n<p>La plataforma es \u00fanica en el mercado, descentralizando el proceso de contrataci\u00f3n, implementaci\u00f3n y facturaci\u00f3n de contratos de seguros de vida en grupo. A trav\u00e9s de la automatizaci\u00f3n, la soluci\u00f3n garantiza flexibilidad, agilidad y seguridad en todos los procesos y actores involucrados, como corredores, clientes, sucursales, departamentos comerciales y \u00e1reas t\u00e9cnicas de la aseguradora.<\/p>"},"excerpt":{"rendered":"","protected":false,"raw":""},"author":2,"featured_media":476,"parent":0,"menu_order":0,"comment_status":"closed","ping_status":"closed","template":"page-para-seguradoras.php","meta":{"_pt_post_content":"<!-- wp:heading {\"level\":3,\"className\":\"title title\\u002d\\u002dxs\"} -->\r\n<h3 class=\"wp-block-heading title title--xs\">Transforme hoje a gest\u00e3o de seguros de Vida em Grupo e prepare-se para um futuro promissor<\/h3>\r\n<!-- \/wp:heading -->\r\n\r\n<!-- wp:paragraph -->\r\n<p>A Plataforma Digital de Novos Neg\u00f3cios para Seguro de Vida em Grupo da Ebix representa um avan\u00e7o significativo na ind\u00fastria de seguros, proporcionando uma solu\u00e7\u00e3o completa e integrada que atende \u00e0s exig\u00eancias do mercado moderno.<\/p>\r\n<!-- \/wp:paragraph -->\r\n\r\n<!-- wp:paragraph -->\r\n<p>Com esta ferramenta, a Ebix reafirma seu compromisso com a inova\u00e7\u00e3o e a excel\u00eancia, posicionando-se como parceira ideal para seguradoras que buscam otimizar suas opera\u00e7\u00f5es e oferecer o melhor servi\u00e7o aos seus parceiros comerciais.<\/p>\r\n<!-- \/wp:paragraph -->\r\n\r\n<!-- wp:paragraph -->\r\n<p>A Plataforma \u00e9 \u00fanica no mercado, descentralizando o processo para contrata\u00e7\u00e3o, implanta\u00e7\u00e3o e faturamento de contratos para seguro de Vida em Grupo. Atrav\u00e9s da automa\u00e7\u00e3o a solu\u00e7\u00e3o garante flexibilidade, agilidade e seguran\u00e7a em todos os processos e atores envolvidos, como corretores, clientes, filiais, departamentos comerciais e \u00e1reas t\u00e9cnicas da seguradora.<\/p>\r\n<!-- \/wp:paragraph -->","_pt_post_name":"plataforma-digital-de-novos-negocios-para-seguro-de-vida-em-grupo","_pt_post_excerpt":"","_pt_post_title":"Plataforma Digital de Novos Neg\u00f3cios para Seguro de Vida em Grupo","_es_post_content":"<p>Transforme hoy la gesti\u00f3n de seguros de vida en grupo y prep\u00e1rese para un futuro prometedor.<\/p>\r\n<p>La Plataforma Digital de Nuevos Negocios para Seguro de Vida en Grupo de Ebix representa un avance significativo en la industria de seguros, proporcionando una soluci\u00f3n completa e integrada que responde a las exigencias del mercado moderno.<\/p>\r\n<p>Con esta herramienta, Ebix reafirma su compromiso con la innovaci\u00f3n y la excelencia, posicion\u00e1ndose como el socio ideal para aseguradoras que buscan optimizar sus operaciones y ofrecer el mejor servicio a sus socios comerciales.<\/p>\r\n<p>La plataforma es \u00fanica en el mercado, descentralizando el proceso de contrataci\u00f3n, implementaci\u00f3n y facturaci\u00f3n de contratos de seguros de vida en grupo. A trav\u00e9s de la automatizaci\u00f3n, la soluci\u00f3n garantiza flexibilidad, agilidad y seguridad en todos los procesos y actores involucrados, como corredores, clientes, sucursales, departamentos comerciales y \u00e1reas t\u00e9cnicas de la aseguradora.<\/p>","_es_post_name":"plataforma-digital-de-nuevos-negocios-para-seguro-de-vida-en-grupo","_es_post_excerpt":"","_es_post_title":"Plataforma digital de nuevos negocios para seguro de vida en grupo","_en_post_content":"<h3 class=\"title title--xs\">Transform the management of Group Life Insurance today and prepare for a promising future<\/h3>\r\n<p>The Digital Platform for New Business in Group Life Insurance from Ebix represents a significant advancement in the insurance industry, providing a complete and integrated solution that meets the demands of the modern market.<\/p>\r\n<p>With this tool, Ebix reaffirms its commitment to innovation and excellence, positioning itself as the ideal partner for insurers seeking to optimize their operations and offer the best service to their business partners.<\/p>\r\n<p>The Platform is unique in the market, decentralizing the process for contracting, implementation, and billing of Group Life Insurance contracts. Through automation, the solution ensures flexibility, agility, and security in all processes and stakeholders involved, such as brokers, clients, branches, commercial departments, and insurers\u2019 technical areas.<\/p>","_en_post_name":"digital-platform-for-new-business-in-group-life-insurance","_en_post_excerpt":"","_en_post_title":"Digital Platform for New Business in Group Life Insurance","edit_language":"es","footnotes":""},"class_list":["post-236","page","type-page","status-publish","has-post-thumbnail","hentry"],"acf":[],"yoast_head":"<!-- This site is optimized with the Yoast SEO plugin v27.3 - https:\/\/yoast.com\/product\/yoast-seo-wordpress\/ -->\n<title>Plataforma Digital de Novos Neg\u00f3cios para Seguro de Vida em Grupo - EBIX Latin America<\/title>\n<meta name=\"robots\" content=\"index, follow, max-snippet:-1, max-image-preview:large, max-video-preview:-1\" \/>\n<link rel=\"canonical\" href=\"https:\/\/www.ebixlatinamerica.com.br\/plataforma-digital-de-novos-negocios-para-seguro-de-vida-em-grupo\/\" \/>\n<meta property=\"og:locale\" content=\"es_ES\" \/>\n<meta property=\"og:type\" content=\"article\" \/>\n<meta property=\"og:title\" content=\"Plataforma Digital de Novos Neg\u00f3cios para Seguro de Vida em Grupo - EBIX Latin America\" \/>\n<meta property=\"og:description\" content=\"Transforme hoje a gest\u00e3o de seguros de Vida em Grupo e prepare-se para um futuro promissor A Plataforma Digital de Novos Neg\u00f3cios para Seguro de Vida em Grupo da Ebix representa um avan\u00e7o significativo na ind\u00fastria de seguros, proporcionando uma solu\u00e7\u00e3o completa e integrada que atende \u00e0s exig\u00eancias do mercado moderno. Com esta ferramenta, a &hellip; Continued\" \/>\n<meta property=\"og:url\" content=\"https:\/\/www.ebixlatinamerica.com.br\/plataforma-digital-de-novos-negocios-para-seguro-de-vida-em-grupo\/\" \/>\n<meta property=\"og:site_name\" content=\"EBIX Latin America\" \/>\n<meta property=\"article:modified_time\" content=\"2025-09-30T14:24:54+00:00\" \/>\n<meta property=\"og:image\" content=\"https:\/\/www.ebixlatinamerica.com.br\/wp-content\/uploads\/2024\/10\/Group-12.png\" \/>\n\t<meta property=\"og:image:width\" content=\"467\" \/>\n\t<meta property=\"og:image:height\" content=\"602\" \/>\n\t<meta property=\"og:image:type\" content=\"image\/png\" \/>\n<meta name=\"twitter:card\" content=\"summary_large_image\" \/>\n<meta name=\"twitter:site\" content=\"@EbixLatam\" \/>\n<meta name=\"twitter:label1\" content=\"Tiempo de lectura\" \/>\n\t<meta name=\"twitter:data1\" content=\"1 minute\" \/>\n<script type=\"application\/ld+json\" class=\"yoast-schema-graph\">{\"@context\":\"https:\\\/\\\/schema.org\",\"@graph\":[{\"@type\":\"WebPage\",\"@id\":\"https:\\\/\\\/www.ebixlatinamerica.com.br\\\/plataforma-digital-de-novos-negocios-para-seguro-de-vida-em-grupo\\\/\",\"url\":\"https:\\\/\\\/www.ebixlatinamerica.com.br\\\/plataforma-digital-de-novos-negocios-para-seguro-de-vida-em-grupo\\\/\",\"name\":\"Plataforma Digital de Novos Neg\u00f3cios para Seguro de Vida em Grupo - EBIX Latin America\",\"isPartOf\":{\"@id\":\"https:\\\/\\\/www.ebixlatinamerica.com.br\\\/#website\"},\"primaryImageOfPage\":{\"@id\":\"https:\\\/\\\/www.ebixlatinamerica.com.br\\\/plataforma-digital-de-novos-negocios-para-seguro-de-vida-em-grupo\\\/#primaryimage\"},\"image\":{\"@id\":\"https:\\\/\\\/www.ebixlatinamerica.com.br\\\/plataforma-digital-de-novos-negocios-para-seguro-de-vida-em-grupo\\\/#primaryimage\"},\"thumbnailUrl\":\"https:\\\/\\\/www.ebixlatinamerica.com.br\\\/wp-content\\\/uploads\\\/2024\\\/10\\\/Group-12.png\",\"datePublished\":\"2024-09-26T14:20:54+00:00\",\"dateModified\":\"2025-09-30T14:24:54+00:00\",\"breadcrumb\":{\"@id\":\"https:\\\/\\\/www.ebixlatinamerica.com.br\\\/plataforma-digital-de-novos-negocios-para-seguro-de-vida-em-grupo\\\/#breadcrumb\"},\"inLanguage\":\"es-ES\",\"potentialAction\":[{\"@type\":\"ReadAction\",\"target\":[\"https:\\\/\\\/www.ebixlatinamerica.com.br\\\/plataforma-digital-de-novos-negocios-para-seguro-de-vida-em-grupo\\\/\"]}]},{\"@type\":\"ImageObject\",\"inLanguage\":\"es-ES\",\"@id\":\"https:\\\/\\\/www.ebixlatinamerica.com.br\\\/plataforma-digital-de-novos-negocios-para-seguro-de-vida-em-grupo\\\/#primaryimage\",\"url\":\"https:\\\/\\\/www.ebixlatinamerica.com.br\\\/wp-content\\\/uploads\\\/2024\\\/10\\\/Group-12.png\",\"contentUrl\":\"https:\\\/\\\/www.ebixlatinamerica.com.br\\\/wp-content\\\/uploads\\\/2024\\\/10\\\/Group-12.png\",\"width\":467,\"height\":602},{\"@type\":\"BreadcrumbList\",\"@id\":\"https:\\\/\\\/www.ebixlatinamerica.com.br\\\/plataforma-digital-de-novos-negocios-para-seguro-de-vida-em-grupo\\\/#breadcrumb\",\"itemListElement\":[{\"@type\":\"ListItem\",\"position\":1,\"name\":\"In\u00edcio\",\"item\":\"https:\\\/\\\/www.ebixlatinamerica.com.br\\\/\"},{\"@type\":\"ListItem\",\"position\":2,\"name\":\"Plataforma Digital de Novos Neg\u00f3cios para Seguro de Vida em Grupo\"}]},{\"@type\":\"WebSite\",\"@id\":\"https:\\\/\\\/www.ebixlatinamerica.com.br\\\/#website\",\"url\":\"https:\\\/\\\/www.ebixlatinamerica.com.br\\\/\",\"name\":\"EBIX Latin America\",\"description\":\"L\u00edder mundial em preodutos e servi\u00e7os de TI para Seguros\",\"publisher\":{\"@id\":\"https:\\\/\\\/www.ebixlatinamerica.com.br\\\/#organization\"},\"alternateName\":\"EBIX\",\"potentialAction\":[{\"@type\":\"SearchAction\",\"target\":{\"@type\":\"EntryPoint\",\"urlTemplate\":\"https:\\\/\\\/www.ebixlatinamerica.com.br\\\/?s={search_term_string}\"},\"query-input\":{\"@type\":\"PropertyValueSpecification\",\"valueRequired\":true,\"valueName\":\"search_term_string\"}}],\"inLanguage\":\"es-ES\"},{\"@type\":\"Organization\",\"@id\":\"https:\\\/\\\/www.ebixlatinamerica.com.br\\\/#organization\",\"name\":\"EBIX Latin America\",\"alternateName\":\"EBIX\",\"url\":\"https:\\\/\\\/www.ebixlatinamerica.com.br\\\/\",\"logo\":{\"@type\":\"ImageObject\",\"inLanguage\":\"es-ES\",\"@id\":\"https:\\\/\\\/www.ebixlatinamerica.com.br\\\/#\\\/schema\\\/logo\\\/image\\\/\",\"url\":\"https:\\\/\\\/www.engagemarketing.com.br\\\/homologacao\\\/ebix\\\/wp-content\\\/uploads\\\/2024\\\/09\\\/seo-696.jpg\",\"contentUrl\":\"https:\\\/\\\/www.engagemarketing.com.br\\\/homologacao\\\/ebix\\\/wp-content\\\/uploads\\\/2024\\\/09\\\/seo-696.jpg\",\"width\":696,\"height\":696,\"caption\":\"EBIX Latin America\"},\"image\":{\"@id\":\"https:\\\/\\\/www.ebixlatinamerica.com.br\\\/#\\\/schema\\\/logo\\\/image\\\/\"},\"sameAs\":[\"https:\\\/\\\/x.com\\\/EbixLatam\",\"http:\\\/\\\/instagram.com\\\/EbixLata\",\"https:\\\/\\\/www.linkedin.com\\\/company\\\/ebix-latin-america\\\/\"]}]}<\/script>\n<!-- \/ Yoast SEO plugin. -->","yoast_head_json":{"title":"Plataforma Digital de Novos Neg\u00f3cios para Seguro de Vida em Grupo - EBIX Latin America","robots":{"index":"index","follow":"follow","max-snippet":"max-snippet:-1","max-image-preview":"max-image-preview:large","max-video-preview":"max-video-preview:-1"},"canonical":"https:\/\/www.ebixlatinamerica.com.br\/plataforma-digital-de-novos-negocios-para-seguro-de-vida-em-grupo\/","og_locale":"es_ES","og_type":"article","og_title":"Plataforma Digital de Novos Neg\u00f3cios para Seguro de Vida em Grupo - EBIX Latin America","og_description":"Transforme hoje a gest\u00e3o de seguros de Vida em Grupo e prepare-se para um futuro promissor A Plataforma Digital de Novos Neg\u00f3cios para Seguro de Vida em Grupo da Ebix representa um avan\u00e7o significativo na ind\u00fastria de seguros, proporcionando uma solu\u00e7\u00e3o completa e integrada que atende \u00e0s exig\u00eancias do mercado moderno. Com esta ferramenta, a &hellip; Continued","og_url":"https:\/\/www.ebixlatinamerica.com.br\/plataforma-digital-de-novos-negocios-para-seguro-de-vida-em-grupo\/","og_site_name":"EBIX Latin America","article_modified_time":"2025-09-30T14:24:54+00:00","og_image":[{"width":467,"height":602,"url":"https:\/\/www.ebixlatinamerica.com.br\/wp-content\/uploads\/2024\/10\/Group-12.png","type":"image\/png"}],"twitter_card":"summary_large_image","twitter_site":"@EbixLatam","twitter_misc":{"Tiempo de lectura":"1 minute"},"schema":{"@context":"https:\/\/schema.org","@graph":[{"@type":"WebPage","@id":"https:\/\/www.ebixlatinamerica.com.br\/plataforma-digital-de-novos-negocios-para-seguro-de-vida-em-grupo\/","url":"https:\/\/www.ebixlatinamerica.com.br\/plataforma-digital-de-novos-negocios-para-seguro-de-vida-em-grupo\/","name":"Plataforma Digital de Novos Neg\u00f3cios para Seguro de Vida em Grupo - EBIX Latin America","isPartOf":{"@id":"https:\/\/www.ebixlatinamerica.com.br\/#website"},"primaryImageOfPage":{"@id":"https:\/\/www.ebixlatinamerica.com.br\/plataforma-digital-de-novos-negocios-para-seguro-de-vida-em-grupo\/#primaryimage"},"image":{"@id":"https:\/\/www.ebixlatinamerica.com.br\/plataforma-digital-de-novos-negocios-para-seguro-de-vida-em-grupo\/#primaryimage"},"thumbnailUrl":"https:\/\/www.ebixlatinamerica.com.br\/wp-content\/uploads\/2024\/10\/Group-12.png","datePublished":"2024-09-26T14:20:54+00:00","dateModified":"2025-09-30T14:24:54+00:00","breadcrumb":{"@id":"https:\/\/www.ebixlatinamerica.com.br\/plataforma-digital-de-novos-negocios-para-seguro-de-vida-em-grupo\/#breadcrumb"},"inLanguage":"es-ES","potentialAction":[{"@type":"ReadAction","target":["https:\/\/www.ebixlatinamerica.com.br\/plataforma-digital-de-novos-negocios-para-seguro-de-vida-em-grupo\/"]}]},{"@type":"ImageObject","inLanguage":"es-ES","@id":"https:\/\/www.ebixlatinamerica.com.br\/plataforma-digital-de-novos-negocios-para-seguro-de-vida-em-grupo\/#primaryimage","url":"https:\/\/www.ebixlatinamerica.com.br\/wp-content\/uploads\/2024\/10\/Group-12.png","contentUrl":"https:\/\/www.ebixlatinamerica.com.br\/wp-content\/uploads\/2024\/10\/Group-12.png","width":467,"height":602},{"@type":"BreadcrumbList","@id":"https:\/\/www.ebixlatinamerica.com.br\/plataforma-digital-de-novos-negocios-para-seguro-de-vida-em-grupo\/#breadcrumb","itemListElement":[{"@type":"ListItem","position":1,"name":"In\u00edcio","item":"https:\/\/www.ebixlatinamerica.com.br\/"},{"@type":"ListItem","position":2,"name":"Plataforma Digital de Novos Neg\u00f3cios para Seguro de Vida em Grupo"}]},{"@type":"WebSite","@id":"https:\/\/www.ebixlatinamerica.com.br\/#website","url":"https:\/\/www.ebixlatinamerica.com.br\/","name":"EBIX Latin America","description":"L\u00edder mundial em preodutos e servi\u00e7os de TI para Seguros","publisher":{"@id":"https:\/\/www.ebixlatinamerica.com.br\/#organization"},"alternateName":"EBIX","potentialAction":[{"@type":"SearchAction","target":{"@type":"EntryPoint","urlTemplate":"https:\/\/www.ebixlatinamerica.com.br\/?s={search_term_string}"},"query-input":{"@type":"PropertyValueSpecification","valueRequired":true,"valueName":"search_term_string"}}],"inLanguage":"es-ES"},{"@type":"Organization","@id":"https:\/\/www.ebixlatinamerica.com.br\/#organization","name":"EBIX Latin America","alternateName":"EBIX","url":"https:\/\/www.ebixlatinamerica.com.br\/","logo":{"@type":"ImageObject","inLanguage":"es-ES","@id":"https:\/\/www.ebixlatinamerica.com.br\/#\/schema\/logo\/image\/","url":"https:\/\/www.engagemarketing.com.br\/homologacao\/ebix\/wp-content\/uploads\/2024\/09\/seo-696.jpg","contentUrl":"https:\/\/www.engagemarketing.com.br\/homologacao\/ebix\/wp-content\/uploads\/2024\/09\/seo-696.jpg","width":696,"height":696,"caption":"EBIX Latin America"},"image":{"@id":"https:\/\/www.ebixlatinamerica.com.br\/#\/schema\/logo\/image\/"},"sameAs":["https:\/\/x.com\/EbixLatam","http:\/\/instagram.com\/EbixLata","https:\/\/www.linkedin.com\/company\/ebix-latin-america\/"]}]}},"_links":{"self":[{"href":"https:\/\/www.ebixlatinamerica.com.br\/es\/wp-json\/wp\/v2\/pages\/236","targetHints":{"allow":["GET"]}}],"collection":[{"href":"https:\/\/www.ebixlatinamerica.com.br\/es\/wp-json\/wp\/v2\/pages"}],"about":[{"href":"https:\/\/www.ebixlatinamerica.com.br\/es\/wp-json\/wp\/v2\/types\/page"}],"author":[{"embeddable":true,"href":"https:\/\/www.ebixlatinamerica.com.br\/es\/wp-json\/wp\/v2\/users\/2"}],"replies":[{"embeddable":true,"href":"https:\/\/www.ebixlatinamerica.com.br\/es\/wp-json\/wp\/v2\/comments?post=236"}],"version-history":[{"count":19,"href":"https:\/\/www.ebixlatinamerica.com.br\/es\/wp-json\/wp\/v2\/pages\/236\/revisions"}],"predecessor-version":[{"id":917,"href":"https:\/\/www.ebixlatinamerica.com.br\/es\/wp-json\/wp\/v2\/pages\/236\/revisions\/917"}],"wp:featuredmedia":[{"embeddable":true,"href":"https:\/\/www.ebixlatinamerica.com.br\/es\/wp-json\/wp\/v2\/media\/476"}],"wp:attachment":[{"href":"https:\/\/www.ebixlatinamerica.com.br\/es\/wp-json\/wp\/v2\/media?parent=236"}],"curies":[{"name":"wp","href":"https:\/\/api.w.org\/{rel}","templated":true}]}}