{"id":239,"date":"2024-09-26T11:22:48","date_gmt":"2024-09-26T14:22:48","guid":{"rendered":"http:\/\/localhost\/_mktminuto\/ebix\/site\/?page_id=239"},"modified":"2025-09-30T11:28:25","modified_gmt":"2025-09-30T14:28:25","slug":"plataforma-digital-de-nuevos-negocios-para-seguros-generales","status":"publish","type":"page","link":"https:\/\/www.ebixlatinamerica.com.br\/es\/plataforma-digital-de-nuevos-negocios-para-seguros-generales\/","title":{"rendered":"Plataforma digital de nuevos negocios para seguros generales","raw":"Plataforma digital de nuevos negocios para seguros generales"},"content":{"rendered":"<p>Descubra la Plataforma Digital de Nuevos Negocios para Seguros Generales de Ebix, una herramienta revolucionaria que est\u00e1 redefiniendo el mercado de seguros de P&amp;C.<\/p>\n<p>Bienvenido a la Plataforma Digital de Nuevos Negocios en Seguros Generales de Ebix, una innovaci\u00f3n tecnol\u00f3gica que proporciona agilidad y seguridad para aseguradoras de todos los tama\u00f1os. Con una implementaci\u00f3n r\u00e1pida y eficiente, permite la captaci\u00f3n inmediata de nuevos negocios online.<\/p>\n<p>Nuestra plataforma, robusta, escalable y segura, ya ha sido probada y utilizada por varias aseguradoras importantes del mercado. Est\u00e1 dise\u00f1ada para ofrecer rapidez en la implementaci\u00f3n, con total flexibilidad para la configuraci\u00f3n de productos, asegurando que su empresa est\u00e9 siempre a la vanguardia en el competitivo mercado de seguros.<\/p>\n<p>Con un enfoque en la eficiencia y flexibilidad, nuestra plataforma ofrece una serie de recursos avanzados que facilitan la captaci\u00f3n de nuevos negocios, el c\u00e1lculo de cotizaciones, la gesti\u00f3n de riesgos y mucho m\u00e1s, todo con la garant\u00eda de seguridad y escalabilidad que el mercado demanda.<\/p>\n<p><strong>Productos disponibles en la plataforma:<\/strong> Residencial, Empresarial, Condominio, Equipos, Aeron\u00e1utico, Prenda Rural, Casco Autob\u00fas, Responsabilidad Civil Profesional, Garaje, Mejoras, entre otros.<\/p>\n","protected":false,"raw":"<p>Descubra la Plataforma Digital de Nuevos Negocios para Seguros Generales de Ebix, una herramienta revolucionaria que est\u00e1 redefiniendo el mercado de seguros de P&amp;C.<\/p>\r\n<p>Bienvenido a la Plataforma Digital de Nuevos Negocios en Seguros Generales de Ebix, una innovaci\u00f3n tecnol\u00f3gica que proporciona agilidad y seguridad para aseguradoras de todos los tama\u00f1os. Con una implementaci\u00f3n r\u00e1pida y eficiente, permite la captaci\u00f3n inmediata de nuevos negocios online.<\/p>\r\n<p>Nuestra plataforma, robusta, escalable y segura, ya ha sido probada y utilizada por varias aseguradoras importantes del mercado. Est\u00e1 dise\u00f1ada para ofrecer rapidez en la implementaci\u00f3n, con total flexibilidad para la configuraci\u00f3n de productos, asegurando que su empresa est\u00e9 siempre a la vanguardia en el competitivo mercado de seguros.<\/p>\r\n<p>Con un enfoque en la eficiencia y flexibilidad, nuestra plataforma ofrece una serie de recursos avanzados que facilitan la captaci\u00f3n de nuevos negocios, el c\u00e1lculo de cotizaciones, la gesti\u00f3n de riesgos y mucho m\u00e1s, todo con la garant\u00eda de seguridad y escalabilidad que el mercado demanda.<\/p>\r\n<p><strong>Productos disponibles en la plataforma:<\/strong> Residencial, Empresarial, Condominio, Equipos, Aeron\u00e1utico, Prenda Rural, Casco Autob\u00fas, Responsabilidad Civil Profesional, Garaje, Mejoras, entre otros.<\/p>"},"excerpt":{"rendered":"","protected":false,"raw":""},"author":2,"featured_media":475,"parent":0,"menu_order":0,"comment_status":"closed","ping_status":"closed","template":"page-para-seguradoras.php","meta":{"_pt_post_content":"<!-- wp:heading {\"level\":3,\"className\":\"title title\\u002d\\u002dxs\"} -->\r\n<h3 class=\"wp-block-heading title title--xs\">Descubra a Plataforma Digital de Novos Neg\u00f3cios para Seguros Gerais da Ebix, uma ferramenta revolucion\u00e1ria que est\u00e1 redefinindo o mercado de seguros de P&amp;C (Property &amp; Casualty).<\/h3>\r\n<!-- \/wp:heading -->\r\n\r\n<!-- wp:paragraph -->\r\n<p>Seja bem-vindo \u00e0 Plataforma Digital de Novos Neg\u00f3cios em Seguros Gerais da Ebix, uma inova\u00e7\u00e3o tecnol\u00f3gica que proporciona agilidade e seguran\u00e7a para seguradoras de todos os portes. Com implementa\u00e7\u00e3o r\u00e1pida e eficiente, permite a capta\u00e7\u00e3o de novos neg\u00f3cios online de maneira imediata.<\/p>\r\n<!-- \/wp:paragraph -->\r\n\r\n<!-- wp:paragraph -->\r\n<p>Solu\u00e7\u00e3o robusta, escal\u00e1vel e segura, j\u00e1 testada e utilizada por v\u00e1rias seguradoras importantes do mercado, nossa plataforma \u00e9 projetada para oferecer celeridade na implementa\u00e7\u00e3o, com total flexibilidade para configura\u00e7\u00e3o de produtos, garantindo que voc\u00ea esteja sempre \u00e0 frente no mercado competitivo de seguros.<\/p>\r\n<!-- \/wp:paragraph -->\r\n\r\n<!-- wp:paragraph -->\r\n<p>Com uma abordagem centrada na efici\u00eancia e flexibilidade, nossa plataforma oferece uma s\u00e9rie de recursos avan\u00e7ados que facilitam a capta\u00e7\u00e3o de novos neg\u00f3cios, c\u00e1lculo de cota\u00e7\u00f5es, gest\u00e3o de riscos e muito mais, tudo com a garantia de seguran\u00e7a e escalabilidade que o mercado exige.<\/p>\r\n<!-- \/wp:paragraph -->\r\n\r\n<!-- wp:paragraph -->\r\n<p>Produtos dispon\u00edveis na plataforma: Residencial, Empresarial, Condom\u00ednio, Equipamentos, Aeron\u00e1utico, Penhor Rural, Casco \u00d4nibus, Responsabilidades Civil Profissional, Garagem, Benfeitorias, entre outros<\/p>\r\n<!-- \/wp:paragraph -->","_pt_post_name":"plataforma-digital-de-novos-negocios-para-seguros-gerais","_pt_post_excerpt":"","_pt_post_title":"Plataforma Digital de Novos Neg\u00f3cios para Seguros Gerais","_es_post_content":"<p>Descubra la Plataforma Digital de Nuevos Negocios para Seguros Generales de Ebix, una herramienta revolucionaria que est\u00e1 redefiniendo el mercado de seguros de P&amp;C.<\/p>\r\n<p>Bienvenido a la Plataforma Digital de Nuevos Negocios en Seguros Generales de Ebix, una innovaci\u00f3n tecnol\u00f3gica que proporciona agilidad y seguridad para aseguradoras de todos los tama\u00f1os. Con una implementaci\u00f3n r\u00e1pida y eficiente, permite la captaci\u00f3n inmediata de nuevos negocios online.<\/p>\r\n<p>Nuestra plataforma, robusta, escalable y segura, ya ha sido probada y utilizada por varias aseguradoras importantes del mercado. Est\u00e1 dise\u00f1ada para ofrecer rapidez en la implementaci\u00f3n, con total flexibilidad para la configuraci\u00f3n de productos, asegurando que su empresa est\u00e9 siempre a la vanguardia en el competitivo mercado de seguros.<\/p>\r\n<p>Con un enfoque en la eficiencia y flexibilidad, nuestra plataforma ofrece una serie de recursos avanzados que facilitan la captaci\u00f3n de nuevos negocios, el c\u00e1lculo de cotizaciones, la gesti\u00f3n de riesgos y mucho m\u00e1s, todo con la garant\u00eda de seguridad y escalabilidad que el mercado demanda.<\/p>\r\n<p><strong>Productos disponibles en la plataforma:<\/strong> Residencial, Empresarial, Condominio, Equipos, Aeron\u00e1utico, Prenda Rural, Casco Autob\u00fas, Responsabilidad Civil Profesional, Garaje, Mejoras, entre otros.<\/p>","_es_post_name":"plataforma-digital-de-nuevos-negocios-para-seguros-generales","_es_post_excerpt":"","_es_post_title":"Plataforma digital de nuevos negocios para seguros generales","_en_post_content":"<h3 class=\"title title--xs\">Discover Ebix\u2019s Digital Platform for New Business in General Insurance, a revolutionary tool that is redefining the P&amp;C (Property &amp; Casualty) insurance market.<\/h3>\r\n<p>Welcome to Ebix\u2019s Digital Platform for New Business in General Insurance, a technological innovation that provides agility and security for insurers of all sizes. With fast and efficient implementation, it enables the immediate acquisition of new online business.<\/p>\r\n<p>A robust, scalable, and secure solution, already tested and used by several major insurers in the market, our platform is designed to deliver speed in implementation, with full flexibility for product configuration, ensuring that you are always ahead in the competitive insurance market.<\/p>\r\n<p>With an approach centered on efficiency and flexibility, our platform offers a range of advanced features that facilitate new business acquisition, quotation calculation, risk management, and much more, all with the security and scalability that the market demands.<\/p>\r\n<p>Products available on the platform: Residential, Commercial, Condominium, Equipment, Aeronautical, Rural Pledge, Bus Hull, Professional Civil Liability, Garage, Improvements, among others.<\/p>","_en_post_name":"digital-platform-for-new-business-in-general-insurance","_en_post_excerpt":"","_en_post_title":"Digital Platform for New Business in General Insurance","edit_language":"es","footnotes":""},"class_list":["post-239","page","type-page","status-publish","has-post-thumbnail","hentry"],"acf":[],"yoast_head":"<!-- This site is optimized with the Yoast SEO plugin v27.3 - https:\/\/yoast.com\/product\/yoast-seo-wordpress\/ -->\n<title>Plataforma Digital de Novos Neg\u00f3cios para Seguros Gerais<\/title>\n<meta name=\"description\" content=\"Plataforma Digital de Novos Neg\u00f3cios para Seguros Gerais. Descubra a Plataforma Digital de Novos Neg\u00f3cios para Seguros Gerais da Ebix,\" \/>\n<meta name=\"robots\" content=\"index, follow, max-snippet:-1, max-image-preview:large, max-video-preview:-1\" \/>\n<link rel=\"canonical\" href=\"https:\/\/www.ebixlatinamerica.com.br\/plataforma-digital-de-novos-negocios-para-seguros-gerais\/\" \/>\n<meta property=\"og:locale\" content=\"es_ES\" \/>\n<meta property=\"og:type\" content=\"article\" \/>\n<meta property=\"og:title\" content=\"Plataforma Digital de Novos Neg\u00f3cios para Seguros Gerais\" \/>\n<meta property=\"og:description\" content=\"Plataforma Digital de Novos Neg\u00f3cios para Seguros Gerais. Descubra a Plataforma Digital de Novos Neg\u00f3cios para Seguros Gerais da Ebix,\" \/>\n<meta property=\"og:url\" content=\"https:\/\/www.ebixlatinamerica.com.br\/plataforma-digital-de-novos-negocios-para-seguros-gerais\/\" \/>\n<meta property=\"og:site_name\" content=\"EBIX Latin America\" \/>\n<meta property=\"article:modified_time\" content=\"2025-09-30T14:28:25+00:00\" \/>\n<meta property=\"og:image\" content=\"https:\/\/www.ebixlatinamerica.com.br\/wp-content\/uploads\/2024\/10\/Group-11.png\" \/>\n\t<meta property=\"og:image:width\" content=\"467\" \/>\n\t<meta property=\"og:image:height\" content=\"602\" \/>\n\t<meta property=\"og:image:type\" content=\"image\/png\" \/>\n<meta name=\"twitter:card\" content=\"summary_large_image\" \/>\n<meta name=\"twitter:site\" content=\"@EbixLatam\" \/>\n<meta name=\"twitter:label1\" content=\"Tiempo de lectura\" \/>\n\t<meta name=\"twitter:data1\" content=\"2 minutes\" \/>\n<script type=\"application\/ld+json\" class=\"yoast-schema-graph\">{\"@context\":\"https:\\\/\\\/schema.org\",\"@graph\":[{\"@type\":\"WebPage\",\"@id\":\"https:\\\/\\\/www.ebixlatinamerica.com.br\\\/plataforma-digital-de-novos-negocios-para-seguros-gerais\\\/\",\"url\":\"https:\\\/\\\/www.ebixlatinamerica.com.br\\\/plataforma-digital-de-novos-negocios-para-seguros-gerais\\\/\",\"name\":\"Plataforma Digital de Novos Neg\u00f3cios para Seguros Gerais\",\"isPartOf\":{\"@id\":\"https:\\\/\\\/www.ebixlatinamerica.com.br\\\/#website\"},\"primaryImageOfPage\":{\"@id\":\"https:\\\/\\\/www.ebixlatinamerica.com.br\\\/plataforma-digital-de-novos-negocios-para-seguros-gerais\\\/#primaryimage\"},\"image\":{\"@id\":\"https:\\\/\\\/www.ebixlatinamerica.com.br\\\/plataforma-digital-de-novos-negocios-para-seguros-gerais\\\/#primaryimage\"},\"thumbnailUrl\":\"https:\\\/\\\/www.ebixlatinamerica.com.br\\\/wp-content\\\/uploads\\\/2024\\\/10\\\/Group-11.png\",\"datePublished\":\"2024-09-26T14:22:48+00:00\",\"dateModified\":\"2025-09-30T14:28:25+00:00\",\"description\":\"Plataforma Digital de Novos Neg\u00f3cios para Seguros Gerais. Descubra a Plataforma Digital de Novos Neg\u00f3cios para Seguros Gerais da Ebix,\",\"breadcrumb\":{\"@id\":\"https:\\\/\\\/www.ebixlatinamerica.com.br\\\/plataforma-digital-de-novos-negocios-para-seguros-gerais\\\/#breadcrumb\"},\"inLanguage\":\"es-ES\",\"potentialAction\":[{\"@type\":\"ReadAction\",\"target\":[\"https:\\\/\\\/www.ebixlatinamerica.com.br\\\/plataforma-digital-de-novos-negocios-para-seguros-gerais\\\/\"]}]},{\"@type\":\"ImageObject\",\"inLanguage\":\"es-ES\",\"@id\":\"https:\\\/\\\/www.ebixlatinamerica.com.br\\\/plataforma-digital-de-novos-negocios-para-seguros-gerais\\\/#primaryimage\",\"url\":\"https:\\\/\\\/www.ebixlatinamerica.com.br\\\/wp-content\\\/uploads\\\/2024\\\/10\\\/Group-11.png\",\"contentUrl\":\"https:\\\/\\\/www.ebixlatinamerica.com.br\\\/wp-content\\\/uploads\\\/2024\\\/10\\\/Group-11.png\",\"width\":467,\"height\":602},{\"@type\":\"BreadcrumbList\",\"@id\":\"https:\\\/\\\/www.ebixlatinamerica.com.br\\\/plataforma-digital-de-novos-negocios-para-seguros-gerais\\\/#breadcrumb\",\"itemListElement\":[{\"@type\":\"ListItem\",\"position\":1,\"name\":\"In\u00edcio\",\"item\":\"https:\\\/\\\/www.ebixlatinamerica.com.br\\\/\"},{\"@type\":\"ListItem\",\"position\":2,\"name\":\"Plataforma Digital de Novos Neg\u00f3cios para Seguros Gerais\"}]},{\"@type\":\"WebSite\",\"@id\":\"https:\\\/\\\/www.ebixlatinamerica.com.br\\\/#website\",\"url\":\"https:\\\/\\\/www.ebixlatinamerica.com.br\\\/\",\"name\":\"EBIX Latin America\",\"description\":\"L\u00edder mundial em preodutos e servi\u00e7os de TI para Seguros\",\"publisher\":{\"@id\":\"https:\\\/\\\/www.ebixlatinamerica.com.br\\\/#organization\"},\"alternateName\":\"EBIX\",\"potentialAction\":[{\"@type\":\"SearchAction\",\"target\":{\"@type\":\"EntryPoint\",\"urlTemplate\":\"https:\\\/\\\/www.ebixlatinamerica.com.br\\\/?s={search_term_string}\"},\"query-input\":{\"@type\":\"PropertyValueSpecification\",\"valueRequired\":true,\"valueName\":\"search_term_string\"}}],\"inLanguage\":\"es-ES\"},{\"@type\":\"Organization\",\"@id\":\"https:\\\/\\\/www.ebixlatinamerica.com.br\\\/#organization\",\"name\":\"EBIX Latin America\",\"alternateName\":\"EBIX\",\"url\":\"https:\\\/\\\/www.ebixlatinamerica.com.br\\\/\",\"logo\":{\"@type\":\"ImageObject\",\"inLanguage\":\"es-ES\",\"@id\":\"https:\\\/\\\/www.ebixlatinamerica.com.br\\\/#\\\/schema\\\/logo\\\/image\\\/\",\"url\":\"https:\\\/\\\/www.engagemarketing.com.br\\\/homologacao\\\/ebix\\\/wp-content\\\/uploads\\\/2024\\\/09\\\/seo-696.jpg\",\"contentUrl\":\"https:\\\/\\\/www.engagemarketing.com.br\\\/homologacao\\\/ebix\\\/wp-content\\\/uploads\\\/2024\\\/09\\\/seo-696.jpg\",\"width\":696,\"height\":696,\"caption\":\"EBIX Latin America\"},\"image\":{\"@id\":\"https:\\\/\\\/www.ebixlatinamerica.com.br\\\/#\\\/schema\\\/logo\\\/image\\\/\"},\"sameAs\":[\"https:\\\/\\\/x.com\\\/EbixLatam\",\"http:\\\/\\\/instagram.com\\\/EbixLata\",\"https:\\\/\\\/www.linkedin.com\\\/company\\\/ebix-latin-america\\\/\"]}]}<\/script>\n<!-- \/ Yoast SEO plugin. -->","yoast_head_json":{"title":"Plataforma Digital de Novos Neg\u00f3cios para Seguros Gerais","description":"Plataforma Digital de Novos Neg\u00f3cios para Seguros Gerais. Descubra a Plataforma Digital de Novos Neg\u00f3cios para Seguros Gerais da Ebix,","robots":{"index":"index","follow":"follow","max-snippet":"max-snippet:-1","max-image-preview":"max-image-preview:large","max-video-preview":"max-video-preview:-1"},"canonical":"https:\/\/www.ebixlatinamerica.com.br\/plataforma-digital-de-novos-negocios-para-seguros-gerais\/","og_locale":"es_ES","og_type":"article","og_title":"Plataforma Digital de Novos Neg\u00f3cios para Seguros Gerais","og_description":"Plataforma Digital de Novos Neg\u00f3cios para Seguros Gerais. Descubra a Plataforma Digital de Novos Neg\u00f3cios para Seguros Gerais da Ebix,","og_url":"https:\/\/www.ebixlatinamerica.com.br\/plataforma-digital-de-novos-negocios-para-seguros-gerais\/","og_site_name":"EBIX Latin America","article_modified_time":"2025-09-30T14:28:25+00:00","og_image":[{"width":467,"height":602,"url":"https:\/\/www.ebixlatinamerica.com.br\/wp-content\/uploads\/2024\/10\/Group-11.png","type":"image\/png"}],"twitter_card":"summary_large_image","twitter_site":"@EbixLatam","twitter_misc":{"Tiempo de lectura":"2 minutes"},"schema":{"@context":"https:\/\/schema.org","@graph":[{"@type":"WebPage","@id":"https:\/\/www.ebixlatinamerica.com.br\/plataforma-digital-de-novos-negocios-para-seguros-gerais\/","url":"https:\/\/www.ebixlatinamerica.com.br\/plataforma-digital-de-novos-negocios-para-seguros-gerais\/","name":"Plataforma Digital de Novos Neg\u00f3cios para Seguros Gerais","isPartOf":{"@id":"https:\/\/www.ebixlatinamerica.com.br\/#website"},"primaryImageOfPage":{"@id":"https:\/\/www.ebixlatinamerica.com.br\/plataforma-digital-de-novos-negocios-para-seguros-gerais\/#primaryimage"},"image":{"@id":"https:\/\/www.ebixlatinamerica.com.br\/plataforma-digital-de-novos-negocios-para-seguros-gerais\/#primaryimage"},"thumbnailUrl":"https:\/\/www.ebixlatinamerica.com.br\/wp-content\/uploads\/2024\/10\/Group-11.png","datePublished":"2024-09-26T14:22:48+00:00","dateModified":"2025-09-30T14:28:25+00:00","description":"Plataforma Digital de Novos Neg\u00f3cios para Seguros Gerais. Descubra a Plataforma Digital de Novos Neg\u00f3cios para Seguros Gerais da Ebix,","breadcrumb":{"@id":"https:\/\/www.ebixlatinamerica.com.br\/plataforma-digital-de-novos-negocios-para-seguros-gerais\/#breadcrumb"},"inLanguage":"es-ES","potentialAction":[{"@type":"ReadAction","target":["https:\/\/www.ebixlatinamerica.com.br\/plataforma-digital-de-novos-negocios-para-seguros-gerais\/"]}]},{"@type":"ImageObject","inLanguage":"es-ES","@id":"https:\/\/www.ebixlatinamerica.com.br\/plataforma-digital-de-novos-negocios-para-seguros-gerais\/#primaryimage","url":"https:\/\/www.ebixlatinamerica.com.br\/wp-content\/uploads\/2024\/10\/Group-11.png","contentUrl":"https:\/\/www.ebixlatinamerica.com.br\/wp-content\/uploads\/2024\/10\/Group-11.png","width":467,"height":602},{"@type":"BreadcrumbList","@id":"https:\/\/www.ebixlatinamerica.com.br\/plataforma-digital-de-novos-negocios-para-seguros-gerais\/#breadcrumb","itemListElement":[{"@type":"ListItem","position":1,"name":"In\u00edcio","item":"https:\/\/www.ebixlatinamerica.com.br\/"},{"@type":"ListItem","position":2,"name":"Plataforma Digital de Novos Neg\u00f3cios para Seguros Gerais"}]},{"@type":"WebSite","@id":"https:\/\/www.ebixlatinamerica.com.br\/#website","url":"https:\/\/www.ebixlatinamerica.com.br\/","name":"EBIX Latin America","description":"L\u00edder mundial em preodutos e servi\u00e7os de TI para Seguros","publisher":{"@id":"https:\/\/www.ebixlatinamerica.com.br\/#organization"},"alternateName":"EBIX","potentialAction":[{"@type":"SearchAction","target":{"@type":"EntryPoint","urlTemplate":"https:\/\/www.ebixlatinamerica.com.br\/?s={search_term_string}"},"query-input":{"@type":"PropertyValueSpecification","valueRequired":true,"valueName":"search_term_string"}}],"inLanguage":"es-ES"},{"@type":"Organization","@id":"https:\/\/www.ebixlatinamerica.com.br\/#organization","name":"EBIX Latin America","alternateName":"EBIX","url":"https:\/\/www.ebixlatinamerica.com.br\/","logo":{"@type":"ImageObject","inLanguage":"es-ES","@id":"https:\/\/www.ebixlatinamerica.com.br\/#\/schema\/logo\/image\/","url":"https:\/\/www.engagemarketing.com.br\/homologacao\/ebix\/wp-content\/uploads\/2024\/09\/seo-696.jpg","contentUrl":"https:\/\/www.engagemarketing.com.br\/homologacao\/ebix\/wp-content\/uploads\/2024\/09\/seo-696.jpg","width":696,"height":696,"caption":"EBIX Latin America"},"image":{"@id":"https:\/\/www.ebixlatinamerica.com.br\/#\/schema\/logo\/image\/"},"sameAs":["https:\/\/x.com\/EbixLatam","http:\/\/instagram.com\/EbixLata","https:\/\/www.linkedin.com\/company\/ebix-latin-america\/"]}]}},"_links":{"self":[{"href":"https:\/\/www.ebixlatinamerica.com.br\/es\/wp-json\/wp\/v2\/pages\/239","targetHints":{"allow":["GET"]}}],"collection":[{"href":"https:\/\/www.ebixlatinamerica.com.br\/es\/wp-json\/wp\/v2\/pages"}],"about":[{"href":"https:\/\/www.ebixlatinamerica.com.br\/es\/wp-json\/wp\/v2\/types\/page"}],"author":[{"embeddable":true,"href":"https:\/\/www.ebixlatinamerica.com.br\/es\/wp-json\/wp\/v2\/users\/2"}],"replies":[{"embeddable":true,"href":"https:\/\/www.ebixlatinamerica.com.br\/es\/wp-json\/wp\/v2\/comments?post=239"}],"version-history":[{"count":16,"href":"https:\/\/www.ebixlatinamerica.com.br\/es\/wp-json\/wp\/v2\/pages\/239\/revisions"}],"predecessor-version":[{"id":919,"href":"https:\/\/www.ebixlatinamerica.com.br\/es\/wp-json\/wp\/v2\/pages\/239\/revisions\/919"}],"wp:featuredmedia":[{"embeddable":true,"href":"https:\/\/www.ebixlatinamerica.com.br\/es\/wp-json\/wp\/v2\/media\/475"}],"wp:attachment":[{"href":"https:\/\/www.ebixlatinamerica.com.br\/es\/wp-json\/wp\/v2\/media?parent=239"}],"curies":[{"name":"wp","href":"https:\/\/api.w.org\/{rel}","templated":true}]}}