{"id":285,"date":"2024-09-26T13:31:49","date_gmt":"2024-09-26T16:31:49","guid":{"rendered":"http:\/\/localhost\/_mktminuto\/ebix\/site\/?page_id=285"},"modified":"2025-09-30T13:48:54","modified_gmt":"2025-09-30T16:48:54","slug":"plataforma-de-gestion-de-riesgos-y-seguros-para-otras-industrias","status":"publish","type":"page","link":"https:\/\/www.ebixlatinamerica.com.br\/es\/plataforma-de-gestion-de-riesgos-y-seguros-para-otras-industrias\/","title":{"rendered":"Plataforma de Gesti\u00f3n de Riesgos y Seguros para Otras Industrias","raw":"Plataforma de Gesti\u00f3n de Riesgos y Seguros para Otras Industrias"},"content":{"rendered":"<p>Gestionar los riesgos y los seguros contratados dentro de una empresa de gran tama\u00f1o, perteneciente a diferentes industrias, es una tarea compleja. Y cuando se trata de la gesti\u00f3n de programas de seguros, garant\u00edas, siniestros, resultados y desempe\u00f1o, estamos hablando de operaciones que incluyen diversos procesos y que pueden involucrar a muchas personas dentro y fuera de la organizaci\u00f3n.<\/p>\n<p>Con un enfoque en la innovaci\u00f3n para la ejecuci\u00f3n de las actividades por parte del gestor de riesgos de la organizaci\u00f3n, el Sistema de Gesti\u00f3n de Riesgos y Seguros ofrece, desde un punto \u00fanico, funcionalidades para la gesti\u00f3n total de las propuestas y p\u00f3lizas contratadas, vencimientos y cuestionarios de riesgos para apoyar los procesos de renovaci\u00f3n. Tambi\u00e9n cuenta con paneles y diversos informes con informaci\u00f3n sobre Corredores, Aseguradoras, Reaseguradoras, Coberturas, Franquicias y L\u00edmites Contratados.<\/p>\n<p>La gesti\u00f3n estructurada que ofrece la soluci\u00f3n potencia las habilidades de los empleados, facilitando su trabajo y el cumplimiento de las tareas operativas de todos los profesionales involucrados en el d\u00eda a d\u00eda, liber\u00e1ndolos para enfocarse en frentes estrat\u00e9gicas. Todo el sistema est\u00e1 estructurado jer\u00e1rquicamente para el control y la compartici\u00f3n de la gesti\u00f3n, el manejo de documentos, el control de tareas, adem\u00e1s del rastreo de registros para los procesos de auditor\u00eda.<\/p>\n<p>Las Plataformas Digitales de Ebix se integran con sistemas heredados, haciendo que la experiencia y el recorrido del usuario sea completamente digital.<\/p>\n<p>Ebix Latin America, con su mirada hacia el futuro y toda la experiencia en el mercado asegurador, da un paso adelante con esta soluci\u00f3n innovadora, que sin duda traer\u00e1 grandes beneficios para las empresas de otras industrias que desean mejorar la gesti\u00f3n de los seguros y los riesgos contratados con eficiencia y mejores resultados.<\/p>\n","protected":false,"raw":"<p>Gestionar los riesgos y los seguros contratados dentro de una empresa de gran tama\u00f1o, perteneciente a diferentes industrias, es una tarea compleja. Y cuando se trata de la gesti\u00f3n de programas de seguros, garant\u00edas, siniestros, resultados y desempe\u00f1o, estamos hablando de operaciones que incluyen diversos procesos y que pueden involucrar a muchas personas dentro y fuera de la organizaci\u00f3n.<\/p>\r\n<p>Con un enfoque en la innovaci\u00f3n para la ejecuci\u00f3n de las actividades por parte del gestor de riesgos de la organizaci\u00f3n, el Sistema de Gesti\u00f3n de Riesgos y Seguros ofrece, desde un punto \u00fanico, funcionalidades para la gesti\u00f3n total de las propuestas y p\u00f3lizas contratadas, vencimientos y cuestionarios de riesgos para apoyar los procesos de renovaci\u00f3n. Tambi\u00e9n cuenta con paneles y diversos informes con informaci\u00f3n sobre Corredores, Aseguradoras, Reaseguradoras, Coberturas, Franquicias y L\u00edmites Contratados.<\/p>\r\n<p>La gesti\u00f3n estructurada que ofrece la soluci\u00f3n potencia las habilidades de los empleados, facilitando su trabajo y el cumplimiento de las tareas operativas de todos los profesionales involucrados en el d\u00eda a d\u00eda, liber\u00e1ndolos para enfocarse en frentes estrat\u00e9gicas. Todo el sistema est\u00e1 estructurado jer\u00e1rquicamente para el control y la compartici\u00f3n de la gesti\u00f3n, el manejo de documentos, el control de tareas, adem\u00e1s del rastreo de registros para los procesos de auditor\u00eda.<\/p>\r\n<p>Las Plataformas Digitales de Ebix se integran con sistemas heredados, haciendo que la experiencia y el recorrido del usuario sea completamente digital.<\/p>\r\n<p>Ebix Latin America, con su mirada hacia el futuro y toda la experiencia en el mercado asegurador, da un paso adelante con esta soluci\u00f3n innovadora, que sin duda traer\u00e1 grandes beneficios para las empresas de otras industrias que desean mejorar la gesti\u00f3n de los seguros y los riesgos contratados con eficiencia y mejores resultados.<\/p>"},"excerpt":{"rendered":"","protected":false,"raw":""},"author":2,"featured_media":359,"parent":0,"menu_order":0,"comment_status":"closed","ping_status":"closed","template":"page-para-seguradoras.php","meta":{"_pt_post_content":"<!-- wp:paragraph -->\n<p>Gerenciar riscos e seguros contratados dentro de uma empresa de grande porte, em diversos verticais tais como nas \u00e1reas de <em>utilities<\/em>, agroneg\u00f3cio, <em>telecom<\/em>, constru\u00e7\u00e3o civil e outras, \u00e9 uma tarefa complexa. E quando se trata da gest\u00e3o de programas de seguros, garantias, sinistros, resultados e desempenho, estamos falando de opera\u00e7\u00f5es que possuem diversos processos e que podem envolver muitas pessoas dentro e fora da organiza\u00e7\u00e3o.<\/p>\n<!-- \/wp:paragraph -->\n\n<!-- wp:paragraph -->\n<p>Com foco em inova\u00e7\u00e3o para execu\u00e7\u00e3o das atividades pelo <em>Risk Manager<\/em> da organiza\u00e7\u00e3o, o Sistema de Gest\u00e3o de Riscos e Seguros oferece, a partir de um ponto \u00fanico, funcionalidades para Gest\u00e3o total das propostas e ap\u00f3lices contratadas, vencimentos e question\u00e1rios de riscos para suporte aos processos de renova\u00e7\u00e3o. Conta ainda com dashboards e relat\u00f3rios diversos, contendo informa\u00e7\u00f5es sobre Corretoras, Seguradoras, Resseguradoras, Coberturas, Franquias e Limites Contratados.<\/p>\n<!-- \/wp:paragraph -->\n\n<!-- wp:paragraph -->\n<p>A gest\u00e3o estruturada oferecida pela solu\u00e7\u00e3o potencializa as habilidades dos colaboradores, facilitando o trabalho e o cumprimento de tarefas operacionais de todos os profissionais envolvidos no dia a dia e liberando-os para atua\u00e7\u00e3o nas frentes estrat\u00e9gicas. Todo o sistema est\u00e1 estruturado hierarquicamente para controle e compartilhamento da gest\u00e3o, gerenciamento de documentos, controle de tarefas, al\u00e9m de todo o rastreio de registros para processos de auditoria.<\/p>\n<!-- \/wp:paragraph -->\n\n<!-- wp:paragraph -->\n<p>As Plataformas Digitais da Ebix se integram a sistemas legados, tornando a experi\u00eancia e jornada do usu\u00e1rio totalmente digital.<\/p>\n<!-- \/wp:paragraph -->\n\n<!-- wp:paragraph -->\n<p>A Ebix Latin America, com olhar no futuro e com toda a experi\u00eancia no mercado segurador, salta \u00e0 frente com esta solu\u00e7\u00e3o inovadora, que sem d\u00favida trar\u00e1 grandes benef\u00edcios para empresas de outras ind\u00fastrias que desejam melhorar a gest\u00e3o de seguros e riscos contratados com efici\u00eancia e melhoria dos resultados.<\/p>\n<!-- \/wp:paragraph -->","_pt_post_name":"plataforma-de-gestao-de-riscos-e-seguros-para-outras-industrias","_pt_post_excerpt":"","_pt_post_title":"Plataforma de Gest\u00e3o para Risk Managers de Outras Ind\u00fastrias","_es_post_content":"<p>Gestionar los riesgos y los seguros contratados dentro de una empresa de gran tama\u00f1o, perteneciente a diferentes industrias, es una tarea compleja. Y cuando se trata de la gesti\u00f3n de programas de seguros, garant\u00edas, siniestros, resultados y desempe\u00f1o, estamos hablando de operaciones que incluyen diversos procesos y que pueden involucrar a muchas personas dentro y fuera de la organizaci\u00f3n.<\/p>\r\n<p>Con un enfoque en la innovaci\u00f3n para la ejecuci\u00f3n de las actividades por parte del gestor de riesgos de la organizaci\u00f3n, el Sistema de Gesti\u00f3n de Riesgos y Seguros ofrece, desde un punto \u00fanico, funcionalidades para la gesti\u00f3n total de las propuestas y p\u00f3lizas contratadas, vencimientos y cuestionarios de riesgos para apoyar los procesos de renovaci\u00f3n. Tambi\u00e9n cuenta con paneles y diversos informes con informaci\u00f3n sobre Corredores, Aseguradoras, Reaseguradoras, Coberturas, Franquicias y L\u00edmites Contratados.<\/p>\r\n<p>La gesti\u00f3n estructurada que ofrece la soluci\u00f3n potencia las habilidades de los empleados, facilitando su trabajo y el cumplimiento de las tareas operativas de todos los profesionales involucrados en el d\u00eda a d\u00eda, liber\u00e1ndolos para enfocarse en frentes estrat\u00e9gicas. Todo el sistema est\u00e1 estructurado jer\u00e1rquicamente para el control y la compartici\u00f3n de la gesti\u00f3n, el manejo de documentos, el control de tareas, adem\u00e1s del rastreo de registros para los procesos de auditor\u00eda.<\/p>\r\n<p>Las Plataformas Digitales de Ebix se integran con sistemas heredados, haciendo que la experiencia y el recorrido del usuario sea completamente digital.<\/p>\r\n<p>Ebix Latin America, con su mirada hacia el futuro y toda la experiencia en el mercado asegurador, da un paso adelante con esta soluci\u00f3n innovadora, que sin duda traer\u00e1 grandes beneficios para las empresas de otras industrias que desean mejorar la gesti\u00f3n de los seguros y los riesgos contratados con eficiencia y mejores resultados.<\/p>","_es_post_name":"plataforma-de-gestion-de-riesgos-y-seguros-para-otras-industrias","_es_post_excerpt":"","_es_post_title":"Plataforma de Gesti\u00f3n de Riesgos y Seguros para Otras Industrias","_en_post_content":"<p><span style=\"font-weight: 400;\">Managing risks and insurance programs within a large enterprise \u2014 across verticals such as utilities, agribusiness, telecom, construction, and more \u2014 is a complex task. When it comes to overseeing insurance programs, guarantees, claims, performance, and results, we are dealing with highly intricate operations that involve multiple processes and numerous stakeholders inside and outside the organization.<\/span><\/p>\r\n<p><span style=\"font-weight: 400;\">With a focus on innovation and execution, the Risk Management and Insurance Platform provides risk managers with a single point of access to manage proposals and contracted policies, expirations, and risk questionnaires to support renewal processes. The solution also features dashboards and detailed reports with information on Brokers, Insurers, Reinsurers, Coverages, Deductibles, and Policy Limits.<\/span><\/p>\r\n<p><span style=\"font-weight: 400;\">The platform\u2019s structured management framework enhances collaboration, streamlines workflows, and ensures compliance with operational tasks, freeing professionals to focus on strategic initiatives. Built with hierarchical control and sharing capabilities, the system supports document management, task tracking, and full audit trail functionality.<\/span><\/p>\r\n<p><span style=\"font-weight: 400;\">Ebix\u2019s Digital Platforms seamlessly integrate with legacy systems, delivering a fully digital, efficient, and user-centric experience.<\/span><\/p>","_en_post_name":"management-platform-for-risk-managers-across-industries","_en_post_excerpt":"","_en_post_title":"Management Platform for Risk Managers Across Industries","edit_language":"es","footnotes":""},"class_list":["post-285","page","type-page","status-publish","has-post-thumbnail","hentry"],"acf":[],"yoast_head":"<!-- This site is optimized with the Yoast SEO plugin v27.3 - https:\/\/yoast.com\/product\/yoast-seo-wordpress\/ -->\n<title>Plataforma de Gest\u00e3o para Risk Managers de Outras Ind\u00fastrias - EBIX Latin America<\/title>\n<meta name=\"robots\" content=\"index, follow, max-snippet:-1, max-image-preview:large, max-video-preview:-1\" \/>\n<link rel=\"canonical\" href=\"https:\/\/www.ebixlatinamerica.com.br\/plataforma-de-gestao-de-riscos-e-seguros-para-outras-industrias\/\" \/>\n<meta property=\"og:locale\" content=\"es_ES\" \/>\n<meta property=\"og:type\" content=\"article\" \/>\n<meta property=\"og:title\" content=\"Plataforma de Gest\u00e3o para Risk Managers de Outras Ind\u00fastrias - EBIX Latin America\" \/>\n<meta property=\"og:description\" content=\"Gerenciar riscos e seguros contratados dentro de uma empresa de grande porte, em diversos verticais tais como nas \u00e1reas de utilities, agroneg\u00f3cio, telecom, constru\u00e7\u00e3o civil e outras, \u00e9 uma tarefa complexa. E quando se trata da gest\u00e3o de programas de seguros, garantias, sinistros, resultados e desempenho, estamos falando de opera\u00e7\u00f5es que possuem diversos processos e &hellip; Continued\" \/>\n<meta property=\"og:url\" content=\"https:\/\/www.ebixlatinamerica.com.br\/plataforma-de-gestao-de-riscos-e-seguros-para-outras-industrias\/\" \/>\n<meta property=\"og:site_name\" content=\"EBIX Latin America\" \/>\n<meta property=\"article:modified_time\" content=\"2025-09-30T16:48:54+00:00\" \/>\n<meta property=\"og:image\" content=\"https:\/\/www.ebixlatinamerica.com.br\/wp-content\/uploads\/2024\/09\/Group-8-1.png\" \/>\n\t<meta property=\"og:image:width\" content=\"467\" \/>\n\t<meta property=\"og:image:height\" content=\"602\" \/>\n\t<meta property=\"og:image:type\" content=\"image\/png\" \/>\n<meta name=\"twitter:card\" content=\"summary_large_image\" \/>\n<meta name=\"twitter:site\" content=\"@EbixLatam\" \/>\n<meta name=\"twitter:label1\" content=\"Tiempo de lectura\" \/>\n\t<meta name=\"twitter:data1\" content=\"2 minutes\" \/>\n<script type=\"application\/ld+json\" class=\"yoast-schema-graph\">{\"@context\":\"https:\\\/\\\/schema.org\",\"@graph\":[{\"@type\":\"WebPage\",\"@id\":\"https:\\\/\\\/www.ebixlatinamerica.com.br\\\/plataforma-de-gestao-de-riscos-e-seguros-para-outras-industrias\\\/\",\"url\":\"https:\\\/\\\/www.ebixlatinamerica.com.br\\\/plataforma-de-gestao-de-riscos-e-seguros-para-outras-industrias\\\/\",\"name\":\"Plataforma de Gest\u00e3o para Risk Managers de Outras Ind\u00fastrias - EBIX Latin America\",\"isPartOf\":{\"@id\":\"https:\\\/\\\/www.ebixlatinamerica.com.br\\\/#website\"},\"primaryImageOfPage\":{\"@id\":\"https:\\\/\\\/www.ebixlatinamerica.com.br\\\/plataforma-de-gestao-de-riscos-e-seguros-para-outras-industrias\\\/#primaryimage\"},\"image\":{\"@id\":\"https:\\\/\\\/www.ebixlatinamerica.com.br\\\/plataforma-de-gestao-de-riscos-e-seguros-para-outras-industrias\\\/#primaryimage\"},\"thumbnailUrl\":\"https:\\\/\\\/www.ebixlatinamerica.com.br\\\/wp-content\\\/uploads\\\/2024\\\/09\\\/Group-8-1.png\",\"datePublished\":\"2024-09-26T16:31:49+00:00\",\"dateModified\":\"2025-09-30T16:48:54+00:00\",\"breadcrumb\":{\"@id\":\"https:\\\/\\\/www.ebixlatinamerica.com.br\\\/plataforma-de-gestao-de-riscos-e-seguros-para-outras-industrias\\\/#breadcrumb\"},\"inLanguage\":\"es-ES\",\"potentialAction\":[{\"@type\":\"ReadAction\",\"target\":[\"https:\\\/\\\/www.ebixlatinamerica.com.br\\\/plataforma-de-gestao-de-riscos-e-seguros-para-outras-industrias\\\/\"]}]},{\"@type\":\"ImageObject\",\"inLanguage\":\"es-ES\",\"@id\":\"https:\\\/\\\/www.ebixlatinamerica.com.br\\\/plataforma-de-gestao-de-riscos-e-seguros-para-outras-industrias\\\/#primaryimage\",\"url\":\"https:\\\/\\\/www.ebixlatinamerica.com.br\\\/wp-content\\\/uploads\\\/2024\\\/09\\\/Group-8-1.png\",\"contentUrl\":\"https:\\\/\\\/www.ebixlatinamerica.com.br\\\/wp-content\\\/uploads\\\/2024\\\/09\\\/Group-8-1.png\",\"width\":467,\"height\":602},{\"@type\":\"BreadcrumbList\",\"@id\":\"https:\\\/\\\/www.ebixlatinamerica.com.br\\\/plataforma-de-gestao-de-riscos-e-seguros-para-outras-industrias\\\/#breadcrumb\",\"itemListElement\":[{\"@type\":\"ListItem\",\"position\":1,\"name\":\"In\u00edcio\",\"item\":\"https:\\\/\\\/www.ebixlatinamerica.com.br\\\/\"},{\"@type\":\"ListItem\",\"position\":2,\"name\":\"Plataforma de Gest\u00e3o para Risk Managers de Outras Ind\u00fastrias\"}]},{\"@type\":\"WebSite\",\"@id\":\"https:\\\/\\\/www.ebixlatinamerica.com.br\\\/#website\",\"url\":\"https:\\\/\\\/www.ebixlatinamerica.com.br\\\/\",\"name\":\"EBIX Latin America\",\"description\":\"L\u00edder mundial em preodutos e servi\u00e7os de TI para Seguros\",\"publisher\":{\"@id\":\"https:\\\/\\\/www.ebixlatinamerica.com.br\\\/#organization\"},\"alternateName\":\"EBIX\",\"potentialAction\":[{\"@type\":\"SearchAction\",\"target\":{\"@type\":\"EntryPoint\",\"urlTemplate\":\"https:\\\/\\\/www.ebixlatinamerica.com.br\\\/?s={search_term_string}\"},\"query-input\":{\"@type\":\"PropertyValueSpecification\",\"valueRequired\":true,\"valueName\":\"search_term_string\"}}],\"inLanguage\":\"es-ES\"},{\"@type\":\"Organization\",\"@id\":\"https:\\\/\\\/www.ebixlatinamerica.com.br\\\/#organization\",\"name\":\"EBIX Latin America\",\"alternateName\":\"EBIX\",\"url\":\"https:\\\/\\\/www.ebixlatinamerica.com.br\\\/\",\"logo\":{\"@type\":\"ImageObject\",\"inLanguage\":\"es-ES\",\"@id\":\"https:\\\/\\\/www.ebixlatinamerica.com.br\\\/#\\\/schema\\\/logo\\\/image\\\/\",\"url\":\"https:\\\/\\\/www.engagemarketing.com.br\\\/homologacao\\\/ebix\\\/wp-content\\\/uploads\\\/2024\\\/09\\\/seo-696.jpg\",\"contentUrl\":\"https:\\\/\\\/www.engagemarketing.com.br\\\/homologacao\\\/ebix\\\/wp-content\\\/uploads\\\/2024\\\/09\\\/seo-696.jpg\",\"width\":696,\"height\":696,\"caption\":\"EBIX Latin America\"},\"image\":{\"@id\":\"https:\\\/\\\/www.ebixlatinamerica.com.br\\\/#\\\/schema\\\/logo\\\/image\\\/\"},\"sameAs\":[\"https:\\\/\\\/x.com\\\/EbixLatam\",\"http:\\\/\\\/instagram.com\\\/EbixLata\",\"https:\\\/\\\/www.linkedin.com\\\/company\\\/ebix-latin-america\\\/\"]}]}<\/script>\n<!-- \/ Yoast SEO plugin. -->","yoast_head_json":{"title":"Plataforma de Gest\u00e3o para Risk Managers de Outras Ind\u00fastrias - EBIX Latin America","robots":{"index":"index","follow":"follow","max-snippet":"max-snippet:-1","max-image-preview":"max-image-preview:large","max-video-preview":"max-video-preview:-1"},"canonical":"https:\/\/www.ebixlatinamerica.com.br\/plataforma-de-gestao-de-riscos-e-seguros-para-outras-industrias\/","og_locale":"es_ES","og_type":"article","og_title":"Plataforma de Gest\u00e3o para Risk Managers de Outras Ind\u00fastrias - EBIX Latin America","og_description":"Gerenciar riscos e seguros contratados dentro de uma empresa de grande porte, em diversos verticais tais como nas \u00e1reas de utilities, agroneg\u00f3cio, telecom, constru\u00e7\u00e3o civil e outras, \u00e9 uma tarefa complexa. E quando se trata da gest\u00e3o de programas de seguros, garantias, sinistros, resultados e desempenho, estamos falando de opera\u00e7\u00f5es que possuem diversos processos e &hellip; Continued","og_url":"https:\/\/www.ebixlatinamerica.com.br\/plataforma-de-gestao-de-riscos-e-seguros-para-outras-industrias\/","og_site_name":"EBIX Latin America","article_modified_time":"2025-09-30T16:48:54+00:00","og_image":[{"width":467,"height":602,"url":"https:\/\/www.ebixlatinamerica.com.br\/wp-content\/uploads\/2024\/09\/Group-8-1.png","type":"image\/png"}],"twitter_card":"summary_large_image","twitter_site":"@EbixLatam","twitter_misc":{"Tiempo de lectura":"2 minutes"},"schema":{"@context":"https:\/\/schema.org","@graph":[{"@type":"WebPage","@id":"https:\/\/www.ebixlatinamerica.com.br\/plataforma-de-gestao-de-riscos-e-seguros-para-outras-industrias\/","url":"https:\/\/www.ebixlatinamerica.com.br\/plataforma-de-gestao-de-riscos-e-seguros-para-outras-industrias\/","name":"Plataforma de Gest\u00e3o para Risk Managers de Outras Ind\u00fastrias - EBIX Latin America","isPartOf":{"@id":"https:\/\/www.ebixlatinamerica.com.br\/#website"},"primaryImageOfPage":{"@id":"https:\/\/www.ebixlatinamerica.com.br\/plataforma-de-gestao-de-riscos-e-seguros-para-outras-industrias\/#primaryimage"},"image":{"@id":"https:\/\/www.ebixlatinamerica.com.br\/plataforma-de-gestao-de-riscos-e-seguros-para-outras-industrias\/#primaryimage"},"thumbnailUrl":"https:\/\/www.ebixlatinamerica.com.br\/wp-content\/uploads\/2024\/09\/Group-8-1.png","datePublished":"2024-09-26T16:31:49+00:00","dateModified":"2025-09-30T16:48:54+00:00","breadcrumb":{"@id":"https:\/\/www.ebixlatinamerica.com.br\/plataforma-de-gestao-de-riscos-e-seguros-para-outras-industrias\/#breadcrumb"},"inLanguage":"es-ES","potentialAction":[{"@type":"ReadAction","target":["https:\/\/www.ebixlatinamerica.com.br\/plataforma-de-gestao-de-riscos-e-seguros-para-outras-industrias\/"]}]},{"@type":"ImageObject","inLanguage":"es-ES","@id":"https:\/\/www.ebixlatinamerica.com.br\/plataforma-de-gestao-de-riscos-e-seguros-para-outras-industrias\/#primaryimage","url":"https:\/\/www.ebixlatinamerica.com.br\/wp-content\/uploads\/2024\/09\/Group-8-1.png","contentUrl":"https:\/\/www.ebixlatinamerica.com.br\/wp-content\/uploads\/2024\/09\/Group-8-1.png","width":467,"height":602},{"@type":"BreadcrumbList","@id":"https:\/\/www.ebixlatinamerica.com.br\/plataforma-de-gestao-de-riscos-e-seguros-para-outras-industrias\/#breadcrumb","itemListElement":[{"@type":"ListItem","position":1,"name":"In\u00edcio","item":"https:\/\/www.ebixlatinamerica.com.br\/"},{"@type":"ListItem","position":2,"name":"Plataforma de Gest\u00e3o para Risk Managers de Outras Ind\u00fastrias"}]},{"@type":"WebSite","@id":"https:\/\/www.ebixlatinamerica.com.br\/#website","url":"https:\/\/www.ebixlatinamerica.com.br\/","name":"EBIX Latin America","description":"L\u00edder mundial em preodutos e servi\u00e7os de TI para Seguros","publisher":{"@id":"https:\/\/www.ebixlatinamerica.com.br\/#organization"},"alternateName":"EBIX","potentialAction":[{"@type":"SearchAction","target":{"@type":"EntryPoint","urlTemplate":"https:\/\/www.ebixlatinamerica.com.br\/?s={search_term_string}"},"query-input":{"@type":"PropertyValueSpecification","valueRequired":true,"valueName":"search_term_string"}}],"inLanguage":"es-ES"},{"@type":"Organization","@id":"https:\/\/www.ebixlatinamerica.com.br\/#organization","name":"EBIX Latin America","alternateName":"EBIX","url":"https:\/\/www.ebixlatinamerica.com.br\/","logo":{"@type":"ImageObject","inLanguage":"es-ES","@id":"https:\/\/www.ebixlatinamerica.com.br\/#\/schema\/logo\/image\/","url":"https:\/\/www.engagemarketing.com.br\/homologacao\/ebix\/wp-content\/uploads\/2024\/09\/seo-696.jpg","contentUrl":"https:\/\/www.engagemarketing.com.br\/homologacao\/ebix\/wp-content\/uploads\/2024\/09\/seo-696.jpg","width":696,"height":696,"caption":"EBIX Latin America"},"image":{"@id":"https:\/\/www.ebixlatinamerica.com.br\/#\/schema\/logo\/image\/"},"sameAs":["https:\/\/x.com\/EbixLatam","http:\/\/instagram.com\/EbixLata","https:\/\/www.linkedin.com\/company\/ebix-latin-america\/"]}]}},"_links":{"self":[{"href":"https:\/\/www.ebixlatinamerica.com.br\/es\/wp-json\/wp\/v2\/pages\/285","targetHints":{"allow":["GET"]}}],"collection":[{"href":"https:\/\/www.ebixlatinamerica.com.br\/es\/wp-json\/wp\/v2\/pages"}],"about":[{"href":"https:\/\/www.ebixlatinamerica.com.br\/es\/wp-json\/wp\/v2\/types\/page"}],"author":[{"embeddable":true,"href":"https:\/\/www.ebixlatinamerica.com.br\/es\/wp-json\/wp\/v2\/users\/2"}],"replies":[{"embeddable":true,"href":"https:\/\/www.ebixlatinamerica.com.br\/es\/wp-json\/wp\/v2\/comments?post=285"}],"version-history":[{"count":16,"href":"https:\/\/www.ebixlatinamerica.com.br\/es\/wp-json\/wp\/v2\/pages\/285\/revisions"}],"predecessor-version":[{"id":944,"href":"https:\/\/www.ebixlatinamerica.com.br\/es\/wp-json\/wp\/v2\/pages\/285\/revisions\/944"}],"wp:featuredmedia":[{"embeddable":true,"href":"https:\/\/www.ebixlatinamerica.com.br\/es\/wp-json\/wp\/v2\/media\/359"}],"wp:attachment":[{"href":"https:\/\/www.ebixlatinamerica.com.br\/es\/wp-json\/wp\/v2\/media?parent=285"}],"curies":[{"name":"wp","href":"https:\/\/api.w.org\/{rel}","templated":true}]}}