{"id":448,"date":"2024-10-09T13:46:12","date_gmt":"2024-10-09T16:46:12","guid":{"rendered":"https:\/\/www.engagemarketing.com.br\/homologacao\/ebix\/?page_id=448"},"modified":"2025-09-30T12:25:50","modified_gmt":"2025-09-30T15:25:50","slug":"plataforma-digital-de-nuevos-negocios-en-seguro-garantia","status":"publish","type":"page","link":"https:\/\/www.ebixlatinamerica.com.br\/es\/plataforma-digital-de-nuevos-negocios-en-seguro-garantia\/","title":{"rendered":"Plataforma digital de nuevos negocios en seguro garant\u00eda","raw":"Plataforma digital de nuevos negocios en seguro garant\u00eda"},"content":{"rendered":"<p>Una soluci\u00f3n robusta y sofisticada, enfocada en ventas en l\u00ednea y totalmente parametrizable.<\/p>\n<p>La Plataforma Digital de Nuevos Negocios para Seguro Garant\u00eda es un sistema de gesti\u00f3n de venta de seguros destinado a corredoras y aseguradoras, dise\u00f1ado para acelerar el cierre de nuevos negocios con resultados r\u00e1pidos y medibles.<\/p>\n<h4>Para Corredoras de Seguros:<\/h4>\n<p>La plataforma est\u00e1 integrada con diversas aseguradoras, permitiendo la emisi\u00f3n en l\u00ednea de seguros de garant\u00eda. El sistema compara las condiciones comerciales, facilitando la selecci\u00f3n de la aseguradora para la emisi\u00f3n de la p\u00f3liza, cubriendo todas las modalidades aprobadas para comercializaci\u00f3n de acuerdo con las directrices de la SUSEP (\u00d3rgano responsable de la autorizaci\u00f3n, control y supervisi\u00f3n de los mercados locales de seguros).<\/p>\n<p>La plataforma permite que diferentes tipos de usuarios, como Corredores, Socios Comerciales, Tomadores, Bufetes de Abogados, entre otros, accedan al sistema. Los permisos de uso son gestionados por el administrador de la plataforma, con total flexibilidad en la parametrizaci\u00f3n de los perfiles de acceso, sin l\u00edmite de usuarios.<\/p>\n<p>Con una pol\u00edtica de gobernanza s\u00f3lida, la plataforma monitorea continuamente las integraciones con las aseguradoras, permitiendo una emisi\u00f3n r\u00e1pida de p\u00f3lizas y garantizando eficiencia a trav\u00e9s de:<\/p>\n<ul>\n<li>Monitoreo constante de las conexiones<\/li>\n<li>Reuniones peri\u00f3dicas con aseguradoras<\/li>\n<li>Pruebas continuas<\/li>\n<li>Mensajes claros para los usuarios<\/li>\n<li>Flujos alternativos en los procesos de cotizaci\u00f3n<\/li>\n<\/ul>\n","protected":false,"raw":"<p>Una soluci\u00f3n robusta y sofisticada, enfocada en ventas en l\u00ednea y totalmente parametrizable.<\/p>\r\n<p>La Plataforma Digital de Nuevos Negocios para Seguro Garant\u00eda es un sistema de gesti\u00f3n de venta de seguros destinado a corredoras y aseguradoras, dise\u00f1ado para acelerar el cierre de nuevos negocios con resultados r\u00e1pidos y medibles.<\/p>\r\n<h4>Para Corredoras de Seguros:<\/h4>\r\n<p>La plataforma est\u00e1 integrada con diversas aseguradoras, permitiendo la emisi\u00f3n en l\u00ednea de seguros de garant\u00eda. El sistema compara las condiciones comerciales, facilitando la selecci\u00f3n de la aseguradora para la emisi\u00f3n de la p\u00f3liza, cubriendo todas las modalidades aprobadas para comercializaci\u00f3n de acuerdo con las directrices de la SUSEP (\u00d3rgano responsable de la autorizaci\u00f3n, control y supervisi\u00f3n de los mercados locales de seguros).<\/p>\r\n<p>La plataforma permite que diferentes tipos de usuarios, como Corredores, Socios Comerciales, Tomadores, Bufetes de Abogados, entre otros, accedan al sistema. Los permisos de uso son gestionados por el administrador de la plataforma, con total flexibilidad en la parametrizaci\u00f3n de los perfiles de acceso, sin l\u00edmite de usuarios.<\/p>\r\n<p>Con una pol\u00edtica de gobernanza s\u00f3lida, la plataforma monitorea continuamente las integraciones con las aseguradoras, permitiendo una emisi\u00f3n r\u00e1pida de p\u00f3lizas y garantizando eficiencia a trav\u00e9s de:<\/p>\r\n<ul>\r\n<li>Monitoreo constante de las conexiones<\/li>\r\n<li>Reuniones peri\u00f3dicas con aseguradoras<\/li>\r\n<li>Pruebas continuas<\/li>\r\n<li>Mensajes claros para los usuarios<\/li>\r\n<li>Flujos alternativos en los procesos de cotizaci\u00f3n<\/li>\r\n<\/ul>"},"excerpt":{"rendered":"","protected":false,"raw":""},"author":2,"featured_media":455,"parent":0,"menu_order":0,"comment_status":"closed","ping_status":"closed","template":"page-para-seguradoras.php","meta":{"_pt_post_content":"<!-- wp:heading {\"level\":3,\"className\":\"title title\\u002d\\u002dxs\"} -->\r\n<h3 class=\"wp-block-heading title title--xs\">Solu\u00e7\u00e3o robusta e sofisticada, focada em vendas online e totalmente parametriz\u00e1vel<\/h3>\r\n<!-- \/wp:heading -->\r\n\r\n<!-- wp:paragraph -->\r\n<p>A Plataforma Digital de Novos Neg\u00f3cios para Seguro Garantia \u00e9 um sistema de gest\u00e3o de venda de seguros direcionado para corretoras de seguros e seguradoras interessadas em agilizar o fechamento de novos neg\u00f3cios. Um importante acelerador para os neg\u00f3cios, com resultados r\u00e1pidos e mensur\u00e1veis.<\/p>\r\n<!-- \/wp:paragraph -->\r\n\r\n<!-- wp:heading {\"level\":4} -->\r\n<h4 class=\"wp-block-heading\">Para Corretoras de Seguros:<\/h4>\r\n<!-- \/wp:heading -->\r\n\r\n<!-- wp:paragraph -->\r\n<p>A solu\u00e7\u00e3o \u00e9 integrada com diversas seguradoras para emiss\u00e3o online de seguro garantia. O comparativo com as condi\u00e7\u00f5es comerciais \u00e9 apresentado para sele\u00e7\u00e3o da seguradora que far\u00e1 a emiss\u00e3o da ap\u00f3lice, atendendo a todas as modalidades aprovadas para comercializa\u00e7\u00e3o, seguindo das diretrizes da SUSEP (\u00d3rg\u00e3o respons\u00e1vel pela autoriza\u00e7\u00e3o, controle e fiscaliza\u00e7\u00e3o dos mercados de seguros local).<\/p>\r\n<!-- \/wp:paragraph -->\r\n\r\n<!-- wp:paragraph -->\r\n<p>A Plataforma permite liberar o acesso a diversos tipos de usu\u00e1rios, como Corretores, Parceiros Comerciais, Tomadores, Escrit\u00f3rios de Advocacia e demais perfis que possam ter intera\u00e7\u00e3o de neg\u00f3cios. As permiss\u00f5es para utiliza\u00e7\u00e3o s\u00e3o cadastradas pelo gestor da Plataforma, com a parametriza\u00e7\u00e3o dos perfis de acesso e sem limita\u00e7\u00e3o de usu\u00e1rios.<\/p>\r\n<!-- \/wp:paragraph -->\r\n\r\n<!-- wp:paragraph -->\r\n<p>Com uma pol\u00edtica robusta de governan\u00e7a junto \u00e0s seguradoras para monitorar o funcionamento das integra\u00e7\u00f5es, permitimos que a emiss\u00e3o seja conclu\u00edda pelo usu\u00e1rio em tempo recorde. A Ebix acompanha este processo de perto atrav\u00e9s de:<\/p>\r\n<!-- \/wp:paragraph -->\r\n\r\n<!-- wp:list -->\r\n<ul class=\"wp-block-list\"><!-- wp:list-item -->\r\n<li>Monitoramento das conex\u00f5es<\/li>\r\n<!-- \/wp:list-item -->\r\n\r\n<!-- wp:list-item -->\r\n<li>Reuni\u00f5es peri\u00f3dicas com o mercado segurador<\/li>\r\n<!-- \/wp:list-item -->\r\n\r\n<!-- wp:list-item -->\r\n<li>Testes cont\u00ednuos<\/li>\r\n<!-- \/wp:list-item -->\r\n\r\n<!-- wp:list-item -->\r\n<li>Mensagens claras para o usu\u00e1rio<\/li>\r\n<!-- \/wp:list-item -->\r\n\r\n<!-- wp:list-item -->\r\n<li>Fluxos alternativos nos processos de cota\u00e7\u00e3o<\/li>\r\n<!-- \/wp:list-item --><\/ul>\r\n<!-- \/wp:list -->","_pt_post_name":"plataforma-digital-de-novos-negocios-para-seguro-garantia","_pt_post_excerpt":"","_pt_post_title":"Plataforma Digital de Novos Neg\u00f3cios para Seguro Garantia","_es_post_content":"<p>Una soluci\u00f3n robusta y sofisticada, enfocada en ventas en l\u00ednea y totalmente parametrizable.<\/p>\r\n<p>La Plataforma Digital de Nuevos Negocios para Seguro Garant\u00eda es un sistema de gesti\u00f3n de venta de seguros destinado a corredoras y aseguradoras, dise\u00f1ado para acelerar el cierre de nuevos negocios con resultados r\u00e1pidos y medibles.<\/p>\r\n<h4>Para Corredoras de Seguros:<\/h4>\r\n<p>La plataforma est\u00e1 integrada con diversas aseguradoras, permitiendo la emisi\u00f3n en l\u00ednea de seguros de garant\u00eda. El sistema compara las condiciones comerciales, facilitando la selecci\u00f3n de la aseguradora para la emisi\u00f3n de la p\u00f3liza, cubriendo todas las modalidades aprobadas para comercializaci\u00f3n de acuerdo con las directrices de la SUSEP (\u00d3rgano responsable de la autorizaci\u00f3n, control y supervisi\u00f3n de los mercados locales de seguros).<\/p>\r\n<p>La plataforma permite que diferentes tipos de usuarios, como Corredores, Socios Comerciales, Tomadores, Bufetes de Abogados, entre otros, accedan al sistema. Los permisos de uso son gestionados por el administrador de la plataforma, con total flexibilidad en la parametrizaci\u00f3n de los perfiles de acceso, sin l\u00edmite de usuarios.<\/p>\r\n<p>Con una pol\u00edtica de gobernanza s\u00f3lida, la plataforma monitorea continuamente las integraciones con las aseguradoras, permitiendo una emisi\u00f3n r\u00e1pida de p\u00f3lizas y garantizando eficiencia a trav\u00e9s de:<\/p>\r\n<ul>\r\n<li>Monitoreo constante de las conexiones<\/li>\r\n<li>Reuniones peri\u00f3dicas con aseguradoras<\/li>\r\n<li>Pruebas continuas<\/li>\r\n<li>Mensajes claros para los usuarios<\/li>\r\n<li>Flujos alternativos en los procesos de cotizaci\u00f3n<\/li>\r\n<\/ul>","_es_post_name":"plataforma-digital-de-nuevos-negocios-en-seguro-garantia","_es_post_excerpt":"","_es_post_title":"Plataforma digital de nuevos negocios en seguro garant\u00eda","_en_post_content":"<h3 class=\"title title--xs\">Robust and sophisticated solution, focused on online sales and fully customizable<\/h3>\r\n<p>The Digital Platform for New Business in Surety Insurance is a management system for selling insurance aimed at insurance brokers and insurers interested in streamlining the closing of new business. An important accelerator for business, delivering fast and measurable results.<\/p>\r\n<h3 class=\"title title--xs\">For Insurers:<\/h3>\r\n<p>With the creation of new products for commercialization in record time, the sophistication and cutting-edge intelligence of the platform allow online publication and, within minutes, policies accessible through multiple distribution channels, including directly from the policyholder:<\/p>\r\n<ul>\r\n<li>Risk Underwriting Intelligence<\/li>\r\n<li>Governance and Business Rules Registry<\/li>\r\n<li>Credit Analysis<\/li>\r\n<li>Distinct hierarchies for Economic Groups, to serve different types of companies and clients<\/li>\r\n<\/ul>","_en_post_name":"digital-platform-for-new-business-in-surety-insurance","_en_post_excerpt":"","_en_post_title":"Digital Platform for New Business in Surety Insurance","edit_language":"es","footnotes":""},"class_list":["post-448","page","type-page","status-publish","has-post-thumbnail","hentry"],"acf":[],"yoast_head":"<!-- This site is optimized with the Yoast SEO plugin v27.3 - https:\/\/yoast.com\/product\/yoast-seo-wordpress\/ -->\n<title>Plataforma Digital de Novos Neg\u00f3cios para Seguro Garantia<\/title>\n<meta name=\"description\" content=\"Plataforma Digital de Novos Neg\u00f3cios para Seguro Garantia. Solu\u00e7\u00e3o robusta e sofisticada, focada em vendas online e totalmente parametriz\u00e1vel\" \/>\n<meta name=\"robots\" content=\"index, follow, max-snippet:-1, max-image-preview:large, max-video-preview:-1\" \/>\n<link rel=\"canonical\" href=\"https:\/\/www.ebixlatinamerica.com.br\/plataforma-digital-de-novos-negocios-para-seguro-garantia\/\" \/>\n<meta property=\"og:locale\" content=\"es_ES\" \/>\n<meta property=\"og:type\" content=\"article\" \/>\n<meta property=\"og:title\" content=\"Plataforma Digital de Novos Neg\u00f3cios para Seguro Garantia\" \/>\n<meta property=\"og:description\" content=\"Plataforma Digital de Novos Neg\u00f3cios para Seguro Garantia. Solu\u00e7\u00e3o robusta e sofisticada, focada em vendas online e totalmente parametriz\u00e1vel\" \/>\n<meta property=\"og:url\" content=\"https:\/\/www.ebixlatinamerica.com.br\/plataforma-digital-de-novos-negocios-para-seguro-garantia\/\" \/>\n<meta property=\"og:site_name\" content=\"EBIX Latin America\" \/>\n<meta property=\"article:modified_time\" content=\"2025-09-30T15:25:50+00:00\" \/>\n<meta property=\"og:image\" content=\"https:\/\/www.ebixlatinamerica.com.br\/wp-content\/uploads\/2024\/10\/Group-10.png\" \/>\n\t<meta property=\"og:image:width\" content=\"467\" \/>\n\t<meta property=\"og:image:height\" content=\"602\" \/>\n\t<meta property=\"og:image:type\" content=\"image\/png\" \/>\n<meta name=\"twitter:card\" content=\"summary_large_image\" \/>\n<meta name=\"twitter:site\" content=\"@EbixLatam\" \/>\n<meta name=\"twitter:label1\" content=\"Tiempo de lectura\" \/>\n\t<meta name=\"twitter:data1\" content=\"2 minutes\" \/>\n<script type=\"application\/ld+json\" class=\"yoast-schema-graph\">{\"@context\":\"https:\\\/\\\/schema.org\",\"@graph\":[{\"@type\":\"WebPage\",\"@id\":\"https:\\\/\\\/www.ebixlatinamerica.com.br\\\/plataforma-digital-de-novos-negocios-para-seguro-garantia\\\/\",\"url\":\"https:\\\/\\\/www.ebixlatinamerica.com.br\\\/plataforma-digital-de-novos-negocios-para-seguro-garantia\\\/\",\"name\":\"Plataforma Digital de Novos Neg\u00f3cios para Seguro Garantia\",\"isPartOf\":{\"@id\":\"https:\\\/\\\/www.ebixlatinamerica.com.br\\\/#website\"},\"primaryImageOfPage\":{\"@id\":\"https:\\\/\\\/www.ebixlatinamerica.com.br\\\/plataforma-digital-de-novos-negocios-para-seguro-garantia\\\/#primaryimage\"},\"image\":{\"@id\":\"https:\\\/\\\/www.ebixlatinamerica.com.br\\\/plataforma-digital-de-novos-negocios-para-seguro-garantia\\\/#primaryimage\"},\"thumbnailUrl\":\"https:\\\/\\\/www.ebixlatinamerica.com.br\\\/wp-content\\\/uploads\\\/2024\\\/10\\\/Group-10.png\",\"datePublished\":\"2024-10-09T16:46:12+00:00\",\"dateModified\":\"2025-09-30T15:25:50+00:00\",\"description\":\"Plataforma Digital de Novos Neg\u00f3cios para Seguro Garantia. Solu\u00e7\u00e3o robusta e sofisticada, focada em vendas online e totalmente parametriz\u00e1vel\",\"breadcrumb\":{\"@id\":\"https:\\\/\\\/www.ebixlatinamerica.com.br\\\/plataforma-digital-de-novos-negocios-para-seguro-garantia\\\/#breadcrumb\"},\"inLanguage\":\"es-ES\",\"potentialAction\":[{\"@type\":\"ReadAction\",\"target\":[\"https:\\\/\\\/www.ebixlatinamerica.com.br\\\/plataforma-digital-de-novos-negocios-para-seguro-garantia\\\/\"]}]},{\"@type\":\"ImageObject\",\"inLanguage\":\"es-ES\",\"@id\":\"https:\\\/\\\/www.ebixlatinamerica.com.br\\\/plataforma-digital-de-novos-negocios-para-seguro-garantia\\\/#primaryimage\",\"url\":\"https:\\\/\\\/www.ebixlatinamerica.com.br\\\/wp-content\\\/uploads\\\/2024\\\/10\\\/Group-10.png\",\"contentUrl\":\"https:\\\/\\\/www.ebixlatinamerica.com.br\\\/wp-content\\\/uploads\\\/2024\\\/10\\\/Group-10.png\",\"width\":467,\"height\":602},{\"@type\":\"BreadcrumbList\",\"@id\":\"https:\\\/\\\/www.ebixlatinamerica.com.br\\\/plataforma-digital-de-novos-negocios-para-seguro-garantia\\\/#breadcrumb\",\"itemListElement\":[{\"@type\":\"ListItem\",\"position\":1,\"name\":\"In\u00edcio\",\"item\":\"https:\\\/\\\/www.ebixlatinamerica.com.br\\\/\"},{\"@type\":\"ListItem\",\"position\":2,\"name\":\"Plataforma Digital de Novos Neg\u00f3cios para Seguro Garantia\"}]},{\"@type\":\"WebSite\",\"@id\":\"https:\\\/\\\/www.ebixlatinamerica.com.br\\\/#website\",\"url\":\"https:\\\/\\\/www.ebixlatinamerica.com.br\\\/\",\"name\":\"EBIX Latin America\",\"description\":\"L\u00edder mundial em preodutos e servi\u00e7os de TI para Seguros\",\"publisher\":{\"@id\":\"https:\\\/\\\/www.ebixlatinamerica.com.br\\\/#organization\"},\"alternateName\":\"EBIX\",\"potentialAction\":[{\"@type\":\"SearchAction\",\"target\":{\"@type\":\"EntryPoint\",\"urlTemplate\":\"https:\\\/\\\/www.ebixlatinamerica.com.br\\\/?s={search_term_string}\"},\"query-input\":{\"@type\":\"PropertyValueSpecification\",\"valueRequired\":true,\"valueName\":\"search_term_string\"}}],\"inLanguage\":\"es-ES\"},{\"@type\":\"Organization\",\"@id\":\"https:\\\/\\\/www.ebixlatinamerica.com.br\\\/#organization\",\"name\":\"EBIX Latin America\",\"alternateName\":\"EBIX\",\"url\":\"https:\\\/\\\/www.ebixlatinamerica.com.br\\\/\",\"logo\":{\"@type\":\"ImageObject\",\"inLanguage\":\"es-ES\",\"@id\":\"https:\\\/\\\/www.ebixlatinamerica.com.br\\\/#\\\/schema\\\/logo\\\/image\\\/\",\"url\":\"https:\\\/\\\/www.engagemarketing.com.br\\\/homologacao\\\/ebix\\\/wp-content\\\/uploads\\\/2024\\\/09\\\/seo-696.jpg\",\"contentUrl\":\"https:\\\/\\\/www.engagemarketing.com.br\\\/homologacao\\\/ebix\\\/wp-content\\\/uploads\\\/2024\\\/09\\\/seo-696.jpg\",\"width\":696,\"height\":696,\"caption\":\"EBIX Latin America\"},\"image\":{\"@id\":\"https:\\\/\\\/www.ebixlatinamerica.com.br\\\/#\\\/schema\\\/logo\\\/image\\\/\"},\"sameAs\":[\"https:\\\/\\\/x.com\\\/EbixLatam\",\"http:\\\/\\\/instagram.com\\\/EbixLata\",\"https:\\\/\\\/www.linkedin.com\\\/company\\\/ebix-latin-america\\\/\"]}]}<\/script>\n<!-- \/ Yoast SEO plugin. -->","yoast_head_json":{"title":"Plataforma Digital de Novos Neg\u00f3cios para Seguro Garantia","description":"Plataforma Digital de Novos Neg\u00f3cios para Seguro Garantia. Solu\u00e7\u00e3o robusta e sofisticada, focada em vendas online e totalmente parametriz\u00e1vel","robots":{"index":"index","follow":"follow","max-snippet":"max-snippet:-1","max-image-preview":"max-image-preview:large","max-video-preview":"max-video-preview:-1"},"canonical":"https:\/\/www.ebixlatinamerica.com.br\/plataforma-digital-de-novos-negocios-para-seguro-garantia\/","og_locale":"es_ES","og_type":"article","og_title":"Plataforma Digital de Novos Neg\u00f3cios para Seguro Garantia","og_description":"Plataforma Digital de Novos Neg\u00f3cios para Seguro Garantia. Solu\u00e7\u00e3o robusta e sofisticada, focada em vendas online e totalmente parametriz\u00e1vel","og_url":"https:\/\/www.ebixlatinamerica.com.br\/plataforma-digital-de-novos-negocios-para-seguro-garantia\/","og_site_name":"EBIX Latin America","article_modified_time":"2025-09-30T15:25:50+00:00","og_image":[{"width":467,"height":602,"url":"https:\/\/www.ebixlatinamerica.com.br\/wp-content\/uploads\/2024\/10\/Group-10.png","type":"image\/png"}],"twitter_card":"summary_large_image","twitter_site":"@EbixLatam","twitter_misc":{"Tiempo de lectura":"2 minutes"},"schema":{"@context":"https:\/\/schema.org","@graph":[{"@type":"WebPage","@id":"https:\/\/www.ebixlatinamerica.com.br\/plataforma-digital-de-novos-negocios-para-seguro-garantia\/","url":"https:\/\/www.ebixlatinamerica.com.br\/plataforma-digital-de-novos-negocios-para-seguro-garantia\/","name":"Plataforma Digital de Novos Neg\u00f3cios para Seguro Garantia","isPartOf":{"@id":"https:\/\/www.ebixlatinamerica.com.br\/#website"},"primaryImageOfPage":{"@id":"https:\/\/www.ebixlatinamerica.com.br\/plataforma-digital-de-novos-negocios-para-seguro-garantia\/#primaryimage"},"image":{"@id":"https:\/\/www.ebixlatinamerica.com.br\/plataforma-digital-de-novos-negocios-para-seguro-garantia\/#primaryimage"},"thumbnailUrl":"https:\/\/www.ebixlatinamerica.com.br\/wp-content\/uploads\/2024\/10\/Group-10.png","datePublished":"2024-10-09T16:46:12+00:00","dateModified":"2025-09-30T15:25:50+00:00","description":"Plataforma Digital de Novos Neg\u00f3cios para Seguro Garantia. Solu\u00e7\u00e3o robusta e sofisticada, focada em vendas online e totalmente parametriz\u00e1vel","breadcrumb":{"@id":"https:\/\/www.ebixlatinamerica.com.br\/plataforma-digital-de-novos-negocios-para-seguro-garantia\/#breadcrumb"},"inLanguage":"es-ES","potentialAction":[{"@type":"ReadAction","target":["https:\/\/www.ebixlatinamerica.com.br\/plataforma-digital-de-novos-negocios-para-seguro-garantia\/"]}]},{"@type":"ImageObject","inLanguage":"es-ES","@id":"https:\/\/www.ebixlatinamerica.com.br\/plataforma-digital-de-novos-negocios-para-seguro-garantia\/#primaryimage","url":"https:\/\/www.ebixlatinamerica.com.br\/wp-content\/uploads\/2024\/10\/Group-10.png","contentUrl":"https:\/\/www.ebixlatinamerica.com.br\/wp-content\/uploads\/2024\/10\/Group-10.png","width":467,"height":602},{"@type":"BreadcrumbList","@id":"https:\/\/www.ebixlatinamerica.com.br\/plataforma-digital-de-novos-negocios-para-seguro-garantia\/#breadcrumb","itemListElement":[{"@type":"ListItem","position":1,"name":"In\u00edcio","item":"https:\/\/www.ebixlatinamerica.com.br\/"},{"@type":"ListItem","position":2,"name":"Plataforma Digital de Novos Neg\u00f3cios para Seguro Garantia"}]},{"@type":"WebSite","@id":"https:\/\/www.ebixlatinamerica.com.br\/#website","url":"https:\/\/www.ebixlatinamerica.com.br\/","name":"EBIX Latin America","description":"L\u00edder mundial em preodutos e servi\u00e7os de TI para Seguros","publisher":{"@id":"https:\/\/www.ebixlatinamerica.com.br\/#organization"},"alternateName":"EBIX","potentialAction":[{"@type":"SearchAction","target":{"@type":"EntryPoint","urlTemplate":"https:\/\/www.ebixlatinamerica.com.br\/?s={search_term_string}"},"query-input":{"@type":"PropertyValueSpecification","valueRequired":true,"valueName":"search_term_string"}}],"inLanguage":"es-ES"},{"@type":"Organization","@id":"https:\/\/www.ebixlatinamerica.com.br\/#organization","name":"EBIX Latin America","alternateName":"EBIX","url":"https:\/\/www.ebixlatinamerica.com.br\/","logo":{"@type":"ImageObject","inLanguage":"es-ES","@id":"https:\/\/www.ebixlatinamerica.com.br\/#\/schema\/logo\/image\/","url":"https:\/\/www.engagemarketing.com.br\/homologacao\/ebix\/wp-content\/uploads\/2024\/09\/seo-696.jpg","contentUrl":"https:\/\/www.engagemarketing.com.br\/homologacao\/ebix\/wp-content\/uploads\/2024\/09\/seo-696.jpg","width":696,"height":696,"caption":"EBIX Latin America"},"image":{"@id":"https:\/\/www.ebixlatinamerica.com.br\/#\/schema\/logo\/image\/"},"sameAs":["https:\/\/x.com\/EbixLatam","http:\/\/instagram.com\/EbixLata","https:\/\/www.linkedin.com\/company\/ebix-latin-america\/"]}]}},"_links":{"self":[{"href":"https:\/\/www.ebixlatinamerica.com.br\/es\/wp-json\/wp\/v2\/pages\/448","targetHints":{"allow":["GET"]}}],"collection":[{"href":"https:\/\/www.ebixlatinamerica.com.br\/es\/wp-json\/wp\/v2\/pages"}],"about":[{"href":"https:\/\/www.ebixlatinamerica.com.br\/es\/wp-json\/wp\/v2\/types\/page"}],"author":[{"embeddable":true,"href":"https:\/\/www.ebixlatinamerica.com.br\/es\/wp-json\/wp\/v2\/users\/2"}],"replies":[{"embeddable":true,"href":"https:\/\/www.ebixlatinamerica.com.br\/es\/wp-json\/wp\/v2\/comments?post=448"}],"version-history":[{"count":14,"href":"https:\/\/www.ebixlatinamerica.com.br\/es\/wp-json\/wp\/v2\/pages\/448\/revisions"}],"predecessor-version":[{"id":938,"href":"https:\/\/www.ebixlatinamerica.com.br\/es\/wp-json\/wp\/v2\/pages\/448\/revisions\/938"}],"wp:featuredmedia":[{"embeddable":true,"href":"https:\/\/www.ebixlatinamerica.com.br\/es\/wp-json\/wp\/v2\/media\/455"}],"wp:attachment":[{"href":"https:\/\/www.ebixlatinamerica.com.br\/es\/wp-json\/wp\/v2\/media?parent=448"}],"curies":[{"name":"wp","href":"https:\/\/api.w.org\/{rel}","templated":true}]}}