{"id":746,"date":"2025-05-13T16:46:00","date_gmt":"2025-05-13T19:46:00","guid":{"rendered":"https:\/\/engagemarketing.com.br\/homologacao\/ebix_v2\/?page_id=746"},"modified":"2025-09-30T11:56:51","modified_gmt":"2025-09-30T14:56:51","slug":"ebix-evolution","status":"publish","type":"page","link":"https:\/\/www.ebixlatinamerica.com.br\/es\/ebix-evolution\/","title":{"rendered":"","raw":""},"content":{"rendered":"<h3 class=\"title title--xs\">EBIX EVOLUTION \u2013 Sistema Integrado para la Gesti\u00f3n de Corredoras de Seguros<\/h3>\n<p><strong>Ebix Evolution<\/strong> es una soluci\u00f3n integral para la gesti\u00f3n de corredoras de seguros de gran porte, que ofrece control total sobre la cartera de clientes, ventas, producci\u00f3n y desempe\u00f1o operativo. Con una plataforma robusta e intuitiva, permite optimizar procesos, gestionar comisiones y monitorear estrat\u00e9gicamente cada punto de venta.<\/p>\n","protected":false,"raw":"<h3 class=\"title title--xs\">EBIX EVOLUTION \u2013 Sistema Integrado para la Gesti\u00f3n de Corredoras de Seguros<\/h3>\r\n<strong>Ebix Evolution<\/strong> es una soluci\u00f3n integral para la gesti\u00f3n de corredoras de seguros de gran porte, que ofrece control total sobre la cartera de clientes, ventas, producci\u00f3n y desempe\u00f1o operativo. Con una plataforma robusta e intuitiva, permite optimizar procesos, gestionar comisiones y monitorear estrat\u00e9gicamente cada punto de venta."},"excerpt":{"rendered":"","protected":false,"raw":""},"author":2,"featured_media":763,"parent":0,"menu_order":0,"comment_status":"closed","ping_status":"closed","template":"page-para-seguradoras.php","meta":{"_pt_post_content":"<h3 class=\"wp-block-heading title title--xs\">Sistema Integrado para Gest\u00e3o de Corretora de Seguros<\/h3>\r\nO Ebix Evolution \u00e9 uma solu\u00e7\u00e3o completa para a gest\u00e3o de corretoras de seguros de grande porte, oferecendo controle total sobre sua carteira de clientes, vendas, produ\u00e7\u00e3o e desempenho operacional. Com uma plataforma robusta e intuitiva, permite otimizar processos, gerenciar comiss\u00f5es e monitorar cada ponto de venda de forma estrat\u00e9gica.","_pt_post_name":"ebix-evolution","_pt_post_excerpt":"","_pt_post_title":"Ebix Evolution","_es_post_content":"<h3 class=\"title title--xs\">EBIX EVOLUTION \u2013 Sistema Integrado para la Gesti\u00f3n de Corredoras de Seguros<\/h3>\r\n<strong>Ebix Evolution<\/strong> es una soluci\u00f3n integral para la gesti\u00f3n de corredoras de seguros de gran porte, que ofrece control total sobre la cartera de clientes, ventas, producci\u00f3n y desempe\u00f1o operativo. Con una plataforma robusta e intuitiva, permite optimizar procesos, gestionar comisiones y monitorear estrat\u00e9gicamente cada punto de venta.","_es_post_name":"ebix-evolution","_es_post_excerpt":"","_es_post_title":"","_en_post_content":"<h3 class=\"title title--xs\">Integrated System for Insurance Brokerage Management<\/h3>\r\nEbix Evolution is a complete solution for managing large insurance brokerages, offering full control over your client portfolio, sales, production, and operational performance.\r\nWith a robust and intuitive platform, it allows you to optimize processes, manage commissions, and monitor every sales point strategically.","_en_post_name":"ebix-evolution","_en_post_excerpt":"","_en_post_title":"","edit_language":"es","footnotes":""},"class_list":["post-746","page","type-page","status-publish","has-post-thumbnail","hentry"],"acf":[],"yoast_head":"<!-- This site is optimized with the Yoast SEO plugin v27.3 - https:\/\/yoast.com\/product\/yoast-seo-wordpress\/ -->\n<title>Ebix Evolution - EBIX Latin America<\/title>\n<meta name=\"robots\" content=\"index, follow, max-snippet:-1, max-image-preview:large, max-video-preview:-1\" \/>\n<link rel=\"canonical\" href=\"https:\/\/www.ebixlatinamerica.com.br\/ebix-evolution\/\" \/>\n<meta property=\"og:locale\" content=\"es_ES\" \/>\n<meta property=\"og:type\" content=\"article\" \/>\n<meta property=\"og:title\" content=\"Ebix Evolution - EBIX Latin America\" \/>\n<meta property=\"og:description\" content=\"EBIX EVOLUTION \u2013 Sistema Integrado para la Gesti\u00f3n de Corredoras de Seguros Ebix Evolution es una soluci\u00f3n integral para la gesti\u00f3n de corredoras de seguros de gran porte, que ofrece control total sobre la cartera de clientes, ventas, producci\u00f3n y desempe\u00f1o operativo. Con una plataforma robusta e intuitiva, permite optimizar procesos, gestionar comisiones y monitorear &hellip; Continued\" \/>\n<meta property=\"og:url\" content=\"https:\/\/www.ebixlatinamerica.com.br\/ebix-evolution\/\" \/>\n<meta property=\"og:site_name\" content=\"EBIX Latin America\" \/>\n<meta property=\"article:modified_time\" content=\"2025-09-30T14:56:51+00:00\" \/>\n<meta property=\"og:image\" content=\"https:\/\/www.ebixlatinamerica.com.br\/wp-content\/uploads\/2025\/05\/cover-ebix-evolution2.png\" \/>\n\t<meta property=\"og:image:width\" content=\"467\" \/>\n\t<meta property=\"og:image:height\" content=\"433\" \/>\n\t<meta property=\"og:image:type\" content=\"image\/png\" \/>\n<meta name=\"twitter:card\" content=\"summary_large_image\" \/>\n<meta name=\"twitter:site\" content=\"@EbixLatam\" \/>\n<meta name=\"twitter:label1\" content=\"Tiempo de lectura\" \/>\n\t<meta name=\"twitter:data1\" content=\"1 minute\" \/>\n<script type=\"application\/ld+json\" class=\"yoast-schema-graph\">{\"@context\":\"https:\\\/\\\/schema.org\",\"@graph\":[{\"@type\":\"WebPage\",\"@id\":\"https:\\\/\\\/www.ebixlatinamerica.com.br\\\/ebix-evolution\\\/\",\"url\":\"https:\\\/\\\/www.ebixlatinamerica.com.br\\\/ebix-evolution\\\/\",\"name\":\"Ebix Evolution - EBIX Latin America\",\"isPartOf\":{\"@id\":\"https:\\\/\\\/www.ebixlatinamerica.com.br\\\/#website\"},\"primaryImageOfPage\":{\"@id\":\"https:\\\/\\\/www.ebixlatinamerica.com.br\\\/ebix-evolution\\\/#primaryimage\"},\"image\":{\"@id\":\"https:\\\/\\\/www.ebixlatinamerica.com.br\\\/ebix-evolution\\\/#primaryimage\"},\"thumbnailUrl\":\"https:\\\/\\\/www.ebixlatinamerica.com.br\\\/wp-content\\\/uploads\\\/2025\\\/05\\\/cover-ebix-evolution2.png\",\"datePublished\":\"2025-05-13T19:46:00+00:00\",\"dateModified\":\"2025-09-30T14:56:51+00:00\",\"breadcrumb\":{\"@id\":\"https:\\\/\\\/www.ebixlatinamerica.com.br\\\/ebix-evolution\\\/#breadcrumb\"},\"inLanguage\":\"es-ES\",\"potentialAction\":[{\"@type\":\"ReadAction\",\"target\":[\"https:\\\/\\\/www.ebixlatinamerica.com.br\\\/ebix-evolution\\\/\"]}]},{\"@type\":\"ImageObject\",\"inLanguage\":\"es-ES\",\"@id\":\"https:\\\/\\\/www.ebixlatinamerica.com.br\\\/ebix-evolution\\\/#primaryimage\",\"url\":\"https:\\\/\\\/www.ebixlatinamerica.com.br\\\/wp-content\\\/uploads\\\/2025\\\/05\\\/cover-ebix-evolution2.png\",\"contentUrl\":\"https:\\\/\\\/www.ebixlatinamerica.com.br\\\/wp-content\\\/uploads\\\/2025\\\/05\\\/cover-ebix-evolution2.png\",\"width\":467,\"height\":433},{\"@type\":\"BreadcrumbList\",\"@id\":\"https:\\\/\\\/www.ebixlatinamerica.com.br\\\/ebix-evolution\\\/#breadcrumb\",\"itemListElement\":[{\"@type\":\"ListItem\",\"position\":1,\"name\":\"In\u00edcio\",\"item\":\"https:\\\/\\\/www.ebixlatinamerica.com.br\\\/\"},{\"@type\":\"ListItem\",\"position\":2,\"name\":\"Ebix Evolution\"}]},{\"@type\":\"WebSite\",\"@id\":\"https:\\\/\\\/www.ebixlatinamerica.com.br\\\/#website\",\"url\":\"https:\\\/\\\/www.ebixlatinamerica.com.br\\\/\",\"name\":\"EBIX Latin America\",\"description\":\"L\u00edder mundial em preodutos e servi\u00e7os de TI para Seguros\",\"publisher\":{\"@id\":\"https:\\\/\\\/www.ebixlatinamerica.com.br\\\/#organization\"},\"alternateName\":\"EBIX\",\"potentialAction\":[{\"@type\":\"SearchAction\",\"target\":{\"@type\":\"EntryPoint\",\"urlTemplate\":\"https:\\\/\\\/www.ebixlatinamerica.com.br\\\/?s={search_term_string}\"},\"query-input\":{\"@type\":\"PropertyValueSpecification\",\"valueRequired\":true,\"valueName\":\"search_term_string\"}}],\"inLanguage\":\"es-ES\"},{\"@type\":\"Organization\",\"@id\":\"https:\\\/\\\/www.ebixlatinamerica.com.br\\\/#organization\",\"name\":\"EBIX Latin America\",\"alternateName\":\"EBIX\",\"url\":\"https:\\\/\\\/www.ebixlatinamerica.com.br\\\/\",\"logo\":{\"@type\":\"ImageObject\",\"inLanguage\":\"es-ES\",\"@id\":\"https:\\\/\\\/www.ebixlatinamerica.com.br\\\/#\\\/schema\\\/logo\\\/image\\\/\",\"url\":\"https:\\\/\\\/www.engagemarketing.com.br\\\/homologacao\\\/ebix\\\/wp-content\\\/uploads\\\/2024\\\/09\\\/seo-696.jpg\",\"contentUrl\":\"https:\\\/\\\/www.engagemarketing.com.br\\\/homologacao\\\/ebix\\\/wp-content\\\/uploads\\\/2024\\\/09\\\/seo-696.jpg\",\"width\":696,\"height\":696,\"caption\":\"EBIX Latin America\"},\"image\":{\"@id\":\"https:\\\/\\\/www.ebixlatinamerica.com.br\\\/#\\\/schema\\\/logo\\\/image\\\/\"},\"sameAs\":[\"https:\\\/\\\/x.com\\\/EbixLatam\",\"http:\\\/\\\/instagram.com\\\/EbixLata\",\"https:\\\/\\\/www.linkedin.com\\\/company\\\/ebix-latin-america\\\/\"]}]}<\/script>\n<!-- \/ Yoast SEO plugin. -->","yoast_head_json":{"title":"Ebix Evolution - EBIX Latin America","robots":{"index":"index","follow":"follow","max-snippet":"max-snippet:-1","max-image-preview":"max-image-preview:large","max-video-preview":"max-video-preview:-1"},"canonical":"https:\/\/www.ebixlatinamerica.com.br\/ebix-evolution\/","og_locale":"es_ES","og_type":"article","og_title":"Ebix Evolution - EBIX Latin America","og_description":"EBIX EVOLUTION \u2013 Sistema Integrado para la Gesti\u00f3n de Corredoras de Seguros Ebix Evolution es una soluci\u00f3n integral para la gesti\u00f3n de corredoras de seguros de gran porte, que ofrece control total sobre la cartera de clientes, ventas, producci\u00f3n y desempe\u00f1o operativo. Con una plataforma robusta e intuitiva, permite optimizar procesos, gestionar comisiones y monitorear &hellip; Continued","og_url":"https:\/\/www.ebixlatinamerica.com.br\/ebix-evolution\/","og_site_name":"EBIX Latin America","article_modified_time":"2025-09-30T14:56:51+00:00","og_image":[{"width":467,"height":433,"url":"https:\/\/www.ebixlatinamerica.com.br\/wp-content\/uploads\/2025\/05\/cover-ebix-evolution2.png","type":"image\/png"}],"twitter_card":"summary_large_image","twitter_site":"@EbixLatam","twitter_misc":{"Tiempo de lectura":"1 minute"},"schema":{"@context":"https:\/\/schema.org","@graph":[{"@type":"WebPage","@id":"https:\/\/www.ebixlatinamerica.com.br\/ebix-evolution\/","url":"https:\/\/www.ebixlatinamerica.com.br\/ebix-evolution\/","name":"Ebix Evolution - EBIX Latin America","isPartOf":{"@id":"https:\/\/www.ebixlatinamerica.com.br\/#website"},"primaryImageOfPage":{"@id":"https:\/\/www.ebixlatinamerica.com.br\/ebix-evolution\/#primaryimage"},"image":{"@id":"https:\/\/www.ebixlatinamerica.com.br\/ebix-evolution\/#primaryimage"},"thumbnailUrl":"https:\/\/www.ebixlatinamerica.com.br\/wp-content\/uploads\/2025\/05\/cover-ebix-evolution2.png","datePublished":"2025-05-13T19:46:00+00:00","dateModified":"2025-09-30T14:56:51+00:00","breadcrumb":{"@id":"https:\/\/www.ebixlatinamerica.com.br\/ebix-evolution\/#breadcrumb"},"inLanguage":"es-ES","potentialAction":[{"@type":"ReadAction","target":["https:\/\/www.ebixlatinamerica.com.br\/ebix-evolution\/"]}]},{"@type":"ImageObject","inLanguage":"es-ES","@id":"https:\/\/www.ebixlatinamerica.com.br\/ebix-evolution\/#primaryimage","url":"https:\/\/www.ebixlatinamerica.com.br\/wp-content\/uploads\/2025\/05\/cover-ebix-evolution2.png","contentUrl":"https:\/\/www.ebixlatinamerica.com.br\/wp-content\/uploads\/2025\/05\/cover-ebix-evolution2.png","width":467,"height":433},{"@type":"BreadcrumbList","@id":"https:\/\/www.ebixlatinamerica.com.br\/ebix-evolution\/#breadcrumb","itemListElement":[{"@type":"ListItem","position":1,"name":"In\u00edcio","item":"https:\/\/www.ebixlatinamerica.com.br\/"},{"@type":"ListItem","position":2,"name":"Ebix Evolution"}]},{"@type":"WebSite","@id":"https:\/\/www.ebixlatinamerica.com.br\/#website","url":"https:\/\/www.ebixlatinamerica.com.br\/","name":"EBIX Latin America","description":"L\u00edder mundial em preodutos e servi\u00e7os de TI para Seguros","publisher":{"@id":"https:\/\/www.ebixlatinamerica.com.br\/#organization"},"alternateName":"EBIX","potentialAction":[{"@type":"SearchAction","target":{"@type":"EntryPoint","urlTemplate":"https:\/\/www.ebixlatinamerica.com.br\/?s={search_term_string}"},"query-input":{"@type":"PropertyValueSpecification","valueRequired":true,"valueName":"search_term_string"}}],"inLanguage":"es-ES"},{"@type":"Organization","@id":"https:\/\/www.ebixlatinamerica.com.br\/#organization","name":"EBIX Latin America","alternateName":"EBIX","url":"https:\/\/www.ebixlatinamerica.com.br\/","logo":{"@type":"ImageObject","inLanguage":"es-ES","@id":"https:\/\/www.ebixlatinamerica.com.br\/#\/schema\/logo\/image\/","url":"https:\/\/www.engagemarketing.com.br\/homologacao\/ebix\/wp-content\/uploads\/2024\/09\/seo-696.jpg","contentUrl":"https:\/\/www.engagemarketing.com.br\/homologacao\/ebix\/wp-content\/uploads\/2024\/09\/seo-696.jpg","width":696,"height":696,"caption":"EBIX Latin America"},"image":{"@id":"https:\/\/www.ebixlatinamerica.com.br\/#\/schema\/logo\/image\/"},"sameAs":["https:\/\/x.com\/EbixLatam","http:\/\/instagram.com\/EbixLata","https:\/\/www.linkedin.com\/company\/ebix-latin-america\/"]}]}},"_links":{"self":[{"href":"https:\/\/www.ebixlatinamerica.com.br\/es\/wp-json\/wp\/v2\/pages\/746","targetHints":{"allow":["GET"]}}],"collection":[{"href":"https:\/\/www.ebixlatinamerica.com.br\/es\/wp-json\/wp\/v2\/pages"}],"about":[{"href":"https:\/\/www.ebixlatinamerica.com.br\/es\/wp-json\/wp\/v2\/types\/page"}],"author":[{"embeddable":true,"href":"https:\/\/www.ebixlatinamerica.com.br\/es\/wp-json\/wp\/v2\/users\/2"}],"replies":[{"embeddable":true,"href":"https:\/\/www.ebixlatinamerica.com.br\/es\/wp-json\/wp\/v2\/comments?post=746"}],"version-history":[{"count":16,"href":"https:\/\/www.ebixlatinamerica.com.br\/es\/wp-json\/wp\/v2\/pages\/746\/revisions"}],"predecessor-version":[{"id":933,"href":"https:\/\/www.ebixlatinamerica.com.br\/es\/wp-json\/wp\/v2\/pages\/746\/revisions\/933"}],"wp:featuredmedia":[{"embeddable":true,"href":"https:\/\/www.ebixlatinamerica.com.br\/es\/wp-json\/wp\/v2\/media\/763"}],"wp:attachment":[{"href":"https:\/\/www.ebixlatinamerica.com.br\/es\/wp-json\/wp\/v2\/media?parent=746"}],"curies":[{"name":"wp","href":"https:\/\/api.w.org\/{rel}","templated":true}]}}